{"id":7341,"date":"2022-03-18T10:09:40","date_gmt":"2022-03-18T08:09:40","guid":{"rendered":"https:\/\/toolhouse.fi\/produkt\/rengasrasva-5-litraa\/"},"modified":"2025-09-09T11:57:17","modified_gmt":"2025-09-09T08:57:17","slug":"rengasrasva-5-litraa","status":"publish","type":"product","link":"https:\/\/toolhouse.fi\/fi\/tuote\/rengasrasva-5-litraa\/","title":{"rendered":"Rengasrasva 5 litraa"},"content":{"rendered":"","protected":false},"excerpt":{"rendered":"<p><strong>Redats tyre mounting paste<\/strong><\/p>\n<p>&nbsp;<\/p>\n<p>Korroosiolta suojaava renkaiden asennuspasta.<br \/>\nVarmistaa renkaan sovituksen ja tiiviin istuvuuden vanteelle.<\/p>\n<p>Est\u00e4\u00e4 ruostumista ja renkaan kiinnittymist\u00e4 vanteeseen.<\/p>\n<p>Ei vahingoita rengasta eik\u00e4 \u00e4rsyt\u00e4 ihoa.<\/p>\n<p>Helpottaa renkaan asentamista.<\/p>\n<p>K\u00e4ytt\u00f6l\u00e4mp\u00f6tila -15 \u00b0C \u2013\u00a0 +50 \u00b0C<\/p>\n<p>5 litraa<\/p>\n","protected":false},"featured_media":7338,"template":"","meta":{"_acf_changed":false,"_seopress_robots_primary_cat":"","_seopress_titles_title":"","_seopress_titles_desc":"","_seopress_robots_index":""},"product_cat":[475,163],"product_tag":[],"class_list":{"0":"post-7341","1":"product","2":"type-product","3":"status-publish","4":"has-post-thumbnail","6":"product_cat-lisavarusteet-ja-varaosat","7":"product_cat-rengaskoneiden-tarvikkeet","8":"product_shipping_class-tillbehor-590e","10":"first","11":"instock","12":"taxable","13":"shipping-taxable","14":"purchasable","15":"product-type-simple","swatches":"rey-swatches","show_selected":""},"acf":[],"_links":{"self":[{"href":"https:\/\/toolhouse.fi\/fi\/wp-json\/wp\/v2\/product\/7341","targetHints":{"allow":["GET"]}}],"collection":[{"href":"https:\/\/toolhouse.fi\/fi\/wp-json\/wp\/v2\/product"}],"about":[{"href":"https:\/\/toolhouse.fi\/fi\/wp-json\/wp\/v2\/types\/product"}],"version-history":[{"count":0,"href":"https:\/\/toolhouse.fi\/fi\/wp-json\/wp\/v2\/product\/7341\/revisions"}],"wp:featuredmedia":[{"embeddable":true,"href":"https:\/\/toolhouse.fi\/fi\/wp-json\/wp\/v2\/media\/7338"}],"wp:attachment":[{"href":"https:\/\/toolhouse.fi\/fi\/wp-json\/wp\/v2\/media?parent=7341"}],"wp:term":[{"taxonomy":"product_cat","embeddable":true,"href":"https:\/\/toolhouse.fi\/fi\/wp-json\/wp\/v2\/product_cat?post=7341"},{"taxonomy":"product_tag","embeddable":true,"href":"https:\/\/toolhouse.fi\/fi\/wp-json\/wp\/v2\/product_tag?post=7341"}],"curies":[{"name":"wp","href":"https:\/\/api.w.org\/{rel}","templated":true}]}}