{"id":7361,"date":"2022-03-18T11:48:36","date_gmt":"2022-03-18T09:48:36","guid":{"rendered":"https:\/\/toolhouse.fi\/produkt\/redats-ur-45-40mm-ulkorengaspaikat\/"},"modified":"2026-01-24T00:22:11","modified_gmt":"2026-01-23T22:22:11","slug":"redats-ur-45-40mm-ulkorengaspaikat","status":"publish","type":"product","link":"https:\/\/toolhouse.fi\/fi\/tuote\/redats-ur-45-40mm-ulkorengaspaikat\/","title":{"rendered":"Redats UR-4,5 40mm ulkorengaspaikka 100kpl"},"content":{"rendered":"","protected":false},"excerpt":{"rendered":"<p class=\"heading col-md-12\">Redats UR-4,5 40mm ulkorenkaan naulanreik\u00e4paikka<\/p>\n<p class=\"heading col-md-12\">K\u00e4ytet\u00e4\u00e4n Rema Tip Top Special Cement BL:in kanssa.<\/p>\n<div><\/div>\n<div>40mm<\/div>\n<div>Pakkauskoko: 100 kpl<\/div>\n","protected":false},"featured_media":7352,"template":"","meta":{"_acf_changed":false,"_seopress_robots_primary_cat":"","_seopress_titles_title":"","_seopress_titles_desc":"","_seopress_robots_index":""},"product_cat":[162],"product_tag":[],"class_list":{"0":"post-7361","1":"product","2":"type-product","3":"status-publish","4":"has-post-thumbnail","6":"product_cat-renkaan-paikkaus","7":"product_shipping_class-tillbehor-590e","9":"first","10":"instock","11":"taxable","12":"shipping-taxable","13":"purchasable","14":"product-type-simple","swatches":"rey-swatches","show_selected":""},"acf":[],"_links":{"self":[{"href":"https:\/\/toolhouse.fi\/fi\/wp-json\/wp\/v2\/product\/7361","targetHints":{"allow":["GET"]}}],"collection":[{"href":"https:\/\/toolhouse.fi\/fi\/wp-json\/wp\/v2\/product"}],"about":[{"href":"https:\/\/toolhouse.fi\/fi\/wp-json\/wp\/v2\/types\/product"}],"version-history":[{"count":0,"href":"https:\/\/toolhouse.fi\/fi\/wp-json\/wp\/v2\/product\/7361\/revisions"}],"wp:featuredmedia":[{"embeddable":true,"href":"https:\/\/toolhouse.fi\/fi\/wp-json\/wp\/v2\/media\/7352"}],"wp:attachment":[{"href":"https:\/\/toolhouse.fi\/fi\/wp-json\/wp\/v2\/media?parent=7361"}],"wp:term":[{"taxonomy":"product_cat","embeddable":true,"href":"https:\/\/toolhouse.fi\/fi\/wp-json\/wp\/v2\/product_cat?post=7361"},{"taxonomy":"product_tag","embeddable":true,"href":"https:\/\/toolhouse.fi\/fi\/wp-json\/wp\/v2\/product_tag?post=7361"}],"curies":[{"name":"wp","href":"https:\/\/api.w.org\/{rel}","templated":true}]}}