{"id":7365,"date":"2022-03-18T12:21:02","date_gmt":"2022-03-18T10:21:02","guid":{"rendered":"https:\/\/toolhouse.fi\/?post_type=product&#038;p=7365"},"modified":"2025-09-17T16:25:53","modified_gmt":"2025-09-17T13:25:53","slug":"redats-ur-8-75mm-ulkorengaspaikka-36kpl","status":"publish","type":"product","link":"https:\/\/toolhouse.fi\/fi\/tuote\/redats-ur-8-75mm-ulkorengaspaikka-36kpl\/","title":{"rendered":"Redats UR-8 75mm ulkorengaspaikka 36kpl"},"content":{"rendered":"","protected":false},"excerpt":{"rendered":"<p class=\"heading col-md-12\">Redats UR-8 75mm ulkorenkaan naulanreik\u00e4paikka<\/p>\n<p class=\"heading col-md-12\">K\u00e4ytet\u00e4\u00e4n Rema Tip Top Special Cement BL:in kanssa.<\/p>\n<div><\/div>\n<div>75 mm<\/div>\n<div>Pakkauskoko: 36 kpl<\/div>\n","protected":false},"featured_media":7360,"template":"","meta":{"_acf_changed":false,"_seopress_robots_primary_cat":"","_seopress_titles_title":"","_seopress_titles_desc":"","_seopress_robots_index":"","_seopress_analysis_target_kw":""},"product_cat":[162],"product_tag":[],"class_list":{"0":"post-7365","1":"product","2":"type-product","3":"status-publish","4":"has-post-thumbnail","6":"product_cat-renkaan-paikkaus","7":"product_shipping_class-tillbehor-590e","9":"first","10":"instock","11":"taxable","12":"shipping-taxable","13":"purchasable","14":"product-type-simple","swatches":"rey-swatches","show_selected":""},"acf":[],"_links":{"self":[{"href":"https:\/\/toolhouse.fi\/fi\/wp-json\/wp\/v2\/product\/7365","targetHints":{"allow":["GET"]}}],"collection":[{"href":"https:\/\/toolhouse.fi\/fi\/wp-json\/wp\/v2\/product"}],"about":[{"href":"https:\/\/toolhouse.fi\/fi\/wp-json\/wp\/v2\/types\/product"}],"version-history":[{"count":0,"href":"https:\/\/toolhouse.fi\/fi\/wp-json\/wp\/v2\/product\/7365\/revisions"}],"wp:featuredmedia":[{"embeddable":true,"href":"https:\/\/toolhouse.fi\/fi\/wp-json\/wp\/v2\/media\/7360"}],"wp:attachment":[{"href":"https:\/\/toolhouse.fi\/fi\/wp-json\/wp\/v2\/media?parent=7365"}],"wp:term":[{"taxonomy":"product_cat","embeddable":true,"href":"https:\/\/toolhouse.fi\/fi\/wp-json\/wp\/v2\/product_cat?post=7365"},{"taxonomy":"product_tag","embeddable":true,"href":"https:\/\/toolhouse.fi\/fi\/wp-json\/wp\/v2\/product_tag?post=7365"}],"curies":[{"name":"wp","href":"https:\/\/api.w.org\/{rel}","templated":true}]}}