{"id":7561,"date":"2022-03-27T10:59:41","date_gmt":"2022-03-27T07:59:41","guid":{"rendered":"https:\/\/toolhouse.fi\/produkt\/icarsoft-cr-max\/"},"modified":"2026-05-04T07:55:12","modified_gmt":"2026-05-04T04:55:12","slug":"icarsoft-cr-max","status":"publish","type":"product","link":"https:\/\/toolhouse.fi\/fi\/tuote\/icarsoft-cr-max\/","title":{"rendered":"ICarsoft CR MAX"},"content":{"rendered":"<p><strong>K\u00e4ytt\u00f6j\u00e4rjestelm\u00e4<br \/>\n<\/strong>Android 8.1.0<\/p>\n<p><strong>Versio<\/strong><\/p>\n<p>V 3.0<\/p>\n<p><strong>Prosessori<\/strong><br \/>\n4 ytimet 1.3 ghz<\/p>\n<p><strong>Muisti<\/strong><br \/>\n16 gb<\/p>\n<p><strong>N\u00e4ytt\u00f6<\/strong><\/p>\n<p>7\u2033 kosketusn\u00e4ytt\u00f6 1024\u00d7600 resoluutiolla<\/p>\n<p><strong>Liit\u00e4nn\u00e4t<\/strong><br \/>\nUSB-C \/ USB-A (tarkastuskameraan) Obd ii<\/p>\n<p>Wi-fi<\/p>\n<p><strong>Akku<\/strong><\/p>\n<p>3,7 v \/ 5000mah litiumpolymeeri<\/p>\n<p>Akun kesto jatkuvalla k\u00e4yt\u00f6ll\u00e4 n. 5 tuntia<\/p>\n<p><strong>Laturi<\/strong><br \/>\n5v \/ 2a<\/p>\n<p><strong>Mitat (l * k * s)<\/strong><br \/>\n240mm*150mm*35mm<\/p>\n<p><strong>Nettopaino<\/strong><\/p>\n<p>750g<\/p>\n<p>&nbsp;<\/p>\n<h3>ICARSOFT CR MAX SIS\u00c4LT\u00d6<\/h3>\n<ul>\n<li>iCarsoft CR MAX<\/li>\n<li>Laturi<\/li>\n<li>OBDII kaapeli<\/li>\n<li>K\u00e4ytt\u00f6ohje<\/li>\n<li>Pikaohje<\/li>\n<li>Usb kaapeli<\/li>\n<li>Muovilaukku<\/li>\n<\/ul>\n<p>Takuu 12 kuukautta <img alt=\"\" fetchpriority=\"high\" decoding=\"async\" class=\"alignright wp-image-7661 \" src=\"https:\/\/toolhouse.fi\/wp-content\/uploads\/2022\/03\/icarsoft-cr-max-vikakoodinlukija.jpg\" alt=\"\" width=\"616\" height=\"825\" srcset=\"https:\/\/toolhouse.fi\/wp-content\/uploads\/2022\/03\/icarsoft-cr-max-vikakoodinlukija.jpg 712w, https:\/\/toolhouse.fi\/wp-content\/uploads\/2022\/03\/icarsoft-cr-max-vikakoodinlukija-300x402.jpg 300w, https:\/\/toolhouse.fi\/wp-content\/uploads\/2022\/03\/icarsoft-cr-max-vikakoodinlukija-510x683.jpg 510w, https:\/\/toolhouse.fi\/wp-content\/uploads\/2022\/03\/icarsoft-cr-max-vikakoodinlukija-224x300.jpg 224w, https:\/\/toolhouse.fi\/wp-content\/uploads\/2022\/03\/icarsoft-cr-max-vikakoodinlukija-400x536.jpg 400w, https:\/\/toolhouse.fi\/wp-content\/uploads\/2022\/03\/icarsoft-cr-max-vikakoodinlukija-700x938.jpg 700w\" sizes=\"(max-width: 616px) 100vw, 616px\" \/><\/p>\n<p>&nbsp;<\/p>\n","protected":false},"excerpt":{"rendered":"<h3><strong><span style=\"font-size: 100%;\">ICarsoft CR MAX vikadiagnostiikkatesteri yli 40:lle automerkille.<\/span><\/strong><\/h3>\n<p>Kattava V 3.0 monimerkkitesteri p\u00e4\u00e4sy ajoneuvon kaikkiin j\u00e4rjestelmiin, tukee my\u00f6s sopeutus ja koodaus toimintoja.<\/p>\n<p>7&#8243; kosketusn\u00e4ytt\u00f6, Wi-fi ja Android 8.1.0 j\u00e4rjestelm\u00e4.<\/p>\n<div class=\"row\">\n<div class=\"col-sm-12\">\n<div class=\"ProductPageContent__tabs\">\n<div class=\"HashTabs\">\n<div class=\"tab-content\">\n<div class=\"tab-pane active\">\n<div class=\"row\">\n<div class=\"col-12 col-lg-10\">\n<div class=\"ProductPageContent__description\">\n<div class=\"WysiwygContent\">\n<p>&nbsp;<\/p>\n<p><b>Huoltotoiminnot:<\/b><\/p>\n<ul>\n<li>Kattava OBD sopeutus\/opetus<\/li>\n<li>Akun koodaus (BMS)<\/li>\n<li>S\u00e4hk\u00f6isen k\u00e4sijarrun huolto (auki-\/kiinniajo) (EPB)<\/li>\n<li>Ohjauskulma-anturin kalibrointi (SAS)<\/li>\n<li>Kaasul\u00e4p\u00e4n sopeutus\/opetus (ETC)<\/li>\n<li>Hiukkassuodattimen regenerointi (DPF)<\/li>\n<li>Akun rekister\u00f6inti\/koodaus (BMS)<\/li>\n<li>ABS jarrujen ilmaus (ABS Bleeding)<\/li>\n<li>Ruiskusuuttimien koodaus (Injector coding)<\/li>\n<li>Rengaspaine anturien koodaus, s\u00e4\u00e4t\u00f6 (TPMS)<\/li>\n<li>Ilmajousituksen hallinta\/s\u00e4\u00e4t\u00f6 (Air Suspension)<\/li>\n<li>Ilmastoinnin aktivointi (Air Conditioner)<\/li>\n<li>Ajovalojen kalibrointi (AFS)<\/li>\n<li>Korin vakautuksen kalibrointi\/opetus (BCM)<\/li>\n<li>Moottorin hallinta\/s\u00e4\u00e4t\u00f6 (Engine Control)<\/li>\n<li>Automaattilaatikon sopeutus (TCM)<\/li>\n<li>Istuimien kalibrointi (Seat)<\/li>\n<li>Ikkunoiden kalibrointi (WIN RD ROOF)<\/li>\n<li>Polttoainepumpun aktivointi (Fuel Pump)<\/li>\n<li>Ilmansuodattimen opetus\/sopeutus (Air Filter)<\/li>\n<li>Tyhj\u00e4k\u00e4ynnin s\u00e4\u00e4t\u00f6 (Engine Idle)<\/li>\n<li>P\u00e4\u00e4sy ajoneuvon kaikkiin j\u00e4rjestelmiin<\/li>\n<li>Huoltov\u00e4lien\/-valojen nollaus \u00a0(Oil reset)<\/li>\n<li>Kaasul\u00e4p\u00e4n sopeutus (ETC)<\/li>\n<li>Anturiarvojen reaaliaikainen seuranta<\/li>\n<li>yms.<\/li>\n<\/ul>\n<\/div>\n<p>&nbsp;<\/p>\n<div class=\"WysiwygContent\">\n<p><strong>Ominaisuudet ja toiminnot EOBD\/OBDII ohjelmistolla<\/strong><\/p>\n<ul>\n<li>Vikakoodien luku ja poisto moottorista (yleiset P0, P2, P3, U0 ja valmistajakohtaiset P1, P3, U1 koodit)<\/li>\n<li>J\u00e4\u00e4dytetyn kehyksen tietojen luku (Freeze Frame Data)<\/li>\n<li>Ajoneuvon tietojen automaattinen luku (Auto Vin)<\/li>\n<li>Vikakoodien luku ja poisto kaikista ajoneuvossa olevista j\u00e4rjestelmist\u00e4<\/li>\n<li>J\u00e4rjestelmien haku\/skannaustoiminto Anturiarvojen seuranta \u00a0(Live data)<\/li>\n<li>K\u00e4ytt\u00f6testit\/komponenttien testaus (Actuation Test \/ Bi-directory Test)<\/li>\n<li>Yms<\/li>\n<\/ul>\n<p>&nbsp;<\/p>\n<p><b>Muuta huomioitavaa:<\/b><\/p>\n<ul>\n<li>USB-A liitin tarkastuskameraa varten<\/li>\n<li>Ilmaiset automaattiset p\u00e4ivitykset<\/li>\n<li>Englanninkielinen ohjelma, helposti voit netin kautta p\u00e4ivitt\u00e4\u00e4 suomenkielt\u00e4 suuren osaan laitetta, my\u00f6s k\u00e4ytt\u00f6j\u00e4rjestelm\u00e4n voi vaihtaa suomeksi.<\/li>\n<li>Laitteesta l\u00f6ytyy kattava englanninkielinen vikakoodikirjasto (DTC Library)<\/li>\n<li>Toimii automalleissa, joissa on\u00a0 16-napainen OBD2 pistoke<\/li>\n<li>Huomaa, ett\u00e4 kaikki toiminnot ei ole k\u00e4yt\u00f6ssa \/kaikille merkeille\/mallille<\/li>\n<\/ul>\n<p><span style=\"color: #ff0000;\"><em><a style=\"color: #ff0000;\" href=\"http:\/\/toolhouse.fi\/wp-content\/uploads\/2022\/04\/Vikakoodit-suomeksi.pdf\" target=\"_blank\" rel=\"noopener\">Suomenkielinen OBD2 vikakoodilista yleisille vikakoodeille t\u00e4\u00e4lt\u00e4.<\/a><\/em><\/span><\/p>\n<p><span style=\"color: #ff0000;\"><em><a style=\"color: #ff0000;\" href=\"https:\/\/www.dtcdecode.com\/\" target=\"_blank\" rel=\"noopener\">Englanninkieliset OBD2 vikakoodit ja selitykset kaikkille automerkeille l\u00f6ytyy t\u00e4\u00e4lt\u00e4<\/a> \u00a0<\/em><\/span><\/p>\n<p>&nbsp;<\/p>\n<\/div>\n<\/div>\n<\/div>\n<\/div>\n<\/div>\n<\/div>\n<\/div>\n<\/div>\n<\/div>\n<\/div>\n<p><span style=\"color: #282828;\"><b>Tuetut automerkit<\/b><\/span><\/p>\n<p><span style=\"font-size: 100%;\"><strong>Eu<\/strong>: <\/span><\/p>\n<p><span style=\"font-size: 100%;\">Alfa Romeo \/ Audi \/ BMW \/ Citro\u00ebn \/ Dacia \/ Fiat \/ Ford EU \/ GM \/ Holden \/ Jaguar \/ Lancia \/ LandRover \/ Mercedes-Benz \/ Mini \/ Opel \/ Peugeot \/ Porsche \/ Renault \/ Saab \/ Seat \/ Skoda \/ Smart \/ Vauxhall \/ Volkswagen \/ Volvo<\/span><\/p>\n<p><span style=\"font-size: 100%;\"><strong>Aasia<\/strong>:\u00a0 <\/span><\/p>\n<p><span style=\"font-size: 100%;\">Acura \/ Daewoo \/ Honda \/ Hyundai | \/ Infiniti \/ Isuzu \/ Kia \/ Lexus \/ Mazda \/ Mitsubishi \/ Nissan \/ Scion \/ Subaru \/ Suzuki \/ Toyota<\/span><\/p>\n<p><span style=\"font-size: 100%;\"><strong>Usa<\/strong>: <\/span><\/p>\n<p><span style=\"font-size: 100%;\">Chrysler \/ Ford US \/ GM<\/span><\/p>\n<p><span style=\"font-size: 100%;\"><strong>Austraalia<\/strong>:<\/span><\/p>\n<p><span style=\"font-size: 100%;\">\u00a0Ford AUS \/ Holden<\/span><\/p>\n<p><img alt=\"\" decoding=\"async\" class=\"alignright wp-image-7663 \" src=\"https:\/\/toolhouse.fi\/wp-content\/uploads\/2022\/03\/cr-max-icarsoft-2-1024x471.jpg\" alt=\"\" width=\"752\" height=\"346\" srcset=\"https:\/\/toolhouse.fi\/wp-content\/uploads\/2022\/03\/cr-max-icarsoft-2-1024x471.jpg 1024w, https:\/\/toolhouse.fi\/wp-content\/uploads\/2022\/03\/cr-max-icarsoft-2-300x138.jpg 300w, https:\/\/toolhouse.fi\/wp-content\/uploads\/2022\/03\/cr-max-icarsoft-2-1000x460.jpg 1000w, https:\/\/toolhouse.fi\/wp-content\/uploads\/2022\/03\/cr-max-icarsoft-2-768x353.jpg 768w, https:\/\/toolhouse.fi\/wp-content\/uploads\/2022\/03\/cr-max-icarsoft-2-400x184.jpg 400w, https:\/\/toolhouse.fi\/wp-content\/uploads\/2022\/03\/cr-max-icarsoft-2-700x322.jpg 700w, https:\/\/toolhouse.fi\/wp-content\/uploads\/2022\/03\/cr-max-icarsoft-2.jpg 1070w\" sizes=\"(max-width: 752px) 100vw, 752px\" \/><\/p>\n","protected":false},"featured_media":7483,"template":"","meta":{"_acf_changed":false,"_seopress_robots_primary_cat":"none","_seopress_titles_title":"","_seopress_titles_desc":"","_seopress_robots_index":""},"product_cat":[452,227],"product_tag":[],"class_list":{"0":"post-7561","1":"product","2":"type-product","3":"status-publish","4":"has-post-thumbnail","6":"product_cat-henkilo-ja-pakettiautojen-vikakoodinlukijat","7":"product_cat-vikakoodinlukijat","8":"product_shipping_class-tillbehor-490e","10":"first","11":"instock","12":"sale","13":"taxable","14":"shipping-taxable","15":"purchasable","16":"product-type-simple","swatches":"rey-swatches","show_selected":""},"acf":[],"_links":{"self":[{"href":"https:\/\/toolhouse.fi\/fi\/wp-json\/wp\/v2\/product\/7561","targetHints":{"allow":["GET"]}}],"collection":[{"href":"https:\/\/toolhouse.fi\/fi\/wp-json\/wp\/v2\/product"}],"about":[{"href":"https:\/\/toolhouse.fi\/fi\/wp-json\/wp\/v2\/types\/product"}],"version-history":[{"count":0,"href":"https:\/\/toolhouse.fi\/fi\/wp-json\/wp\/v2\/product\/7561\/revisions"}],"wp:featuredmedia":[{"embeddable":true,"href":"https:\/\/toolhouse.fi\/fi\/wp-json\/wp\/v2\/media\/7483"}],"wp:attachment":[{"href":"https:\/\/toolhouse.fi\/fi\/wp-json\/wp\/v2\/media?parent=7561"}],"wp:term":[{"taxonomy":"product_cat","embeddable":true,"href":"https:\/\/toolhouse.fi\/fi\/wp-json\/wp\/v2\/product_cat?post=7561"},{"taxonomy":"product_tag","embeddable":true,"href":"https:\/\/toolhouse.fi\/fi\/wp-json\/wp\/v2\/product_tag?post=7561"}],"curies":[{"name":"wp","href":"https:\/\/api.w.org\/{rel}","templated":true}]}}