{"id":7562,"date":"2022-03-29T18:35:02","date_gmt":"2022-03-29T15:35:02","guid":{"rendered":"https:\/\/toolhouse.fi\/produkt\/icarsoft-eu-pro\/"},"modified":"2023-04-28T23:08:30","modified_gmt":"2023-04-28T20:08:30","slug":"icarsoft-eu-pro","status":"publish","type":"product","link":"https:\/\/toolhouse.fi\/fi\/tuote\/icarsoft-eu-pro\/","title":{"rendered":"ICarsoft EU PRO"},"content":{"rendered":"<p><strong>Tekniset tiedot<\/strong><\/p>\n<ul>\n<li>N\u00e4ytt\u00f6: 4,0&#8243; TFT LCD<img alt=\"\" fetchpriority=\"high\" decoding=\"async\" class=\"alignright wp-image-7534 \" src=\"http:\/\/toolhouse.fi\/wp-content\/uploads\/2022\/03\/icarsoft-vertailu.jpg\" alt=\"\" width=\"522\" height=\"773\" srcset=\"https:\/\/toolhouse.fi\/wp-content\/uploads\/2022\/03\/icarsoft-vertailu.jpg 500w, https:\/\/toolhouse.fi\/wp-content\/uploads\/2022\/03\/icarsoft-vertailu-300x444.jpg 300w, https:\/\/toolhouse.fi\/wp-content\/uploads\/2022\/03\/icarsoft-vertailu-203x300.jpg 203w, https:\/\/toolhouse.fi\/wp-content\/uploads\/2022\/03\/icarsoft-vertailu-400x592.jpg 400w\" sizes=\"(max-width: 522px) 100vw, 522px\" \/><\/li>\n<li>Resoluutio: 480&#215;320<\/li>\n<li>K\u00e4ytt\u00f6l\u00e4mp\u00f6tila: 0 &#8211; 50 c<\/li>\n<li>K\u00e4ytt\u00f6j\u00e4nnite: 9 &#8211; 18V<\/li>\n<li>Koko: 206 x 104,1 x 32,6 mm<\/li>\n<li>Kielet: Englanti, Saksa, Ranska<\/li>\n<\/ul>\n<p><strong>Sis\u00e4lt\u00f6<\/strong><\/p>\n<ul>\n<li>iCarsoft EU PRO<\/li>\n<li>OBD2-kaapeli<\/li>\n<li>USB-kaapeli<\/li>\n<li>K\u00e4ytt\u00f6ohje<\/li>\n<li>Laukku<\/li>\n<\/ul>\n<p>Takuu 12 kuukautta<\/p>\n","protected":false},"excerpt":{"rendered":"<h2><\/h2>\n<h2><strong>EU PRO on helppok\u00e4ytt\u00f6inen vikakoodinlukija eurooppalaisille automerkeille.<\/strong><\/h2>\n<p>Laitteesta l\u00f6ytyy useita ominaisuuksia ja toimintoja kuten vikakoodien luku\/poisto, moottorista, turvatyynyst\u00e4, ABS:st\u00e4 ja voimansiirrosta.<\/p>\n<p>Hiukkassuodattimen (DPF) pakkopoltto, s\u00e4hk\u00f6isen k\u00e4sijarrun auki- ja kiinniajo(EPB) sek\u00e4 ruiskusuuttimien koodaus (Injector Coding).<\/p>\n<p>&nbsp;<\/p>\n<div class=\"WysiwygContent\">\n<p><b>Huoltotoiminnot:<\/b><\/p>\n<ul>\n<li>S\u00e4hk\u00f6isen k\u00e4sijarrun huolto (auki-\/kiinniajo) (EPB)<\/li>\n<li>Ohjauskulma-anturin kalibrointi (SAS)<\/li>\n<li>Kaasul\u00e4p\u00e4n sopeutus\/opetus (ETC)<\/li>\n<li>Hiukkassuodattimen regenerointi (DPF)<\/li>\n<li>Akun rekister\u00f6inti\/koodaus (BMS)<\/li>\n<li>ABS jarrujen ilmaus (ABS Bleeding)<\/li>\n<li>Ruiskusuuttimien koodaus (Injector coding)<\/li>\n<li>Huoltov\u00e4lien\/-valojen nollaus \u00a0(Oil reset)<\/li>\n<li>Anturiarvojen reaaliaikainen seuranta<\/li>\n<li>yms.<\/li>\n<\/ul>\n<\/div>\n<p>&nbsp;<\/p>\n<div class=\"WysiwygContent\">\n<p><strong>Ominaisuudet ja toiminnot EOBD\/OBDII ohjelmistolla<\/strong><\/p>\n<ul>\n<li>Vikakoodien luku ja poisto moottorista (yleiset P0, P2, P3, U0 ja valmistajakohtaiset P1, P3, U1 koodit)<\/li>\n<li>J\u00e4\u00e4dytetyn kehyksen tietojen luku (Freeze Frame Data)<\/li>\n<li>Ajoneuvon tietojen automaattinen luku (Auto Vin)<\/li>\n<li>J\u00e4rjestelmien haku\/skannaustoiminto Anturiarvojen seuranta \u00a0(Live data)<\/li>\n<li>Yms<\/li>\n<\/ul>\n<p>&nbsp;<\/p>\n<p><b>Muuta huomioitavaa:<\/b><\/p>\n<ul>\n<li>Englanninkielinen ohjelma, ohjelmaa voidaan p\u00e4ivitt\u00e4\u00e4 osittain suomeksi<\/li>\n<li>Ilmaiset p\u00e4ivitykset netin kautta. Suomenkielinen (ei ihan valmis)<\/li>\n<li>Huom (P\u00e4ivit\u00e4 vain suoraan valmistajalta icarsoft.us)<\/li>\n<li>Laitteesta l\u00f6ytyy kattava englanninkielinen vikakoodikirjasto (DTC Library)<\/li>\n<li>Toimii automalleissa, joissa on\u00a0 16-napainen OBD2 pistoke<\/li>\n<li>Huomaa, ett\u00e4 kaikki toiminnot ei ole k\u00e4yt\u00f6ssa \/kaikille merkeille\/mallille<\/li>\n<\/ul>\n<p><span style=\"color: #ff0000;\"><em><a style=\"color: #ff0000;\" href=\"http:\/\/toolhouse.fi\/wp-content\/uploads\/2022\/04\/Vikakoodit-suomeksi.pdf\" target=\"_blank\" rel=\"noopener\">Suomenkielinen OBD2 vikakoodilista yleisille vikakoodeille t\u00e4\u00e4lt\u00e4.<\/a><\/em><\/span><\/p>\n<p><span style=\"color: #ff0000;\"><em><a style=\"color: #ff0000;\" href=\"https:\/\/www.dtcdecode.com\/\" target=\"_blank\" rel=\"noopener\">Englanninkieliset OBD2 vikakoodit ja selitykset kaikkille automerkeille l\u00f6ytyy t\u00e4\u00e4lt\u00e4<\/a>\u00a0\u00a0<\/em><\/span><\/p>\n<\/div>\n<p>&nbsp;<\/p>\n<p>&nbsp;<\/p>\n<p>&nbsp;<\/p>\n<p><b>Tuetut automerkit<\/b><\/p>\n<p><span style=\"font-size: 100%;\"><strong>Alfa-Romeo, Audi, BMW, Citroen, Dacia, Fiat, Ford, Jaguar, Lancia, Land Rover, Mercedes (ja Sprinter), Mini, Opel, Peugeot, Porsche, Renault, SAAB, Seat, Skoda, Smart, Sprinter, VW, Vauxhall<\/strong> ja <strong>Volvo<\/strong><\/span><\/p>\n","protected":false},"featured_media":7543,"template":"","meta":{"_acf_changed":false,"_seopress_robots_primary_cat":"","_seopress_titles_title":"","_seopress_titles_desc":"","_seopress_robots_index":""},"product_cat":[452,227],"product_tag":[],"class_list":{"0":"post-7562","1":"product","2":"type-product","3":"status-publish","4":"has-post-thumbnail","6":"product_cat-henkilo-ja-pakettiautojen-vikakoodinlukijat","7":"product_cat-vikakoodinlukijat","8":"product_shipping_class-tillbehor-490e","10":"first","11":"outofstock","12":"sale","13":"taxable","14":"shipping-taxable","15":"purchasable","16":"product-type-simple","swatches":"rey-swatches","show_selected":""},"acf":[],"_links":{"self":[{"href":"https:\/\/toolhouse.fi\/fi\/wp-json\/wp\/v2\/product\/7562","targetHints":{"allow":["GET"]}}],"collection":[{"href":"https:\/\/toolhouse.fi\/fi\/wp-json\/wp\/v2\/product"}],"about":[{"href":"https:\/\/toolhouse.fi\/fi\/wp-json\/wp\/v2\/types\/product"}],"version-history":[{"count":0,"href":"https:\/\/toolhouse.fi\/fi\/wp-json\/wp\/v2\/product\/7562\/revisions"}],"wp:featuredmedia":[{"embeddable":true,"href":"https:\/\/toolhouse.fi\/fi\/wp-json\/wp\/v2\/media\/7543"}],"wp:attachment":[{"href":"https:\/\/toolhouse.fi\/fi\/wp-json\/wp\/v2\/media?parent=7562"}],"wp:term":[{"taxonomy":"product_cat","embeddable":true,"href":"https:\/\/toolhouse.fi\/fi\/wp-json\/wp\/v2\/product_cat?post=7562"},{"taxonomy":"product_tag","embeddable":true,"href":"https:\/\/toolhouse.fi\/fi\/wp-json\/wp\/v2\/product_tag?post=7562"}],"curies":[{"name":"wp","href":"https:\/\/api.w.org\/{rel}","templated":true}]}}