{"id":7567,"date":"2022-03-28T21:31:30","date_gmt":"2022-03-28T18:31:30","guid":{"rendered":"https:\/\/toolhouse.fi\/produkt\/icarsoft-vol-v3-0-volvo-saab\/"},"modified":"2025-12-28T13:55:22","modified_gmt":"2025-12-28T11:55:22","slug":"icarsoft-vol-v3-0-volvo-saab","status":"publish","type":"product","link":"https:\/\/toolhouse.fi\/fi\/tuote\/icarsoft-vol-v3-0-volvo-saab\/","title":{"rendered":"ICarsoft VOL V3.0 &#8211; Volvo\/Saab."},"content":{"rendered":"<ul>\n<li>N\u00e4ytt\u00f6: 4,0\u2033 TFT LCD <img alt=\"\" fetchpriority=\"high\" decoding=\"async\" class=\"alignright wp-image-7723 \" src=\"http:\/\/toolhouse.fi\/wp-content\/uploads\/2022\/03\/icarsoft-volvo-v-3.0-vikakoodinlukija.jpg\" alt=\"\" width=\"601\" height=\"699\" srcset=\"https:\/\/toolhouse.fi\/wp-content\/uploads\/2022\/03\/icarsoft-volvo-v-3.0-vikakoodinlukija.jpg 737w, https:\/\/toolhouse.fi\/wp-content\/uploads\/2022\/03\/icarsoft-volvo-v-3.0-vikakoodinlukija-300x350.jpg 300w, https:\/\/toolhouse.fi\/wp-content\/uploads\/2022\/03\/icarsoft-volvo-v-3.0-vikakoodinlukija-510x594.jpg 510w, https:\/\/toolhouse.fi\/wp-content\/uploads\/2022\/03\/icarsoft-volvo-v-3.0-vikakoodinlukija-257x300.jpg 257w, https:\/\/toolhouse.fi\/wp-content\/uploads\/2022\/03\/icarsoft-volvo-v-3.0-vikakoodinlukija-400x466.jpg 400w\" sizes=\"(max-width: 601px) 100vw, 601px\" \/><\/li>\n<li>Resoluutio: 480\u00d7320<\/li>\n<li>K\u00e4ytt\u00f6l\u00e4mp\u00f6tila: 0 \u2013 50 c<\/li>\n<li>K\u00e4ytt\u00f6j\u00e4nnite: 9 \u2013 18V<\/li>\n<li>Koko: 206 x 104,1 x 32,6 mm<\/li>\n<li>Kielet: Englanti, Saksa, Ranska<\/li>\n<\/ul>\n<p><strong>Sis\u00e4lt\u00f6<\/strong><\/p>\n<ul>\n<li>iCarsoft VOL V3.0<\/li>\n<li>OBD2-kaapeli<\/li>\n<li>USB-kaapeli<\/li>\n<li>K\u00e4ytt\u00f6ohje<\/li>\n<li>Laukku<\/li>\n<\/ul>\n<p><img alt=\"\" decoding=\"async\" class=\"aligncenter wp-image-7566 size-large\" src=\"http:\/\/toolhouse.fi\/wp-content\/uploads\/2022\/03\/icarsoft-vol-v3-vikadiagnostiikka-2-1024x326.jpg\" alt=\"\" width=\"1020\" height=\"325\" srcset=\"https:\/\/toolhouse.fi\/wp-content\/uploads\/2022\/03\/icarsoft-vol-v3-vikadiagnostiikka-2-1024x326.jpg 1024w, https:\/\/toolhouse.fi\/wp-content\/uploads\/2022\/03\/icarsoft-vol-v3-vikadiagnostiikka-2-300x95.jpg 300w, https:\/\/toolhouse.fi\/wp-content\/uploads\/2022\/03\/icarsoft-vol-v3-vikadiagnostiikka-2-1000x318.jpg 1000w, https:\/\/toolhouse.fi\/wp-content\/uploads\/2022\/03\/icarsoft-vol-v3-vikadiagnostiikka-2-768x244.jpg 768w, https:\/\/toolhouse.fi\/wp-content\/uploads\/2022\/03\/icarsoft-vol-v3-vikadiagnostiikka-2-400x127.jpg 400w, https:\/\/toolhouse.fi\/wp-content\/uploads\/2022\/03\/icarsoft-vol-v3-vikadiagnostiikka-2-700x223.jpg 700w, https:\/\/toolhouse.fi\/wp-content\/uploads\/2022\/03\/icarsoft-vol-v3-vikadiagnostiikka-2.jpg 1038w\" sizes=\"(max-width: 1020px) 100vw, 1020px\" \/><\/p>\n","protected":false},"excerpt":{"rendered":"<p>&nbsp;<\/p>\n<h3><strong>iCarsoft VOL V3.0 <b>Volvo, Saab vikakoodinlukija<\/b><\/strong><\/h3>\n<p>Kattava diagnoosity\u00f6kalu,p\u00e4\u00e4sy ajoneuvon kaikkiin j\u00e4rjestelmiin, tukee my\u00f6s sopeutus ja koodaus toimintoja.<\/p>\n<p>&nbsp;<\/p>\n<p>&nbsp;<\/p>\n<p><b>Huoltotoiminnot<\/b><\/p>\n<ul>\n<li>Kattava OBD sopeutus\/opetus<\/li>\n<li>P\u00e4\u00e4sy ajoneuvon kaikkiin j\u00e4rjestelmiin<\/li>\n<li>K\u00e4ytt\u00f6testit\/komponenttien testaus (Actuation Test \/ Bi-directory Test)<\/li>\n<li>Huoltov\u00e4lien\/-valojen nollaus \u00a0(Oil reset)<\/li>\n<li>S\u00e4hk\u00f6isen k\u00e4sijarrun auki- ja kiinniajo(EPB)<\/li>\n<li>Akun koodaus (BMS)<\/li>\n<li>Hiukkassuodattimen pakkopoltto (DPF)<\/li>\n<li>Kaasul\u00e4p\u00e4n sopeutus (ETC)<\/li>\n<li>Ohjauskulma-anturin kalibrointi (SAS)<\/li>\n<li>ABS-jarrujen ilmaus (ABS bleeding)<\/li>\n<li>Suuttimien koodaus (Injector coding)<\/li>\n<li>Anturiarvojen reaaliaikainen seuranta<\/li>\n<li>Ajovalojen kalibrointi (Headlamp)<\/li>\n<li>Rengaspaine anturien koodaus (TPMS)<\/li>\n<li>Ilmajousitus (Air Suspension)<\/li>\n<li>yms.<\/li>\n<\/ul>\n<p><strong><ins>Ominaisuudet ja toiminnot EOBD\/OBDII ohjelmistolla<\/ins><\/strong><\/p>\n<ul>\n<li>Vikakoodien luku ja poisto moottorista (yleiset P0, P2, P3, U0 ja valmistajan P1, P3, U1 koodit)<\/li>\n<li>Anturiarvojen seuranta moottorista (Live data)<\/li>\n<li>J\u00e4\u00e4dytetyn kehyksen tietojen luku (Freeze frame)<\/li>\n<li>Ajoneuvon automaattinen tietojen luku (VIN)<\/li>\n<\/ul>\n<p>&nbsp;<\/p>\n<p>&nbsp;<\/p>\n<ul>\n<li>Ilmaiset p\u00e4ivitykset netin kautta.<\/li>\n<li>Englanninkielinen ohjelma, helposti voit netin kautta p\u00e4ivitt\u00e4\u00e4 suomenkielt\u00e4 suuren osaan laitetta.<\/li>\n<li>Huom (P\u00e4ivit\u00e4 vain suoraan valmistajalta icarsoft.us)<\/li>\n<li>Laitteesta l\u00f6ytyy kattava englanninkielinen vikakoodikirjasto (DTC Library)<\/li>\n<li>Toimii automalleissa, joissa on\u00a0 16-napainen OBD2 pistoke<\/li>\n<li>Huomaa, ett\u00e4 kaikki toiminnot ei ole k\u00e4yt\u00f6ssa kaikille mallille<\/li>\n<\/ul>\n<p><span style=\"color: #ff0000;\"><em><a style=\"color: #ff0000;\" href=\"http:\/\/toolhouse.fi\/wp-content\/uploads\/2022\/04\/Vikakoodit-suomeksi.pdf\" target=\"_blank\" rel=\"noopener\">Suomenkielinen OBD2 vikakoodilista yleisille vikakoodeille t\u00e4\u00e4lt\u00e4.<\/a><\/em><\/span><\/p>\n<p><span style=\"color: #ff0000;\"><em><a style=\"color: #ff0000;\" href=\"https:\/\/www.dtcdecode.com\/\" target=\"_blank\" rel=\"noopener\">Englanninkieliset OBD2 vikakoodit ja selitykset kaikkille automerkeille l\u00f6ytyy t\u00e4\u00e4lt\u00e4<\/a>\u00a0\u00a0<\/em><\/span><\/p>\n","protected":false},"featured_media":7500,"template":"","meta":{"_acf_changed":false,"_seopress_robots_primary_cat":"","_seopress_titles_title":"","_seopress_titles_desc":"","_seopress_robots_index":""},"product_cat":[452,227],"product_tag":[],"class_list":{"0":"post-7567","1":"product","2":"type-product","3":"status-publish","4":"has-post-thumbnail","6":"product_cat-henkilo-ja-pakettiautojen-vikakoodinlukijat","7":"product_cat-vikakoodinlukijat","8":"product_shipping_class-tillbehor-490e","10":"first","11":"instock","12":"sale","13":"taxable","14":"shipping-taxable","15":"purchasable","16":"product-type-simple","swatches":"rey-swatches","show_selected":""},"acf":[],"_links":{"self":[{"href":"https:\/\/toolhouse.fi\/fi\/wp-json\/wp\/v2\/product\/7567","targetHints":{"allow":["GET"]}}],"collection":[{"href":"https:\/\/toolhouse.fi\/fi\/wp-json\/wp\/v2\/product"}],"about":[{"href":"https:\/\/toolhouse.fi\/fi\/wp-json\/wp\/v2\/types\/product"}],"version-history":[{"count":0,"href":"https:\/\/toolhouse.fi\/fi\/wp-json\/wp\/v2\/product\/7567\/revisions"}],"wp:featuredmedia":[{"embeddable":true,"href":"https:\/\/toolhouse.fi\/fi\/wp-json\/wp\/v2\/media\/7500"}],"wp:attachment":[{"href":"https:\/\/toolhouse.fi\/fi\/wp-json\/wp\/v2\/media?parent=7567"}],"wp:term":[{"taxonomy":"product_cat","embeddable":true,"href":"https:\/\/toolhouse.fi\/fi\/wp-json\/wp\/v2\/product_cat?post=7567"},{"taxonomy":"product_tag","embeddable":true,"href":"https:\/\/toolhouse.fi\/fi\/wp-json\/wp\/v2\/product_tag?post=7567"}],"curies":[{"name":"wp","href":"https:\/\/api.w.org\/{rel}","templated":true}]}}