{"id":7583,"date":"2022-03-28T22:12:21","date_gmt":"2022-03-28T19:12:21","guid":{"rendered":"https:\/\/toolhouse.fi\/produkt\/icarsoft-jp-v2-0-toyota-nissan-mitsubishi-honda-mazda-subaru\/"},"modified":"2022-05-17T16:39:30","modified_gmt":"2022-05-17T13:39:30","slug":"icarsoft-jp-v2-0-toyota-nissan-mitsubishi-honda-mazda-subaru","status":"publish","type":"product","link":"https:\/\/toolhouse.fi\/fi\/tuote\/icarsoft-jp-v2-0-toyota-nissan-mitsubishi-honda-mazda-subaru\/","title":{"rendered":"ICarsoft JP V2.0 Toyota\/Nissan\/Mitsubishi\/Honda\/Mazda"},"content":{"rendered":"<ul>\n<li>N\u00e4ytt\u00f6: 4,0\u2033 TFT LCD<\/li>\n<li>Resoluutio: 480\u00d7320<\/li>\n<li>K\u00e4ytt\u00f6l\u00e4mp\u00f6tila: 0 \u2013 50 c<\/li>\n<li>K\u00e4ytt\u00f6j\u00e4nnite: 9 \u2013 18V<\/li>\n<li>Koko: 206 x 104,1 x 32,6 mm<\/li>\n<li>Kielet: Englanti, Saksa, Ranska<\/li>\n<\/ul>\n<p><strong>Sis\u00e4lt\u00f6<\/strong><\/p>\n<ul>\n<li>iCarsoft EU PRO<\/li>\n<li>OBD2-kaapeli<\/li>\n<li>USB-kaapeli<\/li>\n<li>K\u00e4ytt\u00f6ohje<\/li>\n<li>Laukku<\/li>\n<\/ul>\n<p>Takuu 12 kuukautta<\/p>\n","protected":false},"excerpt":{"rendered":"<p><strong>ICarsoft JP V2.0 vikakoodinlukija<\/strong><\/p>\n<p><strong>Tuetut automerkit<\/strong><\/p>\n<ul>\n<li>TOYOTA<\/li>\n<li>NISSAN<\/li>\n<li>HONDA<\/li>\n<li>MAZDA<\/li>\n<li>MITSUBISHI<\/li>\n<li>SUBARU<\/li>\n<li>ISUZU<\/li>\n<li>LEXUS<\/li>\n<li>INFINITY<\/li>\n<li>SCION<\/li>\n<li>ACURA<\/li>\n<\/ul>\n<p>&nbsp;<\/p>\n<p><strong><ins>Huoltotoiminnot\u00a0<\/ins><\/strong><\/p>\n<ul>\n<li>Huoltov\u00e4lien\/-valojen nollaus \u00a0(Oil reset)<\/li>\n<li>S\u00e4hk\u00f6isen k\u00e4sijarrun auki- ja kiinniajo(EPB)<\/li>\n<li>Akun koodaus (BMS)<\/li>\n<li>Hiukkassuodattimen pakkopoltto (DPF)<\/li>\n<li>Kaasul\u00e4p\u00e4n sopeutus (ETC)<\/li>\n<li>Ohjauskulma-anturin kalibrointi (SAS)<\/li>\n<li>ABS-jarrujen ilmaus (ABS bleeding)<\/li>\n<li>Suuttimien koodaus (Injector coding)<\/li>\n<li>yms.<\/li>\n<\/ul>\n<p><strong><ins>Ominaisuudet ja toiminnot EOBD\/OBDII ohjelmistolla<\/ins><\/strong><\/p>\n<ul>\n<li>Vikakoodien luku ja poisto moottorista (yleiset P0, P2, P3, U0 ja valmistajan P1, P3, U1 koodit)<\/li>\n<li>Anturiarvojen seuranta moottorista (Live data)<\/li>\n<li>J\u00e4\u00e4dytetyn kehyksen tietojen luku (Freeze frame)<\/li>\n<li>Ajoneuvon automaattinen tietojen luku (VIN)<\/li>\n<\/ul>\n<p>&nbsp;<\/p>\n<ul>\n<li>Ilmaiset p\u00e4ivitykset netin kautta. Suomenkielinen (ei ihan valmis)<\/li>\n<li>Huom (P\u00e4ivit\u00e4 vain suoraan valmistajalta icarsoft.us)<\/li>\n<li>Laitteesta l\u00f6ytyy kattava englanninkielinen vikakoodikirjasto (DTC Library)<\/li>\n<li>Toimii automalleissa, joissa on\u00a0 16-napainen OBD2 pistoke<\/li>\n<li>Huomaa, ett\u00e4 kaikki toiminnot ei ole k\u00e4yt\u00f6ssa \/kaikille merkeille\/mallille<\/li>\n<\/ul>\n<p><span style=\"color: #ff0000;\"><em><a style=\"color: #ff0000;\" href=\"http:\/\/toolhouse.fi\/wp-content\/uploads\/2022\/04\/Vikakoodit-suomeksi.pdf\" target=\"_blank\" rel=\"noopener\">Suomenkielinen OBD2 vikakoodilista yleisille vikakoodeille t\u00e4\u00e4lt\u00e4.<\/a><\/em><\/span><\/p>\n<p><span style=\"color: #ff0000;\"><em><a style=\"color: #ff0000;\" href=\"https:\/\/www.dtcdecode.com\/\" target=\"_blank\" rel=\"noopener\">Englanninkieliset OBD2 vikakoodit ja selitykset kaikkille automerkeille l\u00f6ytyy t\u00e4\u00e4lt\u00e4<\/a>\u00a0\u00a0<\/em><\/span><\/p>\n<p>&nbsp;<\/p>\n<p><strong>.<\/strong><\/p>\n<p>&nbsp;<\/p>\n<ul>\n<li><\/li>\n<\/ul>\n","protected":false},"featured_media":7522,"template":"","meta":{"_acf_changed":false,"_seopress_robots_primary_cat":"","_seopress_titles_title":"","_seopress_titles_desc":"","_seopress_robots_index":""},"product_cat":[452,227],"product_tag":[],"class_list":{"0":"post-7583","1":"product","2":"type-product","3":"status-publish","4":"has-post-thumbnail","6":"product_cat-henkilo-ja-pakettiautojen-vikakoodinlukijat","7":"product_cat-vikakoodinlukijat","8":"product_shipping_class-tillbehor-490e","10":"first","11":"outofstock","12":"taxable","13":"shipping-taxable","14":"purchasable","15":"product-type-simple","swatches":"rey-swatches","show_selected":""},"acf":[],"_links":{"self":[{"href":"https:\/\/toolhouse.fi\/fi\/wp-json\/wp\/v2\/product\/7583","targetHints":{"allow":["GET"]}}],"collection":[{"href":"https:\/\/toolhouse.fi\/fi\/wp-json\/wp\/v2\/product"}],"about":[{"href":"https:\/\/toolhouse.fi\/fi\/wp-json\/wp\/v2\/types\/product"}],"version-history":[{"count":0,"href":"https:\/\/toolhouse.fi\/fi\/wp-json\/wp\/v2\/product\/7583\/revisions"}],"wp:featuredmedia":[{"embeddable":true,"href":"https:\/\/toolhouse.fi\/fi\/wp-json\/wp\/v2\/media\/7522"}],"wp:attachment":[{"href":"https:\/\/toolhouse.fi\/fi\/wp-json\/wp\/v2\/media?parent=7583"}],"wp:term":[{"taxonomy":"product_cat","embeddable":true,"href":"https:\/\/toolhouse.fi\/fi\/wp-json\/wp\/v2\/product_cat?post=7583"},{"taxonomy":"product_tag","embeddable":true,"href":"https:\/\/toolhouse.fi\/fi\/wp-json\/wp\/v2\/product_tag?post=7583"}],"curies":[{"name":"wp","href":"https:\/\/api.w.org\/{rel}","templated":true}]}}