{"id":7985,"date":"2022-04-24T23:27:49","date_gmt":"2022-04-24T20:27:49","guid":{"rendered":"https:\/\/toolhouse.fi\/produkt\/kierretyokalusarja-tuuma-metrinen-110-osaa\/"},"modified":"2025-12-05T15:58:58","modified_gmt":"2025-12-05T13:58:58","slug":"kierretyokalusarja-tuuma-metrinen-110-osaa","status":"publish","type":"product","link":"https:\/\/toolhouse.fi\/fi\/tuote\/kierretyokalusarja-tuuma-metrinen-110-osaa\/","title":{"rendered":"Kierrety\u00f6kalusarja tuuma\/ metrinen 110 osaa"},"content":{"rendered":"","protected":false},"excerpt":{"rendered":"<p><strong>Mannesmann <\/strong>Kierrety\u00f6kalusarja tuuma\/ metrinen 110 osaa<\/p>\n<p>Sis\u00e4lt\u00e4\u00e4 yleisimm\u00e4t Metriset, UNC, UNF, NPT, UNS, kierrepakat ja kierretapit.<\/p>\n<p>&nbsp;<\/p>\n<ul>\n<li>Valmistaja:Mannesmann.<\/li>\n<li>110 osaa.<\/li>\n<li>Koko: 330 x 430 x 50mm.<\/li>\n<li>Materiaali: Hiiliter\u00e4s.<\/li>\n<li>2 kpl tapin v\u00e4\u00e4nnint\u00e4.<\/li>\n<li>2 kpl pakan v\u00e4\u00e4nnint\u00e4.<\/li>\n<li>1 kpl\u00a0 T \u2013 pidin.<\/li>\n<li>35 kpl kierrepakat.<\/li>\n<li>70 kpl kierretappia.<\/li>\n<\/ul>\n<p>&nbsp;<\/p>\n<p>&nbsp;<\/p>\n<p>&nbsp;<\/p>\n<p><i><u>Metriset<\/u><\/i><\/p>\n<p>&nbsp;<\/p>\n<p>M6, M8, M10, M10x1,0, M11, M12, M12x1,25, M14x1,25, M18x1,5<\/p>\n<p><i>UNC:<\/i><\/p>\n<p>4-40, 6-32, 8-32, 10-24, 12-24, 1\/4-20, 5\/16-18, 3\/8-16, 7\/16-14, 1\/2-13, 9\/16-12, 5\/8-11, 3\/4-10, 9\/16-18, 5\/8-18<\/p>\n<p><i>UNF:<\/i><\/p>\n<p>10-32, 1\/4-28, 3\/8-24, 7\/16-20, 1\/2-20, 3\/4-16, 5\/16-24, 1\/4-32<\/p>\n<p><i>NPT:<\/i><\/p>\n<p>1\/4-18, 1\/8-27<\/p>\n<p><i>UNS:<\/i><\/p>\n<p>1\/4-24<\/p>\n","protected":false},"featured_media":7963,"template":"","meta":{"_acf_changed":false,"_seopress_robots_primary_cat":"","_seopress_titles_title":"","_seopress_titles_desc":"","_seopress_robots_index":""},"product_cat":[489,337,40],"product_tag":[],"class_list":{"0":"post-7985","1":"product","2":"type-product","3":"status-publish","4":"has-post-thumbnail","6":"product_cat-kierretyokalut","7":"product_cat-tyokalut","8":"product_cat-korjaamolaitteet","9":"product_shipping_class-tillbehor-790e","11":"first","12":"instock","13":"taxable","14":"shipping-taxable","15":"purchasable","16":"product-type-simple","swatches":"rey-swatches","show_selected":""},"acf":[],"_links":{"self":[{"href":"https:\/\/toolhouse.fi\/fi\/wp-json\/wp\/v2\/product\/7985","targetHints":{"allow":["GET"]}}],"collection":[{"href":"https:\/\/toolhouse.fi\/fi\/wp-json\/wp\/v2\/product"}],"about":[{"href":"https:\/\/toolhouse.fi\/fi\/wp-json\/wp\/v2\/types\/product"}],"version-history":[{"count":0,"href":"https:\/\/toolhouse.fi\/fi\/wp-json\/wp\/v2\/product\/7985\/revisions"}],"wp:featuredmedia":[{"embeddable":true,"href":"https:\/\/toolhouse.fi\/fi\/wp-json\/wp\/v2\/media\/7963"}],"wp:attachment":[{"href":"https:\/\/toolhouse.fi\/fi\/wp-json\/wp\/v2\/media?parent=7985"}],"wp:term":[{"taxonomy":"product_cat","embeddable":true,"href":"https:\/\/toolhouse.fi\/fi\/wp-json\/wp\/v2\/product_cat?post=7985"},{"taxonomy":"product_tag","embeddable":true,"href":"https:\/\/toolhouse.fi\/fi\/wp-json\/wp\/v2\/product_tag?post=7985"}],"curies":[{"name":"wp","href":"https:\/\/api.w.org\/{rel}","templated":true}]}}