{"id":8002,"date":"2022-04-26T11:33:19","date_gmt":"2022-04-26T08:33:19","guid":{"rendered":"https:\/\/toolhouse.fi\/produkt\/oljynsuodatinavainsarja-15-osaa\/"},"modified":"2026-01-28T13:02:17","modified_gmt":"2026-01-28T11:02:17","slug":"oljynsuodatinavainsarja-15-osaa","status":"publish","type":"product","link":"https:\/\/toolhouse.fi\/fi\/tuote\/oljynsuodatinavainsarja-15-osaa\/","title":{"rendered":"\u00d6ljynsuodatinavainsarja 15 osaa"},"content":{"rendered":"","protected":false},"excerpt":{"rendered":"<p>\u00d6ljynsuodatin kuppiavain 15-osaa. Monipuolinen \u00f6ljynsuodatinavainsarja, mik\u00e4 sis\u00e4lt\u00e4\u00e4 laajan valikoiman useille automerkeille sopivia \u00f6ljynsuodatinavaimia.<\/p>\n<p>Sopivat tavallisimpiin \u00f6ljynsuodatintyyppeihin (\u00d8 65-100 mm)<\/p>\n<p>Toimitukseen kuuluu sovitin, jossa 1\/2&#8243; sis\u00e4puolinen ja 3\/8&#8243; ulkopuolinen neli\u00f6kantakiinnitys.<\/p>\n<p>&nbsp;<\/p>\n<p><strong>Sis\u00e4lt\u00f6:<\/strong><\/p>\n<p><b>\u00a0Koko<\/b>\u00a0 \u00a0 \u00a0 \u00a0 \u00a0 <b>Tyyppi<\/b><\/p>\n<ul>\n<li>65\u00a0 \u00a0 \u00a0 \u00a0 \u00a0 \u00a0 \u00a0 \u00a0 \u00a0 \u00a0 14<\/li>\n<li>65\/67\u00a0 \u00a0 \u00a0 \u00a0 \u00a0 \u00a0 14<\/li>\n<li>68\u00a0 \u00a0 \u00a0 \u00a0 \u00a0 \u00a0 \u00a0 \u00a0 \u00a0 \u00a0 14<\/li>\n<li>73\u00a0 \u00a0 \u00a0 \u00a0 \u00a0 \u00a0 \u00a0 \u00a0 \u00a0 \u00a0 14<\/li>\n<li>74\u00a0\u00a0 \u00a0 \u00a0 \u00a0 \u00a0 \u00a0 \u00a0 \u00a0 76-14<\/li>\n<li>76\u00a0 \u00a0 \u00a0 \u00a0 \u00a0 \u00a0 \u00a0 \u00a0 \u00a0 \u00a0 30<\/li>\n<li>74\/76\u00a0 \u00a0 \u00a0 \u00a0 \u00a0 \u00a0 15<\/li>\n<li>75\/77\u00a0 \u00a0 \u00a0 \u00a0 \u00a0 \u00a0 15<\/li>\n<li>80\u00a0 \u00a0 \u00a0 \u00a0 \u00a0 \u00a0 \u00a0 \u00a0 \u00a0 \u00a0 15<\/li>\n<li>82\u00a0 \u00a0 \u00a0 \u00a0 \u00a0 \u00a0 \u00a0 \u00a0 \u00a0 \u00a0 15<\/li>\n<li>90\u00a0 \u00a0 \u00a0 \u00a0 \u00a0 \u00a0 \u00a0 \u00a0 \u00a0 \u00a0 15<\/li>\n<li>93\u00a0 \u00a0 \u00a0 \u00a0 \u00a0 \u00a0 \u00a0 \u00a0 \u00a0 \u00a0 15<\/li>\n<li>93\u00a0 \u00a0 \u00a0 \u00a0 \u00a0 \u00a0 \u00a0 \u00a0 \u00a0 \u00a0 36<\/li>\n<li>100\u00a0 \u00a0 \u00a0 \u00a0 \u00a0 \u00a0 \u00a0 \u00a0 15<\/li>\n<li>sovitin 1\/2&#8243; &#8211; 3\/8&#8243;<\/li>\n<\/ul>\n","protected":false},"featured_media":8001,"template":"","meta":{"_acf_changed":false,"_seopress_robots_primary_cat":"","_seopress_titles_title":"","_seopress_titles_desc":"","_seopress_robots_index":""},"product_cat":[341,40],"product_tag":[],"class_list":{"0":"post-8002","1":"product","2":"type-product","3":"status-publish","4":"has-post-thumbnail","6":"product_cat-oljynvaihto","7":"product_cat-korjaamolaitteet","8":"product_shipping_class-tillbehor-590e","10":"first","11":"instock","12":"taxable","13":"shipping-taxable","14":"purchasable","15":"product-type-simple","swatches":"rey-swatches","show_selected":""},"acf":[],"_links":{"self":[{"href":"https:\/\/toolhouse.fi\/fi\/wp-json\/wp\/v2\/product\/8002","targetHints":{"allow":["GET"]}}],"collection":[{"href":"https:\/\/toolhouse.fi\/fi\/wp-json\/wp\/v2\/product"}],"about":[{"href":"https:\/\/toolhouse.fi\/fi\/wp-json\/wp\/v2\/types\/product"}],"version-history":[{"count":0,"href":"https:\/\/toolhouse.fi\/fi\/wp-json\/wp\/v2\/product\/8002\/revisions"}],"wp:featuredmedia":[{"embeddable":true,"href":"https:\/\/toolhouse.fi\/fi\/wp-json\/wp\/v2\/media\/8001"}],"wp:attachment":[{"href":"https:\/\/toolhouse.fi\/fi\/wp-json\/wp\/v2\/media?parent=8002"}],"wp:term":[{"taxonomy":"product_cat","embeddable":true,"href":"https:\/\/toolhouse.fi\/fi\/wp-json\/wp\/v2\/product_cat?post=8002"},{"taxonomy":"product_tag","embeddable":true,"href":"https:\/\/toolhouse.fi\/fi\/wp-json\/wp\/v2\/product_tag?post=8002"}],"curies":[{"name":"wp","href":"https:\/\/api.w.org\/{rel}","templated":true}]}}