{"id":802,"date":"2020-06-19T11:19:48","date_gmt":"2020-06-19T08:19:48","guid":{"rendered":"https:\/\/toolhouse.fi\/produkt\/ventiili\/"},"modified":"2025-12-12T15:15:55","modified_gmt":"2025-12-12T13:15:55","slug":"ventiili","status":"publish","type":"product","link":"https:\/\/toolhouse.fi\/fi\/tuote\/ventiili\/","title":{"rendered":"Venttiili paketti"},"content":{"rendered":"","protected":false},"excerpt":{"rendered":"<p class=\"western\" lang=\"fi-FI\"><span style=\"color: #000000; font-size: 100%;\"><span style=\"font-family: Arial, sans-serif;\"><span lang=\"sv-SE\">Edullinen paketti,joka sis\u00e4lt\u00e4\u00e4:<\/span><\/span><\/span><\/p>\n<ul>\n<li>TR 413 EPDM\/messinki venttiili 100 kpl.<\/li>\n<li>Venttiilin vet\u00e4j\u00e4 hd.<\/li>\n<li>Neulaty\u00f6kalu.<\/li>\n<\/ul>\n","protected":false},"featured_media":25049,"template":"","meta":{"_acf_changed":false,"_seopress_robots_primary_cat":"none","_seopress_titles_title":"","_seopress_titles_desc":"","_seopress_robots_index":""},"product_cat":[298],"product_tag":[],"class_list":{"0":"post-802","1":"product","2":"type-product","3":"status-publish","4":"has-post-thumbnail","6":"product_cat-rengasventtiilit","7":"product_shipping_class-tillbehor-590e","9":"first","10":"outofstock","11":"sale","12":"taxable","13":"shipping-taxable","14":"purchasable","15":"product-type-simple","swatches":"rey-swatches","show_selected":""},"acf":[],"_links":{"self":[{"href":"https:\/\/toolhouse.fi\/fi\/wp-json\/wp\/v2\/product\/802","targetHints":{"allow":["GET"]}}],"collection":[{"href":"https:\/\/toolhouse.fi\/fi\/wp-json\/wp\/v2\/product"}],"about":[{"href":"https:\/\/toolhouse.fi\/fi\/wp-json\/wp\/v2\/types\/product"}],"version-history":[{"count":1,"href":"https:\/\/toolhouse.fi\/fi\/wp-json\/wp\/v2\/product\/802\/revisions"}],"predecessor-version":[{"id":25047,"href":"https:\/\/toolhouse.fi\/fi\/wp-json\/wp\/v2\/product\/802\/revisions\/25047"}],"wp:featuredmedia":[{"embeddable":true,"href":"https:\/\/toolhouse.fi\/fi\/wp-json\/wp\/v2\/media\/25049"}],"wp:attachment":[{"href":"https:\/\/toolhouse.fi\/fi\/wp-json\/wp\/v2\/media?parent=802"}],"wp:term":[{"taxonomy":"product_cat","embeddable":true,"href":"https:\/\/toolhouse.fi\/fi\/wp-json\/wp\/v2\/product_cat?post=802"},{"taxonomy":"product_tag","embeddable":true,"href":"https:\/\/toolhouse.fi\/fi\/wp-json\/wp\/v2\/product_tag?post=802"}],"curies":[{"name":"wp","href":"https:\/\/api.w.org\/{rel}","templated":true}]}}