{"id":8123,"date":"2022-04-30T14:39:28","date_gmt":"2022-04-30T11:39:28","guid":{"rendered":"https:\/\/toolhouse.fi\/produkt\/jarrumantatyokalusarja-18-osaa\/"},"modified":"2025-07-24T14:40:53","modified_gmt":"2025-07-24T11:40:53","slug":"jarrumantatyokalusarja-18-osaa","status":"publish","type":"product","link":"https:\/\/toolhouse.fi\/fi\/tuote\/jarrumantatyokalusarja-18-osaa\/","title":{"rendered":"Jarrum\u00e4nt\u00e4ty\u00f6kalusarja 18 osaa V\/O"},"content":{"rendered":"","protected":false},"excerpt":{"rendered":"<p>Jarrum\u00e4nt\u00e4ty\u00f6kalusarja jarrum\u00e4nn\u00e4n sis\u00e4\u00e4n kiert\u00e4miseen.<\/p>\n<p>Sis\u00e4lt\u00e4\u00e4 oikea ja vasenk\u00e4tinen k\u00e4\u00e4nt\u00f6ty\u00f6kalu sek\u00e4 adaptereita eri jarrusatuloiden m\u00e4nnille.<\/p>\n<p>Sopii sis\u00e4\u00e4nkierrett\u00e4viin ja puristettaviin jarrum\u00e4ntiin.<\/p>\n<p>Sopii takajarrusatuloissa jotka on varustettu k\u00e4sijarrulla.<\/p>\n<p>Jarruty\u00f6kalusarjan avulla m\u00e4nt\u00e4 saadaan palautettua vahingoittamatta m\u00e4nt\u00e4\u00e4 tai siin\u00e4 olevaa kumitiivistett\u00e4.<\/p>\n<p>&nbsp;<\/p>\n<p data-start=\"0\" data-end=\"15\">Sarjan sis\u00e4lt\u00f6:<\/p>\n<ul>\n<li>Adapteri #0<\/li>\n<li>Adapteri #1<\/li>\n<li>Adapteri #2<\/li>\n<li>Adapteri #3<\/li>\n<li>Adapteri #4<\/li>\n<li>Adapteri #5<\/li>\n<li>Adapteri #6<\/li>\n<li>Adapteri #7<\/li>\n<li>Adapteri #8<\/li>\n<li>Adapteri #9<\/li>\n<li>Adapteri #A<\/li>\n<li>Adapteri #E<\/li>\n<li>Adapteri #F<\/li>\n<li>Adapteri #K<\/li>\n<li>Adapteri #M<\/li>\n<li>Adapteri #N<\/li>\n<\/ul>\n<p>Valmistaja: Invento<\/p>\n<p>&nbsp;<\/p>\n<p>&nbsp;<\/p>\n<p>&nbsp;<\/p>\n<p>&nbsp;<\/p>\n<p>&nbsp;<\/p>\n<p>&nbsp;<\/p>\n<p>&nbsp;<\/p>\n","protected":false},"featured_media":27359,"template":"","meta":{"_acf_changed":false,"_seopress_robots_primary_cat":"none","_seopress_titles_title":"","_seopress_titles_desc":"","_seopress_robots_index":""},"product_cat":[339,482,40],"product_tag":[],"class_list":{"0":"post-8123","1":"product","2":"type-product","3":"status-publish","4":"has-post-thumbnail","6":"product_cat-autotyokalut","7":"product_cat-jarrutyokalut","8":"product_cat-korjaamolaitteet","9":"product_shipping_class-tillbehor-590e","11":"first","12":"instock","13":"taxable","14":"shipping-taxable","15":"purchasable","16":"product-type-simple","swatches":"rey-swatches","show_selected":""},"acf":[],"_links":{"self":[{"href":"https:\/\/toolhouse.fi\/fi\/wp-json\/wp\/v2\/product\/8123","targetHints":{"allow":["GET"]}}],"collection":[{"href":"https:\/\/toolhouse.fi\/fi\/wp-json\/wp\/v2\/product"}],"about":[{"href":"https:\/\/toolhouse.fi\/fi\/wp-json\/wp\/v2\/types\/product"}],"version-history":[{"count":0,"href":"https:\/\/toolhouse.fi\/fi\/wp-json\/wp\/v2\/product\/8123\/revisions"}],"wp:featuredmedia":[{"embeddable":true,"href":"https:\/\/toolhouse.fi\/fi\/wp-json\/wp\/v2\/media\/27359"}],"wp:attachment":[{"href":"https:\/\/toolhouse.fi\/fi\/wp-json\/wp\/v2\/media?parent=8123"}],"wp:term":[{"taxonomy":"product_cat","embeddable":true,"href":"https:\/\/toolhouse.fi\/fi\/wp-json\/wp\/v2\/product_cat?post=8123"},{"taxonomy":"product_tag","embeddable":true,"href":"https:\/\/toolhouse.fi\/fi\/wp-json\/wp\/v2\/product_tag?post=8123"}],"curies":[{"name":"wp","href":"https:\/\/api.w.org\/{rel}","templated":true}]}}