{"id":8338,"date":"2022-05-08T22:55:35","date_gmt":"2022-05-08T19:55:35","guid":{"rendered":"https:\/\/toolhouse.fi\/produkt\/venttiilinhattu-haarapaa-25kpl\/"},"modified":"2026-04-24T18:24:28","modified_gmt":"2026-04-24T15:24:28","slug":"venttiilinhattu-haarapaa-25kpl","status":"publish","type":"product","link":"https:\/\/toolhouse.fi\/fi\/tuote\/venttiilinhattu-haarapaa-25kpl\/","title":{"rendered":"Venttiilinhattu, haarap\u00e4\u00e4 25kpl"},"content":{"rendered":"","protected":false},"excerpt":{"rendered":"<div class=\"ContentSection\">\n<p>Krominen venttiilinhattu tiivisteell\u00e4 ja sielunirrotus ty\u00f6kalu, eli haarap\u00e4\u00e4 jolla voi tarvittaessa kirist\u00e4\u00e4 tai irrottaa venttiilin sielun.<\/p>\n<\/div>\n<div class=\"ContentSection\">25 kpl<\/div>\n","protected":false},"featured_media":8337,"template":"","meta":{"_acf_changed":false,"_seopress_robots_primary_cat":"","_seopress_titles_title":"","_seopress_titles_desc":"","_seopress_robots_index":""},"product_cat":[298],"product_tag":[],"class_list":{"0":"post-8338","1":"product","2":"type-product","3":"status-publish","4":"has-post-thumbnail","6":"product_cat-rengasventtiilit","7":"product_shipping_class-tillbehor-490e","9":"first","10":"outofstock","11":"taxable","12":"shipping-taxable","13":"purchasable","14":"product-type-simple","swatches":"rey-swatches","show_selected":""},"acf":[],"_links":{"self":[{"href":"https:\/\/toolhouse.fi\/fi\/wp-json\/wp\/v2\/product\/8338","targetHints":{"allow":["GET"]}}],"collection":[{"href":"https:\/\/toolhouse.fi\/fi\/wp-json\/wp\/v2\/product"}],"about":[{"href":"https:\/\/toolhouse.fi\/fi\/wp-json\/wp\/v2\/types\/product"}],"version-history":[{"count":0,"href":"https:\/\/toolhouse.fi\/fi\/wp-json\/wp\/v2\/product\/8338\/revisions"}],"wp:featuredmedia":[{"embeddable":true,"href":"https:\/\/toolhouse.fi\/fi\/wp-json\/wp\/v2\/media\/8337"}],"wp:attachment":[{"href":"https:\/\/toolhouse.fi\/fi\/wp-json\/wp\/v2\/media?parent=8338"}],"wp:term":[{"taxonomy":"product_cat","embeddable":true,"href":"https:\/\/toolhouse.fi\/fi\/wp-json\/wp\/v2\/product_cat?post=8338"},{"taxonomy":"product_tag","embeddable":true,"href":"https:\/\/toolhouse.fi\/fi\/wp-json\/wp\/v2\/product_tag?post=8338"}],"curies":[{"name":"wp","href":"https:\/\/api.w.org\/{rel}","templated":true}]}}