{"id":8500,"date":"2022-05-15T12:31:21","date_gmt":"2022-05-15T09:31:21","guid":{"rendered":"https:\/\/toolhouse.fi\/produkt\/icarsoft-bmw-20-pin-adapteri\/"},"modified":"2025-08-15T15:23:35","modified_gmt":"2025-08-15T12:23:35","slug":"icarsoft-bmw-20-pin-adapteri","status":"publish","type":"product","link":"https:\/\/toolhouse.fi\/fi\/tuote\/icarsoft-bmw-20-pin-adapteri\/","title":{"rendered":"iCarsoft BMW 20-pin adapteri"},"content":{"rendered":"","protected":false},"excerpt":{"rendered":"<p>BMW malleihin, joissa on k\u00e4yt\u00f6ss\u00e4 py\u00f6re\u00e4 20-pinninen pistoke.<\/p>\n<p>&nbsp;<\/p>\n<p><span style=\"color: #282828;\">Yhteensopiva\u00a0seuraavien mallien kanssa:\u00a0<\/span><\/p>\n<ul>\n<li>BMM V3.0<\/li>\n<li>EU Pro<\/li>\n<li>Eu Max<\/li>\n<li>CR Pro+<\/li>\n<li>CR Pro<\/li>\n<li>CR MAX<\/li>\n<\/ul>\n","protected":false},"featured_media":8499,"template":"","meta":{"_acf_changed":false,"_seopress_robots_primary_cat":"","_seopress_titles_title":"","_seopress_titles_desc":"","_seopress_robots_index":""},"product_cat":[454,227],"product_tag":[],"class_list":{"0":"post-8500","1":"product","2":"type-product","3":"status-publish","4":"has-post-thumbnail","6":"product_cat-adapterit","7":"product_cat-vikakoodinlukijat","8":"product_shipping_class-tillbehor-490e","10":"first","11":"instock","12":"taxable","13":"shipping-taxable","14":"purchasable","15":"product-type-simple","swatches":"rey-swatches","show_selected":""},"acf":[],"_links":{"self":[{"href":"https:\/\/toolhouse.fi\/fi\/wp-json\/wp\/v2\/product\/8500","targetHints":{"allow":["GET"]}}],"collection":[{"href":"https:\/\/toolhouse.fi\/fi\/wp-json\/wp\/v2\/product"}],"about":[{"href":"https:\/\/toolhouse.fi\/fi\/wp-json\/wp\/v2\/types\/product"}],"version-history":[{"count":0,"href":"https:\/\/toolhouse.fi\/fi\/wp-json\/wp\/v2\/product\/8500\/revisions"}],"wp:featuredmedia":[{"embeddable":true,"href":"https:\/\/toolhouse.fi\/fi\/wp-json\/wp\/v2\/media\/8499"}],"wp:attachment":[{"href":"https:\/\/toolhouse.fi\/fi\/wp-json\/wp\/v2\/media?parent=8500"}],"wp:term":[{"taxonomy":"product_cat","embeddable":true,"href":"https:\/\/toolhouse.fi\/fi\/wp-json\/wp\/v2\/product_cat?post=8500"},{"taxonomy":"product_tag","embeddable":true,"href":"https:\/\/toolhouse.fi\/fi\/wp-json\/wp\/v2\/product_tag?post=8500"}],"curies":[{"name":"wp","href":"https:\/\/api.w.org\/{rel}","templated":true}]}}