{"id":8512,"date":"2022-05-15T14:32:13","date_gmt":"2022-05-15T11:32:13","guid":{"rendered":"https:\/\/toolhouse.fi\/produkt\/icarsoft-38-pin-mercedes-benz-adapteri\/"},"modified":"2026-04-23T20:43:27","modified_gmt":"2026-04-23T17:43:27","slug":"icarsoft-38-pin-mercedes-benz-adapteri","status":"publish","type":"product","link":"https:\/\/toolhouse.fi\/fi\/tuote\/icarsoft-38-pin-mercedes-benz-adapteri\/","title":{"rendered":"iCarsoft 38 pin Mercedes-Benz adapteri"},"content":{"rendered":"","protected":false},"excerpt":{"rendered":"<p>Mercedes-Benz malleihin, joissa on k\u00e4yt\u00f6ss\u00e4 py\u00f6re\u00e4 38-pinninen pistoke.<\/p>\n<p>Yhteensopiva\u00a0seuraavien mallien kanssa:<\/p>\n<ul>\n<li>MB V3.0<\/li>\n<li>EU Pro<\/li>\n<li>Eu Max<\/li>\n<li>CR Pro+<\/li>\n<li>CR Pro<\/li>\n<li>CR MAX<\/li>\n<\/ul>\n<p><img alt=\"\" fetchpriority=\"high\" decoding=\"async\" class=\"alignnone wp-image-8504 size-medium\" src=\"http:\/\/toolhouse.fi\/wp-content\/uploads\/2022\/05\/38pin_06_600x600-300x266.jpg\" alt=\"\" width=\"300\" height=\"266\" srcset=\"https:\/\/toolhouse.fi\/wp-content\/uploads\/2022\/05\/38pin_06_600x600-300x266.jpg 300w, https:\/\/toolhouse.fi\/wp-content\/uploads\/2022\/05\/38pin_06_600x600-400x355.jpg 400w, https:\/\/toolhouse.fi\/wp-content\/uploads\/2022\/05\/38pin_06_600x600.jpg 500w\" sizes=\"(max-width: 300px) 100vw, 300px\" \/><\/p>\n","protected":false},"featured_media":8509,"template":"","meta":{"_acf_changed":false,"_seopress_robots_primary_cat":"","_seopress_titles_title":"","_seopress_titles_desc":"","_seopress_robots_index":""},"product_cat":[454,227],"product_tag":[],"class_list":{"0":"post-8512","1":"product","2":"type-product","3":"status-publish","4":"has-post-thumbnail","6":"product_cat-adapterit","7":"product_cat-vikakoodinlukijat","8":"product_shipping_class-tillbehor-490e","10":"first","11":"outofstock","12":"taxable","13":"shipping-taxable","14":"purchasable","15":"product-type-simple","swatches":"rey-swatches","show_selected":""},"acf":[],"_links":{"self":[{"href":"https:\/\/toolhouse.fi\/fi\/wp-json\/wp\/v2\/product\/8512","targetHints":{"allow":["GET"]}}],"collection":[{"href":"https:\/\/toolhouse.fi\/fi\/wp-json\/wp\/v2\/product"}],"about":[{"href":"https:\/\/toolhouse.fi\/fi\/wp-json\/wp\/v2\/types\/product"}],"version-history":[{"count":0,"href":"https:\/\/toolhouse.fi\/fi\/wp-json\/wp\/v2\/product\/8512\/revisions"}],"wp:featuredmedia":[{"embeddable":true,"href":"https:\/\/toolhouse.fi\/fi\/wp-json\/wp\/v2\/media\/8509"}],"wp:attachment":[{"href":"https:\/\/toolhouse.fi\/fi\/wp-json\/wp\/v2\/media?parent=8512"}],"wp:term":[{"taxonomy":"product_cat","embeddable":true,"href":"https:\/\/toolhouse.fi\/fi\/wp-json\/wp\/v2\/product_cat?post=8512"},{"taxonomy":"product_tag","embeddable":true,"href":"https:\/\/toolhouse.fi\/fi\/wp-json\/wp\/v2\/product_tag?post=8512"}],"curies":[{"name":"wp","href":"https:\/\/api.w.org\/{rel}","templated":true}]}}