{"id":8527,"date":"2022-05-15T21:47:21","date_gmt":"2022-05-15T18:47:21","guid":{"rendered":"https:\/\/toolhouse.fi\/produkt\/normet-px-3500wp-upotettava-saksinostin\/"},"modified":"2023-02-23T07:50:09","modified_gmt":"2023-02-23T05:50:09","slug":"px-3500wp-upotettava-saksinostin","status":"publish","type":"product","link":"https:\/\/toolhouse.fi\/fi\/tuote\/px-3500wp-upotettava-saksinostin\/","title":{"rendered":"PX-3500WP upotettava saksinostin."},"content":{"rendered":"<table width=\"667\">\n<tbody>\n<tr>\n<td colspan=\"3\" width=\"667\"><strong>Tekniset tiedot\u00a0<\/strong><\/td>\n<\/tr>\n<tr>\n<td width=\"346\">&nbsp;<\/p>\n<p><span style=\"color: #282828;\">Malli<\/span><\/td>\n<td colspan=\"2\" width=\"321\">&nbsp;<\/p>\n<p><span style=\"color: #282828;\">Px-3500wp<\/span><\/td>\n<\/tr>\n<tr>\n<td width=\"346\"><span style=\"color: #282828;\">Nostokapasiteetti<\/span><\/td>\n<td colspan=\"2\" width=\"321\"><span style=\"color: #282828;\">3500 kg<\/span><\/td>\n<\/tr>\n<tr>\n<td width=\"346\"><span style=\"color: #282828;\">Nostokorkeus<\/span><\/td>\n<td colspan=\"2\" width=\"321\"><span style=\"color: #282828;\">1800 mm (2110 mm)<\/span><\/td>\n<\/tr>\n<tr>\n<td width=\"346\"><span style=\"color: #282828;\">Nosto \/ lasku aika<\/span><\/td>\n<td colspan=\"2\" width=\"321\"><span style=\"color: #282828;\">55 sek<\/span><\/td>\n<\/tr>\n<tr>\n<td width=\"346\"><span style=\"color: #282828;\">Upotussyvyys<\/span><\/td>\n<td colspan=\"2\" width=\"321\"><span style=\"color: #282828;\">310 mm<\/span><\/td>\n<\/tr>\n<tr>\n<td width=\"346\"><span style=\"color: #282828;\">Leveys<\/span><\/td>\n<td colspan=\"2\" width=\"321\"><span style=\"color: #282828;\">2050 mm<\/span><\/td>\n<\/tr>\n<tr>\n<td width=\"346\"><span style=\"color: #282828;\">Ajosillan pituus<\/span><\/p>\n<p><span style=\"color: #282828;\">Ajosiltojen v\u00e4lin leveys<\/span><\/td>\n<td colspan=\"2\" width=\"321\"><span style=\"color: #282828;\">1650 mm &#8211; 2215 mm<\/span><\/p>\n<p><span style=\"color: #282828;\">840 mm<\/span><\/td>\n<\/tr>\n<tr>\n<td width=\"346\"><span style=\"color: #282828;\">Ajosillan leveys<\/span><\/td>\n<td colspan=\"2\" width=\"321\"><span style=\"color: #282828;\">605 mm<\/span><\/td>\n<\/tr>\n<tr>\n<td width=\"346\"><span style=\"color: #282828;\">Virtal\u00e4hde<\/span><\/td>\n<td colspan=\"2\" width=\"321\"><span style=\"color: #282828;\">400 V<\/span><\/td>\n<\/tr>\n<tr>\n<td width=\"346\"><span style=\"color: #282828;\">Moottoriteho<\/span><\/td>\n<td colspan=\"2\" width=\"321\"><span style=\"color: #282828;\">2.2 kW<\/span><\/td>\n<\/tr>\n<tr>\n<td width=\"346\"><span style=\"color: #282828;\">CE-hyv\u00e4ksytty<\/span><\/p>\n<p><span style=\"color: #282828;\">Takuu<\/span><\/td>\n<td colspan=\"2\" width=\"321\"><span style=\"color: #282828;\">Kyll\u00e4<\/span><\/p>\n<p><span style=\"color: #282828;\">1 vuosi<\/span><\/td>\n<\/tr>\n<tr>\n<td width=\"346\"><span style=\"color: #282828;\">Melutaso<\/span><\/td>\n<td colspan=\"2\" width=\"321\"><span style=\"color: #282828;\">\u226470 dB(A)<\/span><\/td>\n<\/tr>\n<tr>\n<td width=\"346\"><span style=\"color: #282828;\">Nettopaino<\/span><\/td>\n<td colspan=\"2\" width=\"321\"><span style=\"color: #282828;\">775 kg<\/span><\/td>\n<\/tr>\n<\/tbody>\n<\/table>\n<p><img alt=\"\" fetchpriority=\"high\" decoding=\"async\" class=\"wp-image-8917 size-full aligncenter\" src=\"http:\/\/toolhouse.fi\/wp-content\/uploads\/2022\/05\/SAKSINOSTIN-UPOTETTAVA-3500kg.jpg\" alt=\"\" width=\"927\" height=\"652\" srcset=\"https:\/\/toolhouse.fi\/wp-content\/uploads\/2022\/05\/SAKSINOSTIN-UPOTETTAVA-3500kg.jpg 927w, https:\/\/toolhouse.fi\/wp-content\/uploads\/2022\/05\/SAKSINOSTIN-UPOTETTAVA-3500kg-300x211.jpg 300w, https:\/\/toolhouse.fi\/wp-content\/uploads\/2022\/05\/SAKSINOSTIN-UPOTETTAVA-3500kg-510x359.jpg 510w, https:\/\/toolhouse.fi\/wp-content\/uploads\/2022\/05\/SAKSINOSTIN-UPOTETTAVA-3500kg-768x540.jpg 768w, https:\/\/toolhouse.fi\/wp-content\/uploads\/2022\/05\/SAKSINOSTIN-UPOTETTAVA-3500kg-400x281.jpg 400w, https:\/\/toolhouse.fi\/wp-content\/uploads\/2022\/05\/SAKSINOSTIN-UPOTETTAVA-3500kg-700x492.jpg 700w\" sizes=\"(max-width: 927px) 100vw, 927px\" \/><\/p>\n","protected":false},"excerpt":{"rendered":"<h2><\/h2>\n<h2><strong>PX-3500WP<\/strong><\/h2>\n<p>&nbsp;<\/p>\n<ul>\n<li>Upotettava malli.<\/li>\n<li>Automaattiset paineilmatoimiset turvalukot<\/li>\n<li tabindex=\"0\" role=\"label\">Hydraulinen<\/li>\n<li tabindex=\"0\" role=\"label\">Nostokyky 3500 kg<\/li>\n<li tabindex=\"0\" role=\"label\">Nostokorkeus 1800 mm<\/li>\n<li>Upotussyvyys 310 mm<\/li>\n<li tabindex=\"0\" role=\"label\">T\u00e4yskorkeus 2110 mm<\/li>\n<li tabindex=\"0\" role=\"label\">Rasvanipat niveliss\u00e4<\/li>\n<li>Toimitus sis\u00e4lt\u00e4\u00e4 4 kpl nostotyynyt.<\/li>\n<li>400 V<\/li>\n<li tabindex=\"0\" role=\"label\"><span lang=\"fi-FI\">Takuu 1 vuosi<\/span><\/li>\n<li tabindex=\"0\" role=\"label\">Kaikki varaosat saatavilla<\/li>\n<li tabindex=\"0\" role=\"label\">CE-hyv\u00e4ksytty<\/li>\n<\/ul>\n","protected":false},"featured_media":8907,"template":"","meta":{"_acf_changed":false,"_seopress_robots_primary_cat":"","_seopress_titles_title":"","_seopress_titles_desc":"","_seopress_robots_index":""},"product_cat":[455,289],"product_tag":[],"class_list":{"0":"post-8527","1":"product","2":"type-product","3":"status-publish","4":"has-post-thumbnail","6":"product_cat-ajoneuvonostimet","7":"product_cat-saksinostimet","8":"product_shipping_class-frakt139e-fi","10":"first","11":"instock","12":"taxable","13":"shipping-taxable","14":"purchasable","15":"product-type-simple","swatches":"rey-swatches","show_selected":""},"acf":[],"_links":{"self":[{"href":"https:\/\/toolhouse.fi\/fi\/wp-json\/wp\/v2\/product\/8527","targetHints":{"allow":["GET"]}}],"collection":[{"href":"https:\/\/toolhouse.fi\/fi\/wp-json\/wp\/v2\/product"}],"about":[{"href":"https:\/\/toolhouse.fi\/fi\/wp-json\/wp\/v2\/types\/product"}],"version-history":[{"count":0,"href":"https:\/\/toolhouse.fi\/fi\/wp-json\/wp\/v2\/product\/8527\/revisions"}],"wp:featuredmedia":[{"embeddable":true,"href":"https:\/\/toolhouse.fi\/fi\/wp-json\/wp\/v2\/media\/8907"}],"wp:attachment":[{"href":"https:\/\/toolhouse.fi\/fi\/wp-json\/wp\/v2\/media?parent=8527"}],"wp:term":[{"taxonomy":"product_cat","embeddable":true,"href":"https:\/\/toolhouse.fi\/fi\/wp-json\/wp\/v2\/product_cat?post=8527"},{"taxonomy":"product_tag","embeddable":true,"href":"https:\/\/toolhouse.fi\/fi\/wp-json\/wp\/v2\/product_tag?post=8527"}],"curies":[{"name":"wp","href":"https:\/\/api.w.org\/{rel}","templated":true}]}}