{"id":8648,"date":"2022-05-22T13:00:15","date_gmt":"2022-05-22T10:00:15","guid":{"rendered":"https:\/\/toolhouse.fi\/produkt\/normet-50t-hydrauliprassi\/"},"modified":"2026-04-25T13:54:45","modified_gmt":"2026-04-25T10:54:45","slug":"50t-hydrauliprassi","status":"publish","type":"product","link":"https:\/\/toolhouse.fi\/fi\/tuote\/50t-hydrauliprassi\/","title":{"rendered":"50T Hydraulipr\u00e4ssi."},"content":{"rendered":"<table class=\"n54117_dictionary\" width=\"290\">\n<tbody>\n<tr>\n<td class=\"n54117_item_a1\">Puristusvoima\u00a0\u00a0<span class=\"n67256colon\">:<\/span><\/td>\n<td class=\"n54117_item_b1\">\n<div class=\"n54117_item_b_sub\">50 t<\/div>\n<\/td>\n<\/tr>\n<tr>\n<td class=\"n54117_item_a2\">Ty\u00f6alue\u00a0<span class=\"n67256colon\">:<\/span><\/td>\n<td class=\"n54117_item_b2\">\n<div class=\"n54117_item_b_sub\">55 \u2013 1105 mm<\/div>\n<\/td>\n<\/tr>\n<tr>\n<td class=\"n54117_item_a1\">S\u00e4\u00e4dett\u00e4v\u00e4 p\u00f6yt\u00e4\u00a0<span class=\"n67256colon\">:<\/span><\/td>\n<td class=\"n54117_item_b1\">\n<div class=\"n54117_item_b_sub\">8 tasoa<\/div>\n<\/td>\n<\/tr>\n<tr>\n<td class=\"n54117_item_a2\">P\u00f6yd\u00e4n leveys\u00a0<span class=\"n67256colon\">:<\/span><\/td>\n<td class=\"n54117_item_b2\">\n<div class=\"n54117_item_b_sub\">615 mm<\/div>\n<\/td>\n<\/tr>\n<tr>\n<td class=\"n54117_item_a1\">P\u00f6yd\u00e4n syvyys\u00a0<span class=\"n67256colon\">:<\/span><\/td>\n<td class=\"n54117_item_b1\">\n<div class=\"n54117_item_b_sub\">209 mm<\/div>\n<\/td>\n<\/tr>\n<tr>\n<td class=\"n54117_item_a2\">Korkeus\u00a0<span class=\"n67256colon\">:<\/span><\/td>\n<td class=\"n54117_item_b2\">\n<div class=\"n54117_item_b_sub\">1861 mm<\/div>\n<\/td>\n<\/tr>\n<tr>\n<td class=\"n54117_item_a1\"><span class=\"n67256colon\">Leveys:<\/span><\/td>\n<td class=\"n54117_item_b1\">\n<div class=\"n54117_item_b_sub\">935 mm<\/div>\n<\/td>\n<\/tr>\n<tr>\n<td class=\"n54117_item_a2\">Vakiovarusteet::<\/td>\n<td class=\"n54117_item_b2\">\n<div class=\"n54117_item_b_sub\">Vinssi<\/div>\n<div>Suojaverkko<\/div>\n<div>Kaksi v-alasinta<\/div>\n<div>K\u00e4sikahva\/poljin<\/div>\n<div>Paineilmapoljin<\/div>\n<\/td>\n<\/tr>\n<tr>\n<td class=\"n54117_item_a1\"><\/td>\n<td class=\"n54117_item_b1\"><\/td>\n<\/tr>\n<tr>\n<td class=\"n54117_item_a2\">Paino:<\/td>\n<td class=\"n54117_item_b2\">\n<div class=\"n54117_item_b_sub\">283 kg<\/div>\n<\/td>\n<\/tr>\n<tr>\n<td class=\"n54117_item_a1\">Ce-hyv\u00e4ksytty:<\/td>\n<td class=\"n54117_item_b1\">\n<div class=\"n54117_item_b_sub\">Kyll\u00e4<\/div>\n<\/td>\n<\/tr>\n<tr>\n<td class=\"n54117_item_a2\"><span class=\"n67256colon\">Takuu:<\/span><\/td>\n<td class=\"n54117_item_b2\">\n<div class=\"n54117_item_b_sub\">1 vuosi<\/div>\n<\/td>\n<\/tr>\n<\/tbody>\n<\/table>\n<p><img alt=\"\" fetchpriority=\"high\" decoding=\"async\" class=\"alignnone size-full wp-image-8980\" src=\"http:\/\/toolhouse.fi\/wp-content\/uploads\/2022\/05\/50t-hydrauliprassi-hitsattu-runko-1.jpg\" alt=\"\" width=\"830\" height=\"830\" srcset=\"https:\/\/toolhouse.fi\/wp-content\/uploads\/2022\/05\/50t-hydrauliprassi-hitsattu-runko-1.jpg 830w, https:\/\/toolhouse.fi\/wp-content\/uploads\/2022\/05\/50t-hydrauliprassi-hitsattu-runko-1-300x300.jpg 300w, https:\/\/toolhouse.fi\/wp-content\/uploads\/2022\/05\/50t-hydrauliprassi-hitsattu-runko-1-100x100.jpg 100w, https:\/\/toolhouse.fi\/wp-content\/uploads\/2022\/05\/50t-hydrauliprassi-hitsattu-runko-1-510x510.jpg 510w, https:\/\/toolhouse.fi\/wp-content\/uploads\/2022\/05\/50t-hydrauliprassi-hitsattu-runko-1-150x150.jpg 150w, https:\/\/toolhouse.fi\/wp-content\/uploads\/2022\/05\/50t-hydrauliprassi-hitsattu-runko-1-768x768.jpg 768w, https:\/\/toolhouse.fi\/wp-content\/uploads\/2022\/05\/50t-hydrauliprassi-hitsattu-runko-1-400x400.jpg 400w, https:\/\/toolhouse.fi\/wp-content\/uploads\/2022\/05\/50t-hydrauliprassi-hitsattu-runko-1-700x700.jpg 700w\" sizes=\"(max-width: 830px) 100vw, 830px\" \/><\/p>\n","protected":false},"excerpt":{"rendered":"<h3><strong><span class=\"Y2IQFc\" lang=\"fi\">50T paineilmahydraulinen hydraulipr\u00e4ssi vaativaan k\u00e4ytt\u00f6\u00f6n<\/span><\/strong><\/h3>\n<ul>\n<li>Vankka, hitsattu runko<\/li>\n<li>Voidaan k\u00e4ytt\u00e4\u00e4 kahvalla, polkimella tai paineilmapolkimella<\/li>\n<li>Puristusvoima\u00a0 50T<\/li>\n<li>Sivuttaissuunnassa liikuteltava puristussylinteri.<\/li>\n<li>Vinssi ty\u00f6tason nostoon \/ laskuun.<\/li>\n<li>Korkeuss\u00e4\u00e4dett\u00e4v\u00e4 ja irrotettava suojaverkko<\/li>\n<li>Vasteet 2 kpl<\/li>\n<li>Suuri ja selke\u00e4 painemittari<\/li>\n<li>Vaihdettava puristusk\u00e4rki<\/li>\n<li>Paino 283kg<\/li>\n<\/ul>\n","protected":false},"featured_media":8982,"template":"","meta":{"_acf_changed":false,"_seopress_robots_primary_cat":"none","_seopress_titles_title":"","_seopress_titles_desc":"","_seopress_robots_index":""},"product_cat":[138,620],"product_tag":[],"class_list":{"0":"post-8648","1":"product","2":"type-product","3":"status-publish","4":"has-post-thumbnail","6":"product_cat-hydrauliprassit","7":"product_cat-prassit","8":"product_shipping_class-m-201-94e","10":"first","11":"instock","12":"taxable","13":"shipping-taxable","14":"purchasable","15":"product-type-simple","swatches":"rey-swatches","show_selected":""},"acf":[],"_links":{"self":[{"href":"https:\/\/toolhouse.fi\/fi\/wp-json\/wp\/v2\/product\/8648","targetHints":{"allow":["GET"]}}],"collection":[{"href":"https:\/\/toolhouse.fi\/fi\/wp-json\/wp\/v2\/product"}],"about":[{"href":"https:\/\/toolhouse.fi\/fi\/wp-json\/wp\/v2\/types\/product"}],"version-history":[{"count":4,"href":"https:\/\/toolhouse.fi\/fi\/wp-json\/wp\/v2\/product\/8648\/revisions"}],"predecessor-version":[{"id":28921,"href":"https:\/\/toolhouse.fi\/fi\/wp-json\/wp\/v2\/product\/8648\/revisions\/28921"}],"wp:featuredmedia":[{"embeddable":true,"href":"https:\/\/toolhouse.fi\/fi\/wp-json\/wp\/v2\/media\/8982"}],"wp:attachment":[{"href":"https:\/\/toolhouse.fi\/fi\/wp-json\/wp\/v2\/media?parent=8648"}],"wp:term":[{"taxonomy":"product_cat","embeddable":true,"href":"https:\/\/toolhouse.fi\/fi\/wp-json\/wp\/v2\/product_cat?post=8648"},{"taxonomy":"product_tag","embeddable":true,"href":"https:\/\/toolhouse.fi\/fi\/wp-json\/wp\/v2\/product_tag?post=8648"}],"curies":[{"name":"wp","href":"https:\/\/api.w.org\/{rel}","templated":true}]}}