{"id":8658,"date":"2022-05-22T18:34:40","date_gmt":"2022-05-22T15:34:40","guid":{"rendered":"https:\/\/toolhouse.fi\/produkt\/walter-gk-630-4-0-270-p-valurauta-kompressori\/"},"modified":"2022-05-22T18:44:24","modified_gmt":"2022-05-22T15:44:24","slug":"walter-gk-630-4-0-270-p-valurauta-kompressori","status":"publish","type":"product","link":"https:\/\/toolhouse.fi\/fi\/tuote\/walter-gk-630-4-0-270-p-valurauta-kompressori\/","title":{"rendered":"Walter GK 630-4.0 \/ 270 P Valurauta kompressori"},"content":{"rendered":"<table>\n<tbody>\n<tr>\n<td><strong><span class=\"\">Valmistaja<\/span><\/strong><\/td>\n<td><strong>Walter kompressortechnik<\/strong><\/td>\n<\/tr>\n<tr>\n<td><strong>Malli<\/strong><\/td>\n<td><strong>GK 630-4.0 \/ 270 P<\/strong><\/td>\n<\/tr>\n<tr>\n<td><strong>Imutuotto (L\/Min)<\/strong><\/td>\n<td><strong>630<\/strong><\/td>\n<\/tr>\n<tr>\n<td><strong>Painetuotto (L\/Min)<\/strong><\/td>\n<td><strong>550<\/strong><\/td>\n<\/tr>\n<tr>\n<td><strong>Paine (bar)<\/strong><\/td>\n<td><strong>10<\/strong><\/td>\n<\/tr>\n<tr>\n<td><strong>Teho (kW\/HP)<\/strong><\/td>\n<td><strong>4,0 \/ 5,5<\/strong><\/td>\n<\/tr>\n<tr>\n<td><strong>S\u00e4ili\u00f6n Tilavuus (L)<\/strong><\/td>\n<td><strong>270<\/strong><\/td>\n<\/tr>\n<tr>\n<td><strong>Sylinteri m\u00e4\u00e4r\u00e4<\/strong><\/td>\n<td><strong>2 kpl<\/strong><\/td>\n<\/tr>\n<tr>\n<td><strong>Py\u00f6rimisnopeus (rpm)<\/strong><\/td>\n<td><strong>1060<\/strong><\/td>\n<\/tr>\n<tr>\n<td><strong>Leveys (mm)<\/strong><\/td>\n<td><strong>640<\/strong><\/td>\n<\/tr>\n<tr>\n<td><strong>Korkeus (mm)<\/strong><\/td>\n<td><strong>1150<\/strong><\/td>\n<\/tr>\n<tr>\n<td><strong>Pituus (mm)<\/strong><\/td>\n<td><strong><span class=\"goog-text-highlight\">1650<\/span><\/strong><\/td>\n<\/tr>\n<\/tbody>\n<\/table>\n<table>\n<tbody>\n<tr>\n<td><strong>Paino (kg)<\/strong><\/p>\n<p><strong>Melutaso (dB)\u00a0 \u00a0 \u00a0 \u00a0 \u00a0 \u00a0 \u00a0 \u00a0 \u00a0 \u00a0 \u00a0<\/strong><\/td>\n<td><strong>200\u00a0 \u00a0 \u00a0<\/strong><\/p>\n<p><strong>80\u00a0 \u00a0 \u00a0 \u00a0 \u00a0 \u00a0 \u00a0 \u00a0 \u00a0 \u00a0 \u00a0 \u00a0 \u00a0 \u00a0 \u00a0 .<\/strong><\/td>\n<\/tr>\n<tr>\n<td><strong>J\u00e4nnite (V)<\/strong><\/td>\n<td><strong>400<\/strong><\/td>\n<\/tr>\n<tr>\n<td><strong>Valmistusmaa<\/strong><\/td>\n<td><strong>Puola<\/strong><\/td>\n<\/tr>\n<tr>\n<td><strong>Ce-hyv\u00e4ksytty<\/strong><\/td>\n<td><strong>Kyll\u00e4<\/strong><\/td>\n<\/tr>\n<tr>\n<td><strong>Takuu<\/strong><\/td>\n<td><strong>1 vuosi<\/strong><\/td>\n<\/tr>\n<\/tbody>\n<\/table>\n","protected":false},"excerpt":{"rendered":"<ul>\n<li>Valurauta kompressori<\/li>\n<li>4,0kw \/ 5,5hv<\/li>\n<li>Ilmas\u00e4ili\u00f6 270L<\/li>\n<li>Painetuotto 550L<\/li>\n<li>Imutuotto 630L<\/li>\n<li>10 Bar<\/li>\n<li>2 sylinterinen<\/li>\n<li>80dB<\/li>\n<\/ul>\n<p>Toimintavarma ja laadukas Walter kompressori vaativiin k\u00e4ytt\u00f6kohteisiin, tehokas 4kw moottori ja <strong>painetuotto<\/strong> 550 l\/min.<\/p>\n<p>Walterissa on valurautaiset pumppulohkot, sylinterit ja sylinterinkannet, mik\u00e4 takaa alhaiset melutasot, paremman j\u00e4\u00e4hdytyksen ja pitk\u00e4n k\u00e4ytt\u00f6i\u00e4n.<\/p>\n<p><em><a href=\"https:\/\/walterpolska.pl\/home-pl-pl.html\" target=\"_blank\" rel=\"noopener\">Walter Kompressortechnik\u00a0<\/a><\/em>on yksi Euroopan johtavista kompressoreiden valmistajista,<\/p>\n<p>GK 630 on matalakierroksinen ja kest\u00e4v\u00e4 kompressori soveltuu ammattik\u00e4ytt\u00f6\u00f6n.<\/p>\n<p>&nbsp;<\/p>\n","protected":false},"featured_media":8657,"template":"","meta":{"_acf_changed":false,"_seopress_robots_primary_cat":"","_seopress_titles_title":"","_seopress_titles_desc":"","_seopress_robots_index":""},"product_cat":[217,322],"product_tag":[],"class_list":{"0":"post-8658","1":"product","2":"type-product","3":"status-publish","4":"has-post-thumbnail","6":"product_cat-kompressori-ja-paineilma","7":"product_cat-kompressorit","8":"product_shipping_class-m-201-94e","10":"first","11":"instock","12":"taxable","13":"shipping-taxable","14":"purchasable","15":"product-type-simple","swatches":"rey-swatches","show_selected":""},"acf":[],"_links":{"self":[{"href":"https:\/\/toolhouse.fi\/fi\/wp-json\/wp\/v2\/product\/8658","targetHints":{"allow":["GET"]}}],"collection":[{"href":"https:\/\/toolhouse.fi\/fi\/wp-json\/wp\/v2\/product"}],"about":[{"href":"https:\/\/toolhouse.fi\/fi\/wp-json\/wp\/v2\/types\/product"}],"version-history":[{"count":0,"href":"https:\/\/toolhouse.fi\/fi\/wp-json\/wp\/v2\/product\/8658\/revisions"}],"wp:featuredmedia":[{"embeddable":true,"href":"https:\/\/toolhouse.fi\/fi\/wp-json\/wp\/v2\/media\/8657"}],"wp:attachment":[{"href":"https:\/\/toolhouse.fi\/fi\/wp-json\/wp\/v2\/media?parent=8658"}],"wp:term":[{"taxonomy":"product_cat","embeddable":true,"href":"https:\/\/toolhouse.fi\/fi\/wp-json\/wp\/v2\/product_cat?post=8658"},{"taxonomy":"product_tag","embeddable":true,"href":"https:\/\/toolhouse.fi\/fi\/wp-json\/wp\/v2\/product_tag?post=8658"}],"curies":[{"name":"wp","href":"https:\/\/api.w.org\/{rel}","templated":true}]}}