{"id":9097,"date":"2022-06-14T13:37:09","date_gmt":"2022-06-14T10:37:09","guid":{"rendered":"https:\/\/toolhouse.fi\/produkt\/helojen-irroitussarja-34-80mm-27-osaa\/"},"modified":"2026-02-22T21:59:10","modified_gmt":"2026-02-22T19:59:10","slug":"helojen-irroitussarja-34-80mm-27-osaa","status":"publish","type":"product","link":"https:\/\/toolhouse.fi\/fi\/tuote\/helojen-irroitussarja-34-80mm-27-osaa\/","title":{"rendered":"Helojen irroitussarja 34 &#8211; 80mm, 27 osaa"},"content":{"rendered":"","protected":false},"excerpt":{"rendered":"<p>Helojen irroitus- ja asennussarja, jolla irrotat ja asennat esimerkiksi\u00a0 alustan puslia ja laakereita.<\/p>\n<p>Holkit sopivat k\u00e4ytett\u00e4v\u00e4ksi my\u00f6s hydraulipr\u00e4ssill\u00e4.<\/p>\n<p>Vankka kuppimalli, ei vaadi v\u00e4likappaleita heikompina putkimalleina.<\/p>\n<ul>\n<li>27 osaa<\/li>\n<li>22 puristusholkkia 34\u201380 mm (2 mm v\u00e4lein)<\/li>\n<li>5 kuulalaakeroitu tangot (M10, M12, M14, M16, M18)<\/li>\n<\/ul>\n<p><strong>Sis\u00e4lt\u00f6:<img alt=\"\" fetchpriority=\"high\" decoding=\"async\" class=\" wp-image-9098 alignright\" src=\"http:\/\/toolhouse.fi\/wp-content\/uploads\/2022\/06\/Helojen-irroitussarja-redats-2.png\" alt=\"\" width=\"293\" height=\"496\" srcset=\"https:\/\/toolhouse.fi\/wp-content\/uploads\/2022\/06\/Helojen-irroitussarja-redats-2.png 532w, https:\/\/toolhouse.fi\/wp-content\/uploads\/2022\/06\/Helojen-irroitussarja-redats-2-300x508.png 300w, https:\/\/toolhouse.fi\/wp-content\/uploads\/2022\/06\/Helojen-irroitussarja-redats-2-510x863.png 510w, https:\/\/toolhouse.fi\/wp-content\/uploads\/2022\/06\/Helojen-irroitussarja-redats-2-177x300.png 177w, https:\/\/toolhouse.fi\/wp-content\/uploads\/2022\/06\/Helojen-irroitussarja-redats-2-400x677.png 400w\" sizes=\"(max-width: 293px) 100vw, 293px\" \/><\/strong><\/p>\n<p>5 kuulalaakeroitu tangot:<\/p>\n<ul>\n<li value=\"1\">M10 x 350mm<\/li>\n<li value=\"2\">M12 x 350mm<\/li>\n<li value=\"3\">M14 x 350mm<\/li>\n<li value=\"4\">M16 x 350mm<\/li>\n<li value=\"5\">M18 x 350mm<\/li>\n<\/ul>\n<p>Vahvistetut adapterit, korkeus 60 mm<\/p>\n<ul>\n<li value=\"1\">\u00d8 ulko x sis\u00e4<\/li>\n<li value=\"1\">\u00d8 90\u00d780 mm<\/li>\n<li value=\"2\">\u00d8 85\u00d775 mm<\/li>\n<li value=\"3\">\u00d8 82\u00d772 mm<\/li>\n<li value=\"4\">\u00d8 80\u00d770 mm<\/li>\n<li value=\"5\">\u00d8 78\u00d768 mm<\/li>\n<li value=\"6\">\u00d8 76\u00d766 mm<\/li>\n<li value=\"7\">\u00d8 74\u00d764 mm<\/li>\n<li value=\"8\">\u00d8 72\u00d762 mm<\/li>\n<li value=\"9\">\u00d8 70\u00d760 mm<\/li>\n<li value=\"10\">\u00d8 68\u00d758 mm<\/li>\n<li value=\"11\">\u00d8 66\u00d756 mm<\/li>\n<li value=\"12\">\u00d8 64\u00d754 mm<\/li>\n<li value=\"13\">\u00d8 62\u00d752 mm<\/li>\n<li value=\"14\">\u00d8 60\u00d750 mm<\/li>\n<li value=\"15\">\u00d8 58\u00d748 mm<\/li>\n<li value=\"16\">\u00d8 56\u00d746 mm<\/li>\n<li value=\"17\">\u00d8 54\u00d744 mm<\/li>\n<li value=\"18\">\u00d8 52\u00d742 mm<\/li>\n<li value=\"19\">\u00d8 50\u00d740 mm<\/li>\n<li value=\"20\">\u00d8 48\u00d738 mm<\/li>\n<li value=\"21\">\u00d8 46\u00d736 mm<\/li>\n<li value=\"22\">\u00d8 44\u00d734 mm<\/li>\n<\/ul>\n<p>Valmistaja: Redats<\/p>\n<p>Takuu: 12 kuukautta<\/p>\n<p><img alt=\"\" decoding=\"async\" class=\"alignnone size-full wp-image-9094\" src=\"http:\/\/toolhouse.fi\/wp-content\/uploads\/2022\/06\/Helojen-irroitussarja-redats-27-osaa.jpg\" alt=\"\" width=\"900\" height=\"581\" srcset=\"https:\/\/toolhouse.fi\/wp-content\/uploads\/2022\/06\/Helojen-irroitussarja-redats-27-osaa.jpg 900w, https:\/\/toolhouse.fi\/wp-content\/uploads\/2022\/06\/Helojen-irroitussarja-redats-27-osaa-300x194.jpg 300w, https:\/\/toolhouse.fi\/wp-content\/uploads\/2022\/06\/Helojen-irroitussarja-redats-27-osaa-510x329.jpg 510w, https:\/\/toolhouse.fi\/wp-content\/uploads\/2022\/06\/Helojen-irroitussarja-redats-27-osaa-768x496.jpg 768w, https:\/\/toolhouse.fi\/wp-content\/uploads\/2022\/06\/Helojen-irroitussarja-redats-27-osaa-400x258.jpg 400w, https:\/\/toolhouse.fi\/wp-content\/uploads\/2022\/06\/Helojen-irroitussarja-redats-27-osaa-700x452.jpg 700w\" sizes=\"(max-width: 900px) 100vw, 900px\" \/><\/p>\n","protected":false},"featured_media":9076,"template":"","meta":{"_acf_changed":false,"_seopress_robots_primary_cat":"","_seopress_titles_title":"","_seopress_titles_desc":"","_seopress_robots_index":"","_seopress_analysis_target_kw":""},"product_cat":[481,339,138,40,462],"product_tag":[],"class_list":{"0":"post-9097","1":"product","2":"type-product","3":"status-publish","4":"has-post-thumbnail","6":"product_cat-alusta-ja-voimansiirtotyokalut","7":"product_cat-autotyokalut","8":"product_cat-hydrauliprassit","9":"product_cat-korjaamolaitteet","10":"product_cat-varaosat-ja-tarvikkeet-hydrauliprassit","11":"product_shipping_class-tillbehor-790e","13":"first","14":"instock","15":"taxable","16":"shipping-taxable","17":"purchasable","18":"product-type-simple","swatches":"rey-swatches","show_selected":""},"acf":[],"_links":{"self":[{"href":"https:\/\/toolhouse.fi\/fi\/wp-json\/wp\/v2\/product\/9097","targetHints":{"allow":["GET"]}}],"collection":[{"href":"https:\/\/toolhouse.fi\/fi\/wp-json\/wp\/v2\/product"}],"about":[{"href":"https:\/\/toolhouse.fi\/fi\/wp-json\/wp\/v2\/types\/product"}],"version-history":[{"count":0,"href":"https:\/\/toolhouse.fi\/fi\/wp-json\/wp\/v2\/product\/9097\/revisions"}],"wp:featuredmedia":[{"embeddable":true,"href":"https:\/\/toolhouse.fi\/fi\/wp-json\/wp\/v2\/media\/9076"}],"wp:attachment":[{"href":"https:\/\/toolhouse.fi\/fi\/wp-json\/wp\/v2\/media?parent=9097"}],"wp:term":[{"taxonomy":"product_cat","embeddable":true,"href":"https:\/\/toolhouse.fi\/fi\/wp-json\/wp\/v2\/product_cat?post=9097"},{"taxonomy":"product_tag","embeddable":true,"href":"https:\/\/toolhouse.fi\/fi\/wp-json\/wp\/v2\/product_tag?post=9097"}],"curies":[{"name":"wp","href":"https:\/\/api.w.org\/{rel}","templated":true}]}}