{"id":9111,"date":"2022-06-14T18:48:00","date_gmt":"2022-06-14T15:48:00","guid":{"rendered":"https:\/\/toolhouse.fi\/?post_type=product&#038;p=9111"},"modified":"2025-01-01T00:00:08","modified_gmt":"2024-12-31T22:00:08","slug":"momentinkertoja-1-k-120","status":"publish","type":"product","link":"https:\/\/toolhouse.fi\/fi\/tuote\/momentinkertoja-1-k-120\/","title":{"rendered":"Momentinkertoja 1&#8243; K-120"},"content":{"rendered":"","protected":false},"excerpt":{"rendered":"<p><span style=\"color: #282828;\"><strong><span style=\"font-size: 100%;\">Redats K-120<\/span><\/strong><\/span><\/p>\n<p><span style=\"color: #282828;\"><strong>Suurin v\u00e4\u00e4nt\u00f6 7000 Nm<\/strong><\/span><\/p>\n<p><span style=\"font-size: 100%; color: #282828;\">Momentinkertoja vaikeasti avattavien mutterien ja pulttien aukaisuun. Voiman moninkertaistuminen saadaan aikaiseksi planeettamekanismilla.<\/span><\/p>\n<p>&nbsp;<\/p>\n<ul>\n<li><span style=\"font-size: 100%; color: #282828;\">Redats K-120<\/span><\/li>\n<li><span style=\"font-size: 100%; color: #282828;\">V\u00e4lityssuhde 1:68<\/span><\/li>\n<li><span style=\"font-size: 100%; color: #282828;\">Kara 1&#8243;<\/span><\/li>\n<li><span style=\"font-size: 100%; color: #282828;\">Jatkovarsi<\/span><\/li>\n<li><span style=\"font-size: 100%; color: #282828;\">Hylsyt 32mm ja 33mm<\/span><\/li>\n<li><span style=\"font-size: 100%; color: #282828;\">V\u00e4\u00e4nt\u00f6momentti\u00a0 7000Nm<\/span><\/li>\n<li><span style=\"font-size: 100%; color: #282828;\">Paino 7,6kg<\/span><\/li>\n<li><span style=\"color: #282828; font-size: 100%;\"><span style=\"font-family: Arial, sans-serif;\">Takuu 1 vuosi.<\/span><\/span><\/li>\n<\/ul>\n","protected":false},"featured_media":9124,"template":"","meta":{"_acf_changed":false,"_seopress_robots_primary_cat":"","_seopress_titles_title":"","_seopress_titles_desc":"","_seopress_robots_index":""},"product_cat":[490,163,337,40],"product_tag":[],"class_list":{"0":"post-9111","1":"product","2":"type-product","3":"status-publish","4":"has-post-thumbnail","6":"product_cat-momentinkertojat","7":"product_cat-rengaskoneiden-tarvikkeet","8":"product_cat-tyokalut","9":"product_cat-korjaamolaitteet","10":"product_shipping_class-tillbehor-590e","12":"first","13":"instock","14":"taxable","15":"shipping-taxable","16":"purchasable","17":"product-type-simple","swatches":"rey-swatches","show_selected":""},"acf":[],"_links":{"self":[{"href":"https:\/\/toolhouse.fi\/fi\/wp-json\/wp\/v2\/product\/9111","targetHints":{"allow":["GET"]}}],"collection":[{"href":"https:\/\/toolhouse.fi\/fi\/wp-json\/wp\/v2\/product"}],"about":[{"href":"https:\/\/toolhouse.fi\/fi\/wp-json\/wp\/v2\/types\/product"}],"version-history":[{"count":0,"href":"https:\/\/toolhouse.fi\/fi\/wp-json\/wp\/v2\/product\/9111\/revisions"}],"wp:featuredmedia":[{"embeddable":true,"href":"https:\/\/toolhouse.fi\/fi\/wp-json\/wp\/v2\/media\/9124"}],"wp:attachment":[{"href":"https:\/\/toolhouse.fi\/fi\/wp-json\/wp\/v2\/media?parent=9111"}],"wp:term":[{"taxonomy":"product_cat","embeddable":true,"href":"https:\/\/toolhouse.fi\/fi\/wp-json\/wp\/v2\/product_cat?post=9111"},{"taxonomy":"product_tag","embeddable":true,"href":"https:\/\/toolhouse.fi\/fi\/wp-json\/wp\/v2\/product_tag?post=9111"}],"curies":[{"name":"wp","href":"https:\/\/api.w.org\/{rel}","templated":true}]}}