{"id":9238,"date":"2022-06-23T18:37:37","date_gmt":"2022-06-23T15:37:37","guid":{"rendered":"https:\/\/toolhouse.fi\/produkt\/asennuskahva-rengaskoneeseen\/"},"modified":"2025-09-14T09:28:46","modified_gmt":"2025-09-14T06:28:46","slug":"asennuskahva-rengaskoneeseen","status":"publish","type":"product","link":"https:\/\/toolhouse.fi\/fi\/tuote\/asennuskahva-rengaskoneeseen\/","title":{"rendered":"Asennuskahva rengaskoneeseen"},"content":{"rendered":"","protected":false},"excerpt":{"rendered":"<p>Asennuskahva helpotat ja nopeutat renkaan asennusta vanteelle.<\/p>\n<p>Ty\u00f6kalu est\u00e4\u00e4 rengasta nousemasta toiselta puolelta vanteelta pois, kun rengasta painetaan asennusp\u00e4\u00e4ll\u00e4 vanteelle.<\/p>\n<p>&nbsp;<\/p>\n<p>Pituus 300mm<\/p>\n","protected":false},"featured_media":9233,"template":"","meta":{"_acf_changed":false,"_seopress_robots_primary_cat":"","_seopress_titles_title":"","_seopress_titles_desc":"","_seopress_robots_index":""},"product_cat":[475,163],"product_tag":[],"class_list":{"0":"post-9238","1":"product","2":"type-product","3":"status-publish","4":"has-post-thumbnail","6":"product_cat-lisavarusteet-ja-varaosat","7":"product_cat-rengaskoneiden-tarvikkeet","8":"product_shipping_class-tillbehor-590e","10":"first","11":"instock","12":"taxable","13":"shipping-taxable","14":"purchasable","15":"product-type-simple","swatches":"rey-swatches","show_selected":""},"acf":[],"_links":{"self":[{"href":"https:\/\/toolhouse.fi\/fi\/wp-json\/wp\/v2\/product\/9238","targetHints":{"allow":["GET"]}}],"collection":[{"href":"https:\/\/toolhouse.fi\/fi\/wp-json\/wp\/v2\/product"}],"about":[{"href":"https:\/\/toolhouse.fi\/fi\/wp-json\/wp\/v2\/types\/product"}],"version-history":[{"count":0,"href":"https:\/\/toolhouse.fi\/fi\/wp-json\/wp\/v2\/product\/9238\/revisions"}],"wp:featuredmedia":[{"embeddable":true,"href":"https:\/\/toolhouse.fi\/fi\/wp-json\/wp\/v2\/media\/9233"}],"wp:attachment":[{"href":"https:\/\/toolhouse.fi\/fi\/wp-json\/wp\/v2\/media?parent=9238"}],"wp:term":[{"taxonomy":"product_cat","embeddable":true,"href":"https:\/\/toolhouse.fi\/fi\/wp-json\/wp\/v2\/product_cat?post=9238"},{"taxonomy":"product_tag","embeddable":true,"href":"https:\/\/toolhouse.fi\/fi\/wp-json\/wp\/v2\/product_tag?post=9238"}],"curies":[{"name":"wp","href":"https:\/\/api.w.org\/{rel}","templated":true}]}}