{"id":9348,"date":"2022-07-07T15:35:00","date_gmt":"2022-07-07T12:35:00","guid":{"rendered":"https:\/\/toolhouse.fi\/produkt\/nestetayttoventtiili-renkaille\/"},"modified":"2023-01-24T13:30:42","modified_gmt":"2023-01-24T11:30:42","slug":"nestetayttoventtiili-renkaille","status":"publish","type":"product","link":"https:\/\/toolhouse.fi\/fi\/tuote\/nestetayttoventtiili-renkaille\/","title":{"rendered":"Nestet\u00e4ytt\u00f6venttiili renkaille"},"content":{"rendered":"","protected":false},"excerpt":{"rendered":"<p>Venttiiliadapteri nesteen\u00a0t\u00e4ytt\u00e4minen ja tyhjent\u00e4minen.<\/p>\n<p>Sopii ventiileihin jossa m12x1mm kierre esim TR618A, TR218A.<\/p>\n<p>Suomenkieliset k\u00e4ytt\u00f6ohjeet.<\/p>\n<p>&nbsp;<\/p>\n","protected":false},"featured_media":9347,"template":"","meta":{"_acf_changed":false,"_seopress_robots_primary_cat":"","_seopress_titles_title":"","_seopress_titles_desc":"","_seopress_robots_index":""},"product_cat":[163],"product_tag":[],"class_list":{"0":"post-9348","1":"product","2":"type-product","3":"status-publish","4":"has-post-thumbnail","6":"product_cat-rengaskoneiden-tarvikkeet","7":"product_shipping_class-tillbehor-590e","9":"first","10":"instock","11":"taxable","12":"shipping-taxable","13":"purchasable","14":"product-type-simple","swatches":"rey-swatches","show_selected":""},"acf":[],"_links":{"self":[{"href":"https:\/\/toolhouse.fi\/fi\/wp-json\/wp\/v2\/product\/9348","targetHints":{"allow":["GET"]}}],"collection":[{"href":"https:\/\/toolhouse.fi\/fi\/wp-json\/wp\/v2\/product"}],"about":[{"href":"https:\/\/toolhouse.fi\/fi\/wp-json\/wp\/v2\/types\/product"}],"version-history":[{"count":0,"href":"https:\/\/toolhouse.fi\/fi\/wp-json\/wp\/v2\/product\/9348\/revisions"}],"wp:featuredmedia":[{"embeddable":true,"href":"https:\/\/toolhouse.fi\/fi\/wp-json\/wp\/v2\/media\/9347"}],"wp:attachment":[{"href":"https:\/\/toolhouse.fi\/fi\/wp-json\/wp\/v2\/media?parent=9348"}],"wp:term":[{"taxonomy":"product_cat","embeddable":true,"href":"https:\/\/toolhouse.fi\/fi\/wp-json\/wp\/v2\/product_cat?post=9348"},{"taxonomy":"product_tag","embeddable":true,"href":"https:\/\/toolhouse.fi\/fi\/wp-json\/wp\/v2\/product_tag?post=9348"}],"curies":[{"name":"wp","href":"https:\/\/api.w.org\/{rel}","templated":true}]}}