{"id":9976,"date":"2022-10-01T13:03:36","date_gmt":"2022-10-01T10:03:36","guid":{"rendered":"https:\/\/toolhouse.fi\/produkt\/paineensaadin-3-8\/"},"modified":"2023-10-11T19:18:48","modified_gmt":"2023-10-11T16:18:48","slug":"paineensaadin-3-8","status":"publish","type":"product","link":"https:\/\/toolhouse.fi\/fi\/tuote\/paineensaadin-3-8\/","title":{"rendered":"Paineens\u00e4\u00e4din 3\/8"},"content":{"rendered":"","protected":false},"excerpt":{"rendered":"<p><strong>Redats P-610 3\/8<\/strong><\/p>\n<ul>\n<li>3\/8&#8243; sis\u00e4kierre<\/li>\n<li>Max. paine 9 bar<\/li>\n<li>K\u00e4ytt\u00f6l\u00e4mp\u00f6tila\u00a0 0\u00b0C &#8230; +60\u00b0C<\/li>\n<li>Sis\u00e4lt\u00e4\u00e4 s\u00e4\u00e4dett\u00e4v\u00e4n \u00f6ljyttimen, paineens\u00e4\u00e4timen, painemittarin, suodatin ja vedenerottimen<\/li>\n<li>Sis\u00e4lt\u00e4\u00e4 3\/8 RQS pistoliitin ja 3\/8 RQS pikaliitin<\/li>\n<\/ul>\n","protected":false},"featured_media":14483,"template":"","meta":{"_acf_changed":false,"_seopress_robots_primary_cat":"","_seopress_titles_title":"","_seopress_titles_desc":"","_seopress_robots_index":""},"product_cat":[217,331],"product_tag":[],"class_list":{"0":"post-9976","1":"product","2":"type-product","3":"status-publish","4":"has-post-thumbnail","6":"product_cat-kompressori-ja-paineilma","7":"product_cat-muut-paineilmalaitteet","8":"product_shipping_class-tillbehor-790e","10":"first","11":"instock","12":"taxable","13":"shipping-taxable","14":"purchasable","15":"product-type-simple","swatches":"rey-swatches","show_selected":""},"acf":[],"_links":{"self":[{"href":"https:\/\/toolhouse.fi\/fi\/wp-json\/wp\/v2\/product\/9976","targetHints":{"allow":["GET"]}}],"collection":[{"href":"https:\/\/toolhouse.fi\/fi\/wp-json\/wp\/v2\/product"}],"about":[{"href":"https:\/\/toolhouse.fi\/fi\/wp-json\/wp\/v2\/types\/product"}],"version-history":[{"count":0,"href":"https:\/\/toolhouse.fi\/fi\/wp-json\/wp\/v2\/product\/9976\/revisions"}],"wp:featuredmedia":[{"embeddable":true,"href":"https:\/\/toolhouse.fi\/fi\/wp-json\/wp\/v2\/media\/14483"}],"wp:attachment":[{"href":"https:\/\/toolhouse.fi\/fi\/wp-json\/wp\/v2\/media?parent=9976"}],"wp:term":[{"taxonomy":"product_cat","embeddable":true,"href":"https:\/\/toolhouse.fi\/fi\/wp-json\/wp\/v2\/product_cat?post=9976"},{"taxonomy":"product_tag","embeddable":true,"href":"https:\/\/toolhouse.fi\/fi\/wp-json\/wp\/v2\/product_tag?post=9976"}],"curies":[{"name":"wp","href":"https:\/\/api.w.org\/{rel}","templated":true}]}}