{"id":20358,"date":"2024-10-10T12:50:38","date_gmt":"2024-10-10T09:50:38","guid":{"rendered":"https:\/\/toolhouse.fi\/vanligt-stallda-fragor\/"},"modified":"2025-09-02T16:25:39","modified_gmt":"2025-09-02T13:25:39","slug":"vanligt-stallda-fragor","status":"publish","type":"page","link":"https:\/\/toolhouse.fi\/sv\/vanligt-stallda-fragor\/","title":{"rendered":"Vanligt st\u00e4llda fr\u00e5gor"},"content":{"rendered":"\t\t<div data-elementor-type=\"wp-page\" data-elementor-id=\"20358\" class=\"elementor elementor-20358 elementor-18125\" data-elementor-post-type=\"page\">\n\t\t\t\t<div class=\"e-con-top elementor-element elementor-element-7f0be72 content e-flex e-con-boxed e-con e-parent\" data-id=\"7f0be72\" data-element_type=\"container\" data-e-type=\"container\">\n\t\t\t\t\t<div class=\"e-con-inner\">\n\t\t\t\t<div class=\"elementor-element elementor-element-6e6d910 elementor-widget elementor-widget-heading\" data-id=\"6e6d910\" data-element_type=\"widget\" data-e-type=\"widget\" data-widget_type=\"heading.default\">\n\t\t\t\t<div class=\"elementor-widget-container\">\n\t\t\t\t\t<h2 class=\"elementor-heading-title elementor-size-default\">Vanligt st\u00e4llda fr\u00e5gor<\/h2>\t\t\t\t<\/div>\n\t\t\t\t<\/div>\n\t\t\t\t<div class=\"elementor-element elementor-element-c10772f elementor-widget elementor-widget-n-accordion\" data-id=\"c10772f\" data-element_type=\"widget\" data-e-type=\"widget\" data-settings=\"{&quot;n_accordion_animation_duration&quot;:{&quot;unit&quot;:&quot;ms&quot;,&quot;size&quot;:200,&quot;sizes&quot;:[]},&quot;default_state&quot;:&quot;all_collapsed&quot;,&quot;max_items_expended&quot;:&quot;one&quot;}\" data-widget_type=\"nested-accordion.default\">\n\t\t\t\t<div class=\"elementor-widget-container\">\n\t\t\t\t\t\t\t<div class=\"e-n-accordion\" aria-label=\"Accordion. Open links with Enter or Space, close with Escape, and navigate with Arrow Keys\">\n\t\t\t\t\t\t<details id=\"e-n-accordion-item-2020\" class=\"e-n-accordion-item\" >\n\t\t\t\t<summary class=\"e-n-accordion-item-title\" data-accordion-index=\"1\" tabindex=\"0\" aria-expanded=\"false\" aria-controls=\"e-n-accordion-item-2020\" >\n\t\t\t\t\t<span class='e-n-accordion-item-title-header'><h2 class=\"e-n-accordion-item-title-text\"> Hur l\u00e5ng \u00e4r leveranstiden? <\/h2><\/span>\n\t\t\t\t\t\t\t<span class='e-n-accordion-item-title-icon'>\n\t\t\t<span class='e-opened' ><i aria-hidden=\"true\" class=\"fas fa-minus\"><\/i><\/span>\n\t\t\t<span class='e-closed'><i aria-hidden=\"true\" class=\"fas fa-plus\"><\/i><\/span>\n\t\t<\/span>\n\n\t\t\t\t\t\t<\/summary>\n\t\t\t\t<div role=\"region\" aria-labelledby=\"e-n-accordion-item-2020\" class=\"elementor-element elementor-element-375c584 e-con-full e-flex e-con e-child\" data-id=\"375c584\" data-element_type=\"container\" data-e-type=\"container\">\n\t\t\t\t<div class=\"elementor-element elementor-element-a39bb44 elementor-widget elementor-widget-text-editor\" data-id=\"a39bb44\" data-element_type=\"widget\" data-e-type=\"widget\" data-widget_type=\"text-editor.default\">\n\t\t\t\t<div class=\"elementor-widget-container\">\n\t\t\t\t\t\t\t\t\t<p>V\u00e5rt lager \u00e4r bel\u00e4get i V\u00f6r\u00e5, Finland. Vi behandlar din best\u00e4llning omedelbart och produkterna skickas vanligtvis samma dag. Alla produkter som finns i v\u00e5r webbutik finns i v\u00e5rt eget lager. Eftersom maskinerna finns i v\u00e5rt lager uppst\u00e5r ingen extra v\u00e4ntetid. Leverans tar vanligtvis 1-3 arbetsdagar, i undantagsfall kan leveranstiden vara n\u00e5got l\u00e4ngre, till exempel till norra Finland och \u00c5land.    <\/p>\n\t\t\t\t\t\t\t\t<\/div>\n\t\t\t\t<\/div>\n\t\t\t\t<\/div>\n\t\t\t\t\t<\/details>\n\t\t\t\t\t\t<details id=\"e-n-accordion-item-2021\" class=\"e-n-accordion-item\" >\n\t\t\t\t<summary class=\"e-n-accordion-item-title\" data-accordion-index=\"2\" tabindex=\"-1\" aria-expanded=\"false\" aria-controls=\"e-n-accordion-item-2021\" >\n\t\t\t\t\t<span class='e-n-accordion-item-title-header'><h2 class=\"e-n-accordion-item-title-text\"> Hur kommer min best\u00e4llning att levereras? <\/h2><\/span>\n\t\t\t\t\t\t\t<span class='e-n-accordion-item-title-icon'>\n\t\t\t<span class='e-opened' ><i aria-hidden=\"true\" class=\"fas fa-minus\"><\/i><\/span>\n\t\t\t<span class='e-closed'><i aria-hidden=\"true\" class=\"fas fa-plus\"><\/i><\/span>\n\t\t<\/span>\n\n\t\t\t\t\t\t<\/summary>\n\t\t\t\t<div role=\"region\" aria-labelledby=\"e-n-accordion-item-2021\" class=\"elementor-element elementor-element-846ba0e e-con-full e-flex e-con e-child\" data-id=\"846ba0e\" data-element_type=\"container\" data-e-type=\"container\">\n\t\t\t\t<div class=\"elementor-element elementor-element-54360be elementor-widget elementor-widget-text-editor\" data-id=\"54360be\" data-element_type=\"widget\" data-e-type=\"widget\" data-widget_type=\"text-editor.default\">\n\t\t\t\t<div class=\"elementor-widget-container\">\n\t\t\t\t\t\t\t\t\t<p>N\u00e4r du best\u00e4ller fr\u00e5n v\u00e5r webbutik v\u00e4ljer du l\u00e4mpligt leveranss\u00e4tt i kassan. Paketen skickas med Posten eller Matkahuolto. Paketen levereras till n\u00e4rmaste uth\u00e4mtningsst\u00e4lle eller som ett valfritt hempaket. St\u00f6rre f\u00f6rs\u00e4ndelser skickas som frakt, t.ex. via Posten.   <\/p>\n\t\t\t\t\t\t\t\t<\/div>\n\t\t\t\t<\/div>\n\t\t\t\t<\/div>\n\t\t\t\t\t<\/details>\n\t\t\t\t\t\t<details id=\"e-n-accordion-item-2022\" class=\"e-n-accordion-item\" >\n\t\t\t\t<summary class=\"e-n-accordion-item-title\" data-accordion-index=\"3\" tabindex=\"-1\" aria-expanded=\"false\" aria-controls=\"e-n-accordion-item-2022\" >\n\t\t\t\t\t<span class='e-n-accordion-item-title-header'><h2 class=\"e-n-accordion-item-title-text\"> Hur g\u00f6r jag en best\u00e4llning? <\/h2><\/span>\n\t\t\t\t\t\t\t<span class='e-n-accordion-item-title-icon'>\n\t\t\t<span class='e-opened' ><i aria-hidden=\"true\" class=\"fas fa-minus\"><\/i><\/span>\n\t\t\t<span class='e-closed'><i aria-hidden=\"true\" class=\"fas fa-plus\"><\/i><\/span>\n\t\t<\/span>\n\n\t\t\t\t\t\t<\/summary>\n\t\t\t\t<div role=\"region\" aria-labelledby=\"e-n-accordion-item-2022\" class=\"elementor-element elementor-element-e3ac0ea e-con-full e-flex e-con e-child\" data-id=\"e3ac0ea\" data-element_type=\"container\" data-e-type=\"container\">\n\t\t\t\t<div class=\"elementor-element elementor-element-54bc1f4 elementor-widget elementor-widget-text-editor\" data-id=\"54bc1f4\" data-element_type=\"widget\" data-e-type=\"widget\" data-widget_type=\"text-editor.default\">\n\t\t\t\t<div class=\"elementor-widget-container\">\n\t\t\t\t\t\t\t\t\t<p>Best\u00e4llning sker enklast via v\u00e5r webbshop, alternativt via telefon eller e-post. Vi erbjuder personlig service, b\u00e5de n\u00e4r det g\u00e4ller f\u00f6rs\u00e4ljning och teknisk support. <\/p>\n\t\t\t\t\t\t\t\t<\/div>\n\t\t\t\t<\/div>\n\t\t\t\t<\/div>\n\t\t\t\t\t<\/details>\n\t\t\t\t\t\t<details id=\"e-n-accordion-item-2023\" class=\"e-n-accordion-item\" >\n\t\t\t\t<summary class=\"e-n-accordion-item-title\" data-accordion-index=\"4\" tabindex=\"-1\" aria-expanded=\"false\" aria-controls=\"e-n-accordion-item-2023\" >\n\t\t\t\t\t<span class='e-n-accordion-item-title-header'><h2 class=\"e-n-accordion-item-title-text\"> Beh\u00f6vs truck vid lossning av billyft? <\/h2><\/span>\n\t\t\t\t\t\t\t<span class='e-n-accordion-item-title-icon'>\n\t\t\t<span class='e-opened' ><i aria-hidden=\"true\" class=\"fas fa-minus\"><\/i><\/span>\n\t\t\t<span class='e-closed'><i aria-hidden=\"true\" class=\"fas fa-plus\"><\/i><\/span>\n\t\t<\/span>\n\n\t\t\t\t\t\t<\/summary>\n\t\t\t\t<div role=\"region\" aria-labelledby=\"e-n-accordion-item-2023\" class=\"elementor-element elementor-element-cb95401 e-con-full e-flex e-con e-child\" data-id=\"cb95401\" data-element_type=\"container\" data-e-type=\"container\">\n\t\t\t\t<div class=\"elementor-element elementor-element-7955cfc elementor-widget elementor-widget-text-editor\" data-id=\"7955cfc\" data-element_type=\"widget\" data-e-type=\"widget\" data-widget_type=\"text-editor.default\">\n\t\t\t\t<div class=\"elementor-widget-container\">\n\t\t\t\t\t\t\t\t\t<p>Vid leverans av lyftar med tv\u00e5, fyra eller en pelare kr\u00e4vs lyfthj\u00e4lp av t.ex. gaffeltruck f\u00f6r lossning, eftersom l\u00e4ngden p\u00e5 f\u00f6rs\u00e4ndelsen \u00e4r \u00f6ver 240 cm. Om du inte har m\u00f6jlighet att lossa med truck kan du best\u00e4lla leverans med kranbil. Kontakta oss g\u00e4rna f\u00f6r information om leveranskostnader till din adress. Saxlyftar levereras av lastbil med bakgavellyft, s\u00e5 ingen ytterligare lyfthj\u00e4lp kr\u00e4vs.<\/p>\t\t\t\t\t\t\t\t<\/div>\n\t\t\t\t<\/div>\n\t\t\t\t<\/div>\n\t\t\t\t\t<\/details>\n\t\t\t\t\t\t<details id=\"e-n-accordion-item-2024\" class=\"e-n-accordion-item\" >\n\t\t\t\t<summary class=\"e-n-accordion-item-title\" data-accordion-index=\"5\" tabindex=\"-1\" aria-expanded=\"false\" aria-controls=\"e-n-accordion-item-2024\" >\n\t\t\t\t\t<span class='e-n-accordion-item-title-header'><h2 class=\"e-n-accordion-item-title-text\"> Var \u00e4r mitt paket? <\/h2><\/span>\n\t\t\t\t\t\t\t<span class='e-n-accordion-item-title-icon'>\n\t\t\t<span class='e-opened' ><i aria-hidden=\"true\" class=\"fas fa-minus\"><\/i><\/span>\n\t\t\t<span class='e-closed'><i aria-hidden=\"true\" class=\"fas fa-plus\"><\/i><\/span>\n\t\t<\/span>\n\n\t\t\t\t\t\t<\/summary>\n\t\t\t\t<div role=\"region\" aria-labelledby=\"e-n-accordion-item-2024\" class=\"elementor-element elementor-element-0690f99 e-con-full e-flex e-con e-child\" data-id=\"0690f99\" data-element_type=\"container\" data-e-type=\"container\">\n\t\t\t\t<div class=\"elementor-element elementor-element-82c5979 elementor-widget elementor-widget-text-editor\" data-id=\"82c5979\" data-element_type=\"widget\" data-e-type=\"widget\" data-widget_type=\"text-editor.default\">\n\t\t\t\t<div class=\"elementor-widget-container\">\n\t\t\t\t\t\t\t\t\t<p>Du f\u00e5r en l\u00e4nk f\u00f6r att sp\u00e5ra f\u00f6rs\u00e4ndelsen via e-post n\u00e4r paketet har skickats. Om du inte har f\u00e5tt n\u00e5got mejl, kontrollera f\u00f6rst skr\u00e4pposten och att du angivit r\u00e4tt e-postadress i din best\u00e4llning. I annat fall, kontakta v\u00e5r kundtj\u00e4nst.<\/p>\t\t\t\t\t\t\t\t<\/div>\n\t\t\t\t<\/div>\n\t\t\t\t<\/div>\n\t\t\t\t\t<\/details>\n\t\t\t\t\t\t<details id=\"e-n-accordion-item-2025\" class=\"e-n-accordion-item\" >\n\t\t\t\t<summary class=\"e-n-accordion-item-title\" data-accordion-index=\"6\" tabindex=\"-1\" aria-expanded=\"false\" aria-controls=\"e-n-accordion-item-2025\" >\n\t\t\t\t\t<span class='e-n-accordion-item-title-header'><h2 class=\"e-n-accordion-item-title-text\"> \u00c4r best\u00e4llningar till \u00c5land momsbefriade? <\/h2><\/span>\n\t\t\t\t\t\t\t<span class='e-n-accordion-item-title-icon'>\n\t\t\t<span class='e-opened' ><i aria-hidden=\"true\" class=\"fas fa-minus\"><\/i><\/span>\n\t\t\t<span class='e-closed'><i aria-hidden=\"true\" class=\"fas fa-plus\"><\/i><\/span>\n\t\t<\/span>\n\n\t\t\t\t\t\t<\/summary>\n\t\t\t\t<div role=\"region\" aria-labelledby=\"e-n-accordion-item-2025\" class=\"elementor-element elementor-element-220ddfc e-con-full e-flex e-con e-child\" data-id=\"220ddfc\" data-element_type=\"container\" data-e-type=\"container\">\n\t\t\t\t<div class=\"elementor-element elementor-element-a9993d9 elementor-widget elementor-widget-text-editor\" data-id=\"a9993d9\" data-element_type=\"widget\" data-e-type=\"widget\" data-widget_type=\"text-editor.default\">\n\t\t\t\t<div class=\"elementor-widget-container\">\n\t\t\t\t\t\t\t\t\t<p>Du kan k\u00f6pa momsfritt till \u00c5land i v\u00e5r webbutik. Fraktleveranser levereras till terminalen i Mariehamn. <\/p>\n\t\t\t\t\t\t\t\t<\/div>\n\t\t\t\t<\/div>\n\t\t\t\t<\/div>\n\t\t\t\t\t<\/details>\n\t\t\t\t\t\t<details id=\"e-n-accordion-item-2026\" class=\"e-n-accordion-item\" >\n\t\t\t\t<summary class=\"e-n-accordion-item-title\" data-accordion-index=\"7\" tabindex=\"-1\" aria-expanded=\"false\" aria-controls=\"e-n-accordion-item-2026\" >\n\t\t\t\t\t<span class='e-n-accordion-item-title-header'><h2 class=\"e-n-accordion-item-title-text\"> Finns det n\u00e5gon butik d\u00e4r jag kan testa maskinerna? <\/h2><\/span>\n\t\t\t\t\t\t\t<span class='e-n-accordion-item-title-icon'>\n\t\t\t<span class='e-opened' ><i aria-hidden=\"true\" class=\"fas fa-minus\"><\/i><\/span>\n\t\t\t<span class='e-closed'><i aria-hidden=\"true\" class=\"fas fa-plus\"><\/i><\/span>\n\t\t<\/span>\n\n\t\t\t\t\t\t<\/summary>\n\t\t\t\t<div role=\"region\" aria-labelledby=\"e-n-accordion-item-2026\" class=\"elementor-element elementor-element-6fb437c e-con-full e-flex e-con e-child\" data-id=\"6fb437c\" data-element_type=\"container\" data-e-type=\"container\">\n\t\t\t\t<div class=\"elementor-element elementor-element-05eca1b elementor-widget elementor-widget-text-editor\" data-id=\"05eca1b\" data-element_type=\"widget\" data-e-type=\"widget\" data-widget_type=\"text-editor.default\">\n\t\t\t\t<div class=\"elementor-widget-container\">\n\t\t\t\t\t\t\t\t\t<p>V\u00e5r butik ligger i V\u00f6r\u00e5. Vi har ett brett sortiment av produkter och olika maskiner kan j\u00e4mf\u00f6ras och testas p\u00e5 plats, till exempel d\u00e4ckmaskiner. Vi har \u00f6ppet torsdagar kl. 10.00-19.00, \u00f6vriga tider v\u00e4nligen kontakta oss innan ditt bes\u00f6k f\u00f6r att vara s\u00e4ker p\u00e5 att vi finns p\u00e5 plats.  <\/p>\n\t\t\t\t\t\t\t\t<\/div>\n\t\t\t\t<\/div>\n\t\t\t\t<\/div>\n\t\t\t\t\t<\/details>\n\t\t\t\t\t\t<details id=\"e-n-accordion-item-2027\" class=\"e-n-accordion-item\" >\n\t\t\t\t<summary class=\"e-n-accordion-item-title\" data-accordion-index=\"8\" tabindex=\"-1\" aria-expanded=\"false\" aria-controls=\"e-n-accordion-item-2027\" >\n\t\t\t\t\t<span class='e-n-accordion-item-title-header'><h2 class=\"e-n-accordion-item-title-text\"> Vem \u00e4r import\u00f6r av maskinerna? <\/h2><\/span>\n\t\t\t\t\t\t\t<span class='e-n-accordion-item-title-icon'>\n\t\t\t<span class='e-opened' ><i aria-hidden=\"true\" class=\"fas fa-minus\"><\/i><\/span>\n\t\t\t<span class='e-closed'><i aria-hidden=\"true\" class=\"fas fa-plus\"><\/i><\/span>\n\t\t<\/span>\n\n\t\t\t\t\t\t<\/summary>\n\t\t\t\t<div role=\"region\" aria-labelledby=\"e-n-accordion-item-2027\" class=\"elementor-element elementor-element-1c9ad2b e-con-full e-flex e-con e-child\" data-id=\"1c9ad2b\" data-element_type=\"container\" data-e-type=\"container\">\n\t\t\t\t<div class=\"elementor-element elementor-element-bf2c779 elementor-widget elementor-widget-text-editor\" data-id=\"bf2c779\" data-element_type=\"widget\" data-e-type=\"widget\" data-widget_type=\"text-editor.default\">\n\t\t\t\t<div class=\"elementor-widget-container\">\n\t\t\t\t\t\t\t\t\t<p>Vi importerar maskiner direkt fr\u00e5n tillverkarna, utan mellanh\u00e4nder och alltid i stora kvantiteter, vilket g\u00f6r att vi undviker on\u00f6diga kostnader och kan erbjuda v\u00e5ra kunder mycket bra priser. Vi har ett n\u00e4ra samarbete med v\u00e5ra leverant\u00f6rer, vilket borgar f\u00f6r h\u00f6g produktkvalitet och att teknisk support, reservdelar etc. hanteras snabbt och smidigt.  <\/p>\n\t\t\t\t\t\t\t\t<\/div>\n\t\t\t\t<\/div>\n\t\t\t\t<\/div>\n\t\t\t\t\t<\/details>\n\t\t\t\t\t\t<details id=\"e-n-accordion-item-2028\" class=\"e-n-accordion-item\" >\n\t\t\t\t<summary class=\"e-n-accordion-item-title\" data-accordion-index=\"9\" tabindex=\"-1\" aria-expanded=\"false\" aria-controls=\"e-n-accordion-item-2028\" >\n\t\t\t\t\t<span class='e-n-accordion-item-title-header'><h2 class=\"e-n-accordion-item-title-text\"> Finns det st\u00f6d p\u00e5 svenska och finska? <\/h2><\/span>\n\t\t\t\t\t\t\t<span class='e-n-accordion-item-title-icon'>\n\t\t\t<span class='e-opened' ><i aria-hidden=\"true\" class=\"fas fa-minus\"><\/i><\/span>\n\t\t\t<span class='e-closed'><i aria-hidden=\"true\" class=\"fas fa-plus\"><\/i><\/span>\n\t\t<\/span>\n\n\t\t\t\t\t\t<\/summary>\n\t\t\t\t<div role=\"region\" aria-labelledby=\"e-n-accordion-item-2028\" class=\"elementor-element elementor-element-4c974ae e-con-full e-flex e-con e-child\" data-id=\"4c974ae\" data-element_type=\"container\" data-e-type=\"container\">\n\t\t\t\t<div class=\"elementor-element elementor-element-9531718 elementor-widget elementor-widget-text-editor\" data-id=\"9531718\" data-element_type=\"widget\" data-e-type=\"widget\" data-widget_type=\"text-editor.default\">\n\t\t\t\t<div class=\"elementor-widget-container\">\n\t\t\t\t\t\t\t\t\t<p>Vi erbjuder telefon- och e-postsupport p\u00e5 svenska, finska och engelska.<\/p>\n\t\t\t\t\t\t\t\t<\/div>\n\t\t\t\t<\/div>\n\t\t\t\t<\/div>\n\t\t\t\t\t<\/details>\n\t\t\t\t\t\t<details id=\"e-n-accordion-item-2029\" class=\"e-n-accordion-item\" >\n\t\t\t\t<summary class=\"e-n-accordion-item-title\" data-accordion-index=\"10\" tabindex=\"-1\" aria-expanded=\"false\" aria-controls=\"e-n-accordion-item-2029\" >\n\t\t\t\t\t<span class='e-n-accordion-item-title-header'><h2 class=\"e-n-accordion-item-title-text\"> Garanti <\/h2><\/span>\n\t\t\t\t\t\t\t<span class='e-n-accordion-item-title-icon'>\n\t\t\t<span class='e-opened' ><i aria-hidden=\"true\" class=\"fas fa-minus\"><\/i><\/span>\n\t\t\t<span class='e-closed'><i aria-hidden=\"true\" class=\"fas fa-plus\"><\/i><\/span>\n\t\t<\/span>\n\n\t\t\t\t\t\t<\/summary>\n\t\t\t\t<div role=\"region\" aria-labelledby=\"e-n-accordion-item-2029\" class=\"elementor-element elementor-element-eedd8b7 e-con-full e-flex e-con e-child\" data-id=\"eedd8b7\" data-element_type=\"container\" data-e-type=\"container\">\n\t\t\t\t<div class=\"elementor-element elementor-element-be47933 elementor-widget elementor-widget-text-editor\" data-id=\"be47933\" data-element_type=\"widget\" data-e-type=\"widget\" data-widget_type=\"text-editor.default\">\n\t\t\t\t<div class=\"elementor-widget-container\">\n\t\t\t\t\t\t\t\t\t<p>Garantitiden \u00e4r 1 \u00e5r, om inget annat anges p\u00e5 produktsidan.<\/p>\n\t\t\t\t\t\t\t\t<\/div>\n\t\t\t\t<\/div>\n\t\t\t\t<\/div>\n\t\t\t\t\t<\/details>\n\t\t\t\t\t\t<details id=\"e-n-accordion-item-20210\" class=\"e-n-accordion-item\" >\n\t\t\t\t<summary class=\"e-n-accordion-item-title\" data-accordion-index=\"11\" tabindex=\"-1\" aria-expanded=\"false\" aria-controls=\"e-n-accordion-item-20210\" >\n\t\t\t\t\t<span class='e-n-accordion-item-title-header'><h2 class=\"e-n-accordion-item-title-text\"> Returneringar <\/h2><\/span>\n\t\t\t\t\t\t\t<span class='e-n-accordion-item-title-icon'>\n\t\t\t<span class='e-opened' ><i aria-hidden=\"true\" class=\"fas fa-minus\"><\/i><\/span>\n\t\t\t<span class='e-closed'><i aria-hidden=\"true\" class=\"fas fa-plus\"><\/i><\/span>\n\t\t<\/span>\n\n\t\t\t\t\t\t<\/summary>\n\t\t\t\t<div role=\"region\" aria-labelledby=\"e-n-accordion-item-20210\" class=\"elementor-element elementor-element-b4e4206 e-con-full e-flex e-con e-child\" data-id=\"b4e4206\" data-element_type=\"container\" data-e-type=\"container\">\n\t\t\t\t<div class=\"elementor-element elementor-element-6d47d51 elementor-widget elementor-widget-text-editor\" data-id=\"6d47d51\" data-element_type=\"widget\" data-e-type=\"widget\" data-widget_type=\"text-editor.default\">\n\t\t\t\t<div class=\"elementor-widget-container\">\n\t\t\t\t\t\t\t\t\t<p>Produkterna har 14 dagars returr\u00e4tt fr\u00e5n ink\u00f6psdatum.<\/p>\n\t\t\t\t\t\t\t\t<\/div>\n\t\t\t\t<\/div>\n\t\t\t\t<\/div>\n\t\t\t\t\t<\/details>\n\t\t\t\t\t<\/div>\n\t\t\t\t\t<script type=\"application\/ld+json\">{\"@context\":\"https:\\\/\\\/schema.org\",\"@type\":\"FAQPage\",\"mainEntity\":[{\"@type\":\"Question\",\"name\":\"Hur l\\u00e5ng \\u00e4r leveranstiden?\",\"acceptedAnswer\":{\"@type\":\"Answer\",\"text\":\"V\\u00e5rt lager \\u00e4r bel\\u00e4get i V\\u00f6r\\u00e5, Finland. Vi behandlar din best\\u00e4llning omedelbart och produkterna skickas vanligtvis samma dag. Alla produkter som finns i v\\u00e5r webbutik finns i v\\u00e5rt eget lager. Eftersom maskinerna finns i v\\u00e5rt lager uppst\\u00e5r ingen extra v\\u00e4ntetid. Leverans tar vanligtvis 1-3 arbetsdagar, i undantagsfall kan leveranstiden vara n\\u00e5got l\\u00e4ngre, till exempel till norra Finland och \\u00c5land.\"}},{\"@type\":\"Question\",\"name\":\"Hur kommer min best\\u00e4llning att levereras?\",\"acceptedAnswer\":{\"@type\":\"Answer\",\"text\":\"N\\u00e4r du best\\u00e4ller fr\\u00e5n v\\u00e5r webbutik v\\u00e4ljer du l\\u00e4mpligt leveranss\\u00e4tt i kassan. Paketen skickas med Posten eller Matkahuolto. Paketen levereras till n\\u00e4rmaste uth\\u00e4mtningsst\\u00e4lle eller som ett valfritt hempaket. St\\u00f6rre f\\u00f6rs\\u00e4ndelser skickas som frakt, t.ex. via Posten.\"}},{\"@type\":\"Question\",\"name\":\"Hur g\\u00f6r jag en best\\u00e4llning?\",\"acceptedAnswer\":{\"@type\":\"Answer\",\"text\":\"Best\\u00e4llning sker enklast via v\\u00e5r webbshop, alternativt via telefon eller e-post. Vi erbjuder personlig service, b\\u00e5de n\\u00e4r det g\\u00e4ller f\\u00f6rs\\u00e4ljning och teknisk support.\"}},{\"@type\":\"Question\",\"name\":\"Beh\\u00f6vs truck vid lossning av billyft?\",\"acceptedAnswer\":{\"@type\":\"Answer\",\"text\":\"Vid leverans av lyftar med tv\\u00e5, fyra eller en pelare kr\\u00e4vs lyfthj\\u00e4lp av t.ex. gaffeltruck f\\u00f6r lossning, eftersom l\\u00e4ngden p\\u00e5 f\\u00f6rs\\u00e4ndelsen \\u00e4r \\u00f6ver 240 cm. Om du inte har m\\u00f6jlighet att lossa med truck kan du best\\u00e4lla leverans med kranbil. Kontakta oss g\\u00e4rna f\\u00f6r information om leveranskostnader till din adress. Saxlyftar levereras av lastbil med bakgavellyft, s\\u00e5 ingen ytterligare lyfthj\\u00e4lp kr\\u00e4vs.\"}},{\"@type\":\"Question\",\"name\":\"Var \\u00e4r mitt paket?\",\"acceptedAnswer\":{\"@type\":\"Answer\",\"text\":\"Du f\\u00e5r en l\\u00e4nk f\\u00f6r att sp\\u00e5ra f\\u00f6rs\\u00e4ndelsen via e-post n\\u00e4r paketet har skickats. Om du inte har f\\u00e5tt n\\u00e5got mejl, kontrollera f\\u00f6rst skr\\u00e4pposten och att du angivit r\\u00e4tt e-postadress i din best\\u00e4llning. I annat fall, kontakta v\\u00e5r kundtj\\u00e4nst.\"}},{\"@type\":\"Question\",\"name\":\"\\u00c4r best\\u00e4llningar till \\u00c5land momsbefriade?\",\"acceptedAnswer\":{\"@type\":\"Answer\",\"text\":\"Du kan k\\u00f6pa momsfritt till \\u00c5land i v\\u00e5r webbutik. Fraktleveranser levereras till terminalen i Mariehamn.\"}},{\"@type\":\"Question\",\"name\":\"Finns det n\\u00e5gon butik d\\u00e4r jag kan testa maskinerna?\",\"acceptedAnswer\":{\"@type\":\"Answer\",\"text\":\"V\\u00e5r butik ligger i V\\u00f6r\\u00e5. Vi har ett brett sortiment av produkter och olika maskiner kan j\\u00e4mf\\u00f6ras och testas p\\u00e5 plats, till exempel d\\u00e4ckmaskiner. Vi har \\u00f6ppet torsdagar kl. 10.00-19.00, \\u00f6vriga tider v\\u00e4nligen kontakta oss innan ditt bes\\u00f6k f\\u00f6r att vara s\\u00e4ker p\\u00e5 att vi finns p\\u00e5 plats.\"}},{\"@type\":\"Question\",\"name\":\"Vem \\u00e4r import\\u00f6r av maskinerna?\",\"acceptedAnswer\":{\"@type\":\"Answer\",\"text\":\"Vi importerar maskiner direkt fr\\u00e5n tillverkarna, utan mellanh\\u00e4nder och alltid i stora kvantiteter, vilket g\\u00f6r att vi undviker on\\u00f6diga kostnader och kan erbjuda v\\u00e5ra kunder mycket bra priser. Vi har ett n\\u00e4ra samarbete med v\\u00e5ra leverant\\u00f6rer, vilket borgar f\\u00f6r h\\u00f6g produktkvalitet och att teknisk support, reservdelar etc. hanteras snabbt och smidigt.\"}},{\"@type\":\"Question\",\"name\":\"Finns det st\\u00f6d p\\u00e5 svenska och finska?\",\"acceptedAnswer\":{\"@type\":\"Answer\",\"text\":\"Vi erbjuder telefon- och e-postsupport p\\u00e5 svenska, finska och engelska.\"}},{\"@type\":\"Question\",\"name\":\"Garanti\",\"acceptedAnswer\":{\"@type\":\"Answer\",\"text\":\"Garantitiden \\u00e4r 1 \\u00e5r, om inget annat anges p\\u00e5 produktsidan.\"}},{\"@type\":\"Question\",\"name\":\"Returneringar\",\"acceptedAnswer\":{\"@type\":\"Answer\",\"text\":\"Produkterna har 14 dagars returr\\u00e4tt fr\\u00e5n ink\\u00f6psdatum.\"}}]}<\/script>\n\t\t\t\t\t\t\t<\/div>\n\t\t\t\t<\/div>\n\t\t\t\t<div class=\"elementor-element elementor-element-eb64905 elementor-cta--skin-cover elementor-widget elementor-widget-call-to-action\" data-id=\"eb64905\" data-element_type=\"widget\" data-e-type=\"widget\" data-widget_type=\"call-to-action.default\">\n\t\t\t\t<div class=\"elementor-widget-container\">\n\t\t\t\t\t\t\t<div class=\"elementor-cta\">\n\t\t\t\t\t<div class=\"elementor-cta__bg-wrapper\">\n\t\t\t\t<div class=\"elementor-cta__bg elementor-bg\" style=\"background-image: url();\" role=\"img\" aria-label=\"\"><\/div>\n\t\t\t\t<div class=\"elementor-cta__bg-overlay\"><\/div>\n\t\t\t<\/div>\n\t\t\t\t\t\t\t<div class=\"elementor-cta__content\">\n\t\t\t\t\n\t\t\t\t\t\t\t\t\t<h3 class=\"elementor-cta__title elementor-cta__content-item elementor-content-item\">\n\t\t\t\t\t\tHittade du inte svaret p\u00e5 din fr\u00e5ga?\t\t\t\t\t<\/h3>\n\t\t\t\t\n\t\t\t\t\t\t\t\t\t<span class=\"elementor-cta__description elementor-cta__content-item elementor-content-item\">\n\t\t\t\t\t\t<p>Kontakta g\u00e4rna v\u00e5r kundtj\u00e4nst!<\/p>\n\t\t\t\t\t<\/span>\n\t\t\t\t\n\t\t\t\t\t\t\t\t\t<div class=\"elementor-cta__button-wrapper elementor-cta__content-item elementor-content-item \">\n\t\t\t\t\t<a class=\"elementor-cta__button elementor-button elementor-size-\" href=\"https:\/\/toolhouse.fi\/sv\/kontakta-oss\/\">\n\t\t\t\t\t\tKontakta oss\t\t\t\t\t<\/a>\n\t\t\t\t\t<\/div>\n\t\t\t\t\t\t\t<\/div>\n\t\t\t\t\t\t<\/div>\n\t\t\t\t\t\t<\/div>\n\t\t\t\t<\/div>\n\t\t\t\t\t<\/div>\n\t\t\t\t<\/div>\n\t\t\t\t<\/div>\n\t\t","protected":false},"excerpt":{"rendered":"<p>Vanligt st\u00e4llda fr\u00e5gor Hur l\u00e5ng \u00e4r leveranstiden? V\u00e5rt lager \u00e4r bel\u00e4get i V\u00f6r\u00e5, Finland. Vi behandlar din best\u00e4llning omedelbart och produkterna skickas vanligtvis samma dag. Alla produkter som finns i v\u00e5r webbutik finns i v\u00e5rt eget lager. Eftersom maskinerna finns i v\u00e5rt lager uppst\u00e5r ingen extra v\u00e4ntetid. Leverans tar vanligtvis 1-3 arbetsdagar, i undantagsfall kan [&hellip;]<\/p>\n","protected":false},"author":1,"featured_media":0,"parent":0,"menu_order":0,"comment_status":"closed","ping_status":"closed","template":"","meta":{"_acf_changed":false,"_seopress_robots_primary_cat":"","_seopress_titles_title":"","_seopress_titles_desc":"","_seopress_robots_index":"","footnotes":""},"class_list":["post-20358","page","type-page","status-publish","hentry"],"acf":[],"_links":{"self":[{"href":"https:\/\/toolhouse.fi\/sv\/wp-json\/wp\/v2\/pages\/20358","targetHints":{"allow":["GET"]}}],"collection":[{"href":"https:\/\/toolhouse.fi\/sv\/wp-json\/wp\/v2\/pages"}],"about":[{"href":"https:\/\/toolhouse.fi\/sv\/wp-json\/wp\/v2\/types\/page"}],"author":[{"embeddable":true,"href":"https:\/\/toolhouse.fi\/sv\/wp-json\/wp\/v2\/users\/1"}],"replies":[{"embeddable":true,"href":"https:\/\/toolhouse.fi\/sv\/wp-json\/wp\/v2\/comments?post=20358"}],"version-history":[{"count":0,"href":"https:\/\/toolhouse.fi\/sv\/wp-json\/wp\/v2\/pages\/20358\/revisions"}],"wp:attachment":[{"href":"https:\/\/toolhouse.fi\/sv\/wp-json\/wp\/v2\/media?parent=20358"}],"curies":[{"name":"wp","href":"https:\/\/api.w.org\/{rel}","templated":true}]}}