{"id":20361,"date":"2024-10-10T12:52:04","date_gmt":"2024-10-10T09:52:04","guid":{"rendered":"https:\/\/toolhouse.finansiering\/"},"modified":"2024-10-10T12:52:04","modified_gmt":"2024-10-10T09:52:04","slug":"finansiering","status":"publish","type":"page","link":"https:\/\/toolhouse.fi\/sv\/finansiering\/","title":{"rendered":"Finansiering"},"content":{"rendered":"\t\t<div data-elementor-type=\"wp-page\" data-elementor-id=\"20361\" class=\"elementor elementor-20361 elementor-17338\" data-elementor-post-type=\"page\">\n\t\t\t\t<div class=\"e-con-top elementor-element elementor-element-8f263a5 e-flex e-con-boxed e-con e-parent\" data-id=\"8f263a5\" data-element_type=\"container\" data-e-type=\"container\">\n\t\t\t\t\t<div class=\"e-con-inner\">\n\t\t<div class=\"elementor-element elementor-element-8158c76 e-flex e-con-boxed e-con e-child\" data-id=\"8158c76\" data-element_type=\"container\" data-e-type=\"container\">\n\t\t\t\t\t<div class=\"e-con-inner\">\n\t\t<div class=\"elementor-element elementor-element-fa54e74 e-flex e-con-boxed e-con e-child\" data-id=\"fa54e74\" data-element_type=\"container\" data-e-type=\"container\">\n\t\t\t\t\t<div class=\"e-con-inner\">\n\t\t\t\t<div class=\"elementor-element elementor-element-0f6df17 elementor-widget__width-initial elementor-position-top elementor-widget elementor-widget-image-box\" data-id=\"0f6df17\" data-element_type=\"widget\" data-e-type=\"widget\" data-widget_type=\"image-box.default\">\n\t\t\t\t<div class=\"elementor-widget-container\">\n\t\t\t\t\t<div class=\"elementor-image-box-wrapper\"><figure class=\"elementor-image-box-img\"><img alt=\"\" fetchpriority=\"high\" decoding=\"async\" width=\"524\" height=\"137\" src=\"https:\/\/toolhouse.fi\/wp-content\/uploads\/2024\/04\/walley_wordmark_black-700x231-2.jpg\" class=\"attachment-full size-full wp-image-17378\" alt=\"\" srcset=\"https:\/\/toolhouse.fi\/wp-content\/uploads\/2024\/04\/walley_wordmark_black-700x231-2.jpg 524w, https:\/\/toolhouse.fi\/wp-content\/uploads\/2024\/04\/walley_wordmark_black-700x231-2-300x78.jpg 300w, https:\/\/toolhouse.fi\/wp-content\/uploads\/2024\/04\/walley_wordmark_black-700x231-2-510x133.jpg 510w\" sizes=\"(max-width: 524px) 100vw, 524px\" \/><\/figure><div class=\"elementor-image-box-content\"><h2 class=\"elementor-image-box-title\">Finansiering f\u00f6r f\u00f6retags- och privatkunder<\/h2><p class=\"elementor-image-box-description\">I webbutiken kan du v\u00e4lja Walley som betalningsmetod i kundvagnen. Walley \u00e4r en betalningsmetod som fungerar f\u00f6r b\u00e5de f\u00f6retag och privatpersoner upp till 5 000 euro. <\/p><\/div><\/div>\t\t\t\t<\/div>\n\t\t\t\t<\/div>\n\t\t\t\t<div class=\"elementor-element elementor-element-b98b08b elementor-mobile-align-left elementor-widget elementor-widget-button\" data-id=\"b98b08b\" data-element_type=\"widget\" data-e-type=\"widget\" data-widget_type=\"button.default\">\n\t\t\t\t<div class=\"elementor-widget-container\">\n\t\t\t\t\t\t\t\t\t<div class=\"elementor-button-wrapper\">\n\t\t\t\t\t<a class=\"elementor-button elementor-button-link elementor-size-sm\" href=\"https:\/\/www.walley.fi\" target=\"_blank\">\n\t\t\t\t\t\t<span class=\"elementor-button-content-wrapper\">\n\t\t\t\t\t\t<span class=\"elementor-button-icon\">\n\t\t\t\t<i aria-hidden=\"true\" class=\"fas fa-long-arrow-alt-right\"><\/i>\t\t\t<\/span>\n\t\t\t\t\t\t\t\t\t<span class=\"elementor-button-text\">Mer om Walley<\/span>\n\t\t\t\t\t<\/span>\n\t\t\t\t\t<\/a>\n\t\t\t\t<\/div>\n\t\t\t\t\t\t\t\t<\/div>\n\t\t\t\t<\/div>\n\t\t\t\t<div class=\"elementor-element elementor-element-efe05ce elementor-mobile-align-left --btn-block--mobile-yes elementor-widget-mobile__width-inherit elementor-widget elementor-widget-button\" data-id=\"efe05ce\" data-element_type=\"widget\" data-e-type=\"widget\" data-widget_type=\"button.default\">\n\t\t\t\t<div class=\"elementor-widget-container\">\n\t\t\t\t\t\t\t\t\t<div class=\"elementor-button-wrapper\">\n\t\t\t\t\t<a class=\"elementor-button elementor-button-link elementor-size-sm\" href=\"https:\/\/cdn.collector.se\/upload\/Partners\/Agreements\/1909CFI\/Credit_terms_All_FI.pdf\" target=\"_blank\">\n\t\t\t\t\t\t<span class=\"elementor-button-content-wrapper\">\n\t\t\t\t\t\t\t\t\t<span class=\"elementor-button-text\">Allm\u00e4nna villkor f\u00f6r fakturor, kontokrediter och delbetalningar<\/span>\n\t\t\t\t\t<\/span>\n\t\t\t\t\t<\/a>\n\t\t\t\t<\/div>\n\t\t\t\t\t\t\t\t<\/div>\n\t\t\t\t<\/div>\n\t\t\t\t\t<\/div>\n\t\t\t\t<\/div>\n\t\t\t\t\t<\/div>\n\t\t\t\t<\/div>\n\t\t\t\t\t<\/div>\n\t\t\t\t<\/div>\n\t\t\t\t<\/div>\n\t\t","protected":false},"excerpt":{"rendered":"<p>Finansiering f\u00f6r f\u00f6retags- och privatkunder I webbutiken kan du v\u00e4lja Walley som betalningsmetod i kundvagnen. Walley \u00e4r en betalningsmetod som fungerar f\u00f6r b\u00e5de f\u00f6retag och privatpersoner upp till 5 000 euro. Mer om Walley Allm\u00e4nna villkor f\u00f6r fakturor, kontokrediter och delbetalningar<\/p>\n","protected":false},"author":1,"featured_media":0,"parent":0,"menu_order":0,"comment_status":"closed","ping_status":"closed","template":"","meta":{"_acf_changed":false,"_seopress_robots_primary_cat":"","_seopress_titles_title":"","_seopress_titles_desc":"","_seopress_robots_index":"","footnotes":""},"class_list":["post-20361","page","type-page","status-publish","hentry"],"acf":[],"_links":{"self":[{"href":"https:\/\/toolhouse.fi\/sv\/wp-json\/wp\/v2\/pages\/20361","targetHints":{"allow":["GET"]}}],"collection":[{"href":"https:\/\/toolhouse.fi\/sv\/wp-json\/wp\/v2\/pages"}],"about":[{"href":"https:\/\/toolhouse.fi\/sv\/wp-json\/wp\/v2\/types\/page"}],"author":[{"embeddable":true,"href":"https:\/\/toolhouse.fi\/sv\/wp-json\/wp\/v2\/users\/1"}],"replies":[{"embeddable":true,"href":"https:\/\/toolhouse.fi\/sv\/wp-json\/wp\/v2\/comments?post=20361"}],"version-history":[{"count":0,"href":"https:\/\/toolhouse.fi\/sv\/wp-json\/wp\/v2\/pages\/20361\/revisions"}],"wp:attachment":[{"href":"https:\/\/toolhouse.fi\/sv\/wp-json\/wp\/v2\/media?parent=20361"}],"curies":[{"name":"wp","href":"https:\/\/api.w.org\/{rel}","templated":true}]}}