{"id":20496,"date":"2024-10-15T13:51:10","date_gmt":"2024-10-15T10:51:10","guid":{"rendered":"https:\/\/toolhouse.fi\/om-toolhouse\/"},"modified":"2024-10-15T13:55:20","modified_gmt":"2024-10-15T10:55:20","slug":"om-toolhouse","status":"publish","type":"page","link":"https:\/\/toolhouse.fi\/sv\/om-toolhouse\/","title":{"rendered":"Om Toolhouse"},"content":{"rendered":"\t\t<div data-elementor-type=\"wp-page\" data-elementor-id=\"20496\" class=\"elementor elementor-20496 elementor-20437\" data-elementor-post-type=\"page\">\n\t\t\t\t<section class=\"e-con-top elementor-element elementor-element-7a24130 rey-section-stretched e-flex e-con-boxed e-con e-parent\" data-id=\"7a24130\" data-element_type=\"container\" data-e-type=\"container\" data-settings=\"{&quot;background_background&quot;:&quot;classic&quot;}\">\n\t\t\t\t\t<div class=\"e-con-inner\">\n\t\t<div class=\"elementor-element elementor-element-21437b2 e-con-full e-flex e-con e-child\" data-id=\"21437b2\" data-element_type=\"container\" data-e-type=\"container\" data-settings=\"{&quot;background_background&quot;:&quot;classic&quot;}\">\n\t\t\t\t<div class=\"elementor-element elementor-element-17c016b elementor-widget elementor-widget-heading\" data-id=\"17c016b\" data-element_type=\"widget\" data-e-type=\"widget\" data-widget_type=\"heading.default\">\n\t\t\t\t<div class=\"elementor-widget-container\">\n\t\t\t\t\t<h2 class=\"elementor-heading-title elementor-size-default\">Toolhouse Ab<\/h2>\t\t\t\t<\/div>\n\t\t\t\t<\/div>\n\t\t\t\t<div class=\"elementor-element elementor-element-5d259eb elementor-widget elementor-widget-heading\" data-id=\"5d259eb\" data-element_type=\"widget\" data-e-type=\"widget\" data-widget_type=\"heading.default\">\n\t\t\t\t<div class=\"elementor-widget-container\">\n\t\t\t\t\t<h2 class=\"elementor-heading-title elementor-size-default\">Finl\u00e4ndskt familjef\u00f6retag grundat 1992<\/h2>\t\t\t\t<\/div>\n\t\t\t\t<\/div>\n\t\t\t\t<div class=\"elementor-element elementor-element-67d9796 elementor-drop-cap-yes elementor-drop-cap-view-default elementor-widget elementor-widget-text-editor\" data-id=\"67d9796\" data-element_type=\"widget\" data-e-type=\"widget\" data-settings=\"{&quot;drop_cap&quot;:&quot;yes&quot;}\" data-widget_type=\"text-editor.default\">\n\t\t\t\t<div class=\"elementor-widget-container\">\n\t\t\t\t\t\t\t\t\t<p>Toolhouse Ab \u00e4r ett familjef\u00f6retag, grundat 1992, och en av de ledande akt\u00f6rerna inom verkstadsutrustning. Med l\u00e5ng erfarenhet i branschen erbjuder vi drifts\u00e4kra produkter som m\u00f6ter behoven hos b\u00e5de verkst\u00e4der och hobbymekaniker.<\/p><p>Vi lagerf\u00f6r ett brett sortiment av produkter, inklusive verkstadsutrustning, handverktyg, \u00a0billyftar och mycket mer. Allt vi s\u00e4ljer finns i v\u00e5rt eget lager i V\u00f6r\u00e5, vilket g\u00f6r att vi kan erbjuda snabba leveranser och s\u00e4kerst\u00e4lla att v\u00e5ra kunder har tillg\u00e5ng till de produkter de beh\u00f6ver. Vi har l\u00e5ng erfarenhet inom verkstadsbranschen och djup kunskap om de maskiner och verktyg vi s\u00e4ljer. V\u00e5rt starka engagemang f\u00f6r produkterna g\u00f6r att vi alltid str\u00e4var efter att ge den b\u00e4sta r\u00e5dgivningen och supporten till v\u00e5ra kunder.<\/p><p>Vi samarbetar med v\u00e4lrenommerade leverant\u00f6rer f\u00f6r att s\u00e4kerst\u00e4lla h\u00f6g kvalitet och p\u00e5litlighet i alla v\u00e5ra produkter. Vi \u00e4r stolta \u00f6ver att kunna erbjuda v\u00e5ra kunder expertkunskap och teknisk support f\u00f6r att maximera deras produktivitet och effektivitet.<\/p><p>Vi p\u00e5 Toolhouse Ab str\u00e4var efter att bygga l\u00e5ngsiktiga relationer med v\u00e5ra kunder. Genom att lyssna p\u00e5 deras behov och anpassa v\u00e5ra l\u00f6sningar kan vi hj\u00e4lpa dem att n\u00e5 sina m\u00e5l. V\u00e5r engagerade personal \u00e4r alltid redo att ge r\u00e5d och v\u00e4gledning f\u00f6r att s\u00e4kerst\u00e4lla att varje kund f\u00e5r den b\u00e4sta m\u00f6jliga servicen.<\/p><p>V\u00e4lkommen till Toolhouse Ab \u2013 din partner f\u00f6r kvalitativa verktyg och maskinl\u00f6sningar!<\/p>\t\t\t\t\t\t\t\t<\/div>\n\t\t\t\t<\/div>\n\t\t\t\t<div class=\"elementor-element elementor-element-9621d99 --icon-style-soh elementor-align-left elementor-widget elementor-widget-button\" data-id=\"9621d99\" data-element_type=\"widget\" data-e-type=\"widget\" data-widget_type=\"button.default\">\n\t\t\t\t<div class=\"elementor-widget-container\">\n\t\t\t\t\t\t\t\t\t<div class=\"elementor-button-wrapper\">\n\t\t\t\t\t<a class=\"elementor-button elementor-button-link elementor-size-sm\" href=\"https:\/\/toolhouse.fi\/sv\/kontakta-oss\/\">\n\t\t\t\t\t\t<span class=\"elementor-button-content-wrapper\">\n\t\t\t\t\t\t<span class=\"--align-icon-right elementor-button-icon\">\n\t\t\t\t<i aria-hidden=\"true\" class=\"fas fa-long-arrow-alt-right\"><\/i>\t\t\t<\/span>\n\t\t\t\t\t\t\t\t\t<span class=\"elementor-button-text\">Kontakta oss<\/span>\n\t\t\t\t\t<\/span>\n\t\t\t\t\t<\/a>\n\t\t\t\t<\/div>\n\t\t\t\t\t\t\t\t<\/div>\n\t\t\t\t<\/div>\n\t\t\t\t<\/div>\n\t\t\t\t\t<\/div>\n\t\t\t\t<\/section>\n\t\t\t\t<\/div>\n\t\t","protected":false},"excerpt":{"rendered":"<p>Toolhouse Ab Finl\u00e4ndskt familjef\u00f6retag grundat 1992 Toolhouse Ab \u00e4r ett familjef\u00f6retag, grundat 1992, och en av de ledande akt\u00f6rerna inom verkstadsutrustning. Med l\u00e5ng erfarenhet i branschen erbjuder vi drifts\u00e4kra produkter som m\u00f6ter behoven hos b\u00e5de verkst\u00e4der och hobbymekaniker. Vi lagerf\u00f6r ett brett sortiment av produkter, inklusive verkstadsutrustning, handverktyg, \u00a0billyftar och mycket mer. Allt vi s\u00e4ljer [&hellip;]<\/p>\n","protected":false},"author":1,"featured_media":0,"parent":0,"menu_order":0,"comment_status":"closed","ping_status":"closed","template":"","meta":{"_acf_changed":false,"_seopress_robots_primary_cat":"","_seopress_titles_title":"","_seopress_titles_desc":"","_seopress_robots_index":"","footnotes":""},"class_list":["post-20496","page","type-page","status-publish","hentry"],"acf":[],"_links":{"self":[{"href":"https:\/\/toolhouse.fi\/sv\/wp-json\/wp\/v2\/pages\/20496","targetHints":{"allow":["GET"]}}],"collection":[{"href":"https:\/\/toolhouse.fi\/sv\/wp-json\/wp\/v2\/pages"}],"about":[{"href":"https:\/\/toolhouse.fi\/sv\/wp-json\/wp\/v2\/types\/page"}],"author":[{"embeddable":true,"href":"https:\/\/toolhouse.fi\/sv\/wp-json\/wp\/v2\/users\/1"}],"replies":[{"embeddable":true,"href":"https:\/\/toolhouse.fi\/sv\/wp-json\/wp\/v2\/comments?post=20496"}],"version-history":[{"count":0,"href":"https:\/\/toolhouse.fi\/sv\/wp-json\/wp\/v2\/pages\/20496\/revisions"}],"wp:attachment":[{"href":"https:\/\/toolhouse.fi\/sv\/wp-json\/wp\/v2\/media?parent=20496"}],"curies":[{"name":"wp","href":"https:\/\/api.w.org\/{rel}","templated":true}]}}