{"id":10067,"date":"2022-10-07T21:16:34","date_gmt":"2022-10-07T18:16:34","guid":{"rendered":"https:\/\/toolhouse.fi\/?post_type=product&#038;p=10067"},"modified":"2026-03-19T13:23:43","modified_gmt":"2026-03-19T11:23:43","slug":"p1-3500kg","status":"publish","type":"product","link":"https:\/\/toolhouse.fi\/sv\/produkt\/p1-3500kg\/","title":{"rendered":"P1-3500KG"},"content":{"rendered":"<pre class=\"western\" lang=\"en-us\" xml:lang=\"en-us\"><\/pre>\n<table border=\"0\" width=\"423\" cellspacing=\"0\" cellpadding=\"2\">\n<tbody>\n<tr>\n<td width=\"322\"><span style=\"color: #333333;\"><strong>Modell:<\/strong><\/span><\/p>\n<p><span style=\"color: #333333;\"><strong>Lyftkapacitet:<\/strong><\/span><\/td>\n<td width=\"93\"><span style=\"color: #333333;\"><strong>P1-3500<\/strong><\/span><\/p>\n<p><span style=\"color: #333333;\"><strong>3500 kg<\/strong><\/span><\/td>\n<\/tr>\n<tr>\n<td bgcolor=\"#f1f1f1\" width=\"322\"><span style=\"color: #333333;\"><strong>Lyfth\u00f6jd:<\/strong><\/span><\/td>\n<td bgcolor=\"#f1f1f1\" width=\"93\"><span style=\"color: #333333;\"><strong>95 \u2013 1900 mm<\/strong><\/span><\/td>\n<\/tr>\n<tr>\n<td width=\"322\"><span style=\"color: #333333;\"><strong>Mekaniska s\u00e4kerhetsl\u00e5s:<\/strong><\/span><\/td>\n<td width=\"93\"><span style=\"color: #333333;\"><strong>Ja<\/strong><\/span><\/td>\n<\/tr>\n<tr>\n<td bgcolor=\"#f1f1f1\" width=\"322\"><span style=\"color: #333333;\"><strong>Drift:<\/strong><\/span><\/td>\n<td bgcolor=\"#f1f1f1\" width=\"93\"><span style=\"color: #333333;\"><strong>Hydraulisk<\/strong><\/span><\/td>\n<\/tr>\n<tr>\n<td width=\"322\"><span style=\"color: #333333;\"><strong>Lyfttid:<\/strong><\/span><\/td>\n<td width=\"93\"><span style=\"color: #333333;\"><strong>30 sekunder<\/strong><\/span><\/td>\n<\/tr>\n<tr>\n<td bgcolor=\"#f1f1f1\" width=\"322\"><span style=\"color: #333333;\"><strong>H\u00f6jd:<\/strong><\/span><\/td>\n<td bgcolor=\"#f1f1f1\" width=\"93\"><span style=\"color: #333333;\"><strong>2760 mm<\/strong><\/span><\/td>\n<\/tr>\n<tr>\n<td width=\"322\"><span style=\"color: #333333;\"><strong>Bredd:<\/strong><\/span><\/p>\n<p><span style=\"color: #333333;\"><strong>L\u00e4ngd:<\/strong><\/span><\/p>\n<p><span style=\"color: #333333;\"><strong>Sp\u00e4nning:<\/strong><\/span><\/td>\n<td width=\"93\"><span style=\"color: #333333;\"><strong>1530 mm<\/strong><\/span><\/p>\n<p><span style=\"color: #333333;\"><strong>2325 mm<\/strong><\/span><\/p>\n<p><span style=\"color: #333333;\"><strong>230V<\/strong><\/span><\/td>\n<\/tr>\n<tr>\n<td bgcolor=\"#f1f1f1\" width=\"322\"><span style=\"color: #333333;\"><strong>Man\u00f6versp\u00e4nning:<\/strong><\/span><\/td>\n<td bgcolor=\"#f1f1f1\" width=\"93\"><span style=\"color: #333333;\"><strong>24V<\/strong><\/span><\/td>\n<\/tr>\n<tr>\n<td width=\"322\"><span style=\"color: #333333;\"><strong>L\u00e5nga symertriska lyftarmar:<\/strong><\/span><\/p>\n<p><span style=\"color: #333333;\"><strong>Fj\u00e4rkontroll:<\/strong><\/span><\/td>\n<td width=\"93\"><span style=\"color: #333333;\"><strong>Ja<\/strong><\/span><\/p>\n<p><span style=\"color: #333333;\"><strong>Ja<\/strong><\/span><\/td>\n<\/tr>\n<tr>\n<td bgcolor=\"#f1f1f1\" width=\"322\"><span style=\"color: #333333;\"><strong>Motoreffekt:<\/strong><\/span><\/td>\n<td bgcolor=\"#f1f1f1\" width=\"93\"><span style=\"color: #333333;\"><strong>2,2kW<\/strong><\/span><\/td>\n<\/tr>\n<tr>\n<td width=\"322\"><span style=\"color: #333333;\"><strong>Garanti:<\/strong><\/span><\/td>\n<td width=\"93\"><span style=\"color: #333333;\"><strong>12 m\u00e5nader<\/strong><\/span><\/td>\n<\/tr>\n<tr>\n<td bgcolor=\"#f1f1f1\" width=\"322\"><span style=\"color: #333333;\"><strong>Ce m\u00e4rkt:<\/strong><\/span><\/td>\n<td bgcolor=\"#f1f1f1\" width=\"93\"><span style=\"color: #333333;\"><strong>Ja<\/strong><\/span><\/td>\n<\/tr>\n<tr>\n<td width=\"322\"><\/td>\n<td width=\"93\"><\/td>\n<\/tr>\n<tr>\n<td bgcolor=\"#f1f1f1\" width=\"322\"><\/td>\n<td bgcolor=\"#f1f1f1\" width=\"93\"><\/td>\n<\/tr>\n<tr>\n<td width=\"322\"><\/td>\n<td width=\"93\"><\/td>\n<\/tr>\n<\/tbody>\n<\/table>\n<pre class=\"western\" lang=\"en-us\" xml:lang=\"en-us\"><\/pre>\n","protected":false},"excerpt":{"rendered":"<h1><\/h1>\n<ul>\n<li>Hydraulisk<\/li>\n<li>Lyfth\u00f6jd 1900mm<\/li>\n<li>L\u00e4gsta h\u00f6jd 95mm<\/li>\n<li>Lyftkapacitet 3500kg<\/li>\n<li>Egenvikt 1200kg<\/li>\n<li>230V<\/li>\n<li>Flyttbar<\/li>\n<li>Fj\u00e4rrkontroll<\/li>\n<li>Mekaniska s\u00e4kerhetsl\u00e5s som l\u00e5ses automatiskt och \u00f6ppnas manuellt<\/li>\n<li>230V eluttag<\/li>\n<\/ul>\n<p>&nbsp;<\/p>\n<p>P1-3500 \u00e4r en stor och stabil enpelarlyft med egenvikt p\u00e5 hela 1200kg och lyftkapacitet p\u00e5 3500kg vilket ger dig m\u00f6jlighet att lyfta \u00e4ven st\u00f6rre fordon.<\/p>\n<p>L\u00e5nga teleskopiska lyftarmar med stor justerm\u00e5n underl\u00e4ttar n\u00e4r du lyfter l\u00e4ngre fordon och bilar med lyftpunkt l\u00e5ngt in tex bilar med ram.<\/p>\n<p>Lyftdynorna \u00e4r\u00a0 tillverkade av oljebest\u00e4ndigt gummi,\u00a0 f\u00f6rh\u00f6jningssats medf\u00f6ljer.<\/p>\n<p>&nbsp;<\/p>\n<p><strong>H\u00f6g s\u00e4kerhet<\/strong><\/p>\n<p>P\u00e5 P1-3500 aktiveras s\u00e4kerhetssp\u00e4rren automatiskt n\u00e4r bilen lyfts, dessutom stoppas lyftprocessen n\u00e4r bilen n\u00e5r maximal lyfth\u00f6jd vilket garanterar perfekt s\u00e4kerhet vid anv\u00e4ndning.<\/p>\n<p>Standardutrustad med gummiskydd som skyddar bild\u00f6rren vid \u00f6ppning.<\/p>\n<p>Lyften \u00e4r utrustad med n\u00f6dstopp och ljudsignal som aktiveras n\u00e4r lyften s\u00e4nks.<\/p>\n<p>&nbsp;<\/p>\n<p><strong>Mobil<\/strong><strong>\u00a0<\/strong><\/p>\n<p>Lyften fungerar ungef\u00e4r som en palltruck,vilket betyder att du flyttar den vart du vill.Det \u00e4r bara att lyfta upp och dra.<\/p>\n<p>P1-3500 beh\u00f6ver ej f\u00e4stas i golvet,utan du kan anv\u00e4nda den var du vill s\u00e5 l\u00e4nge underlaget \u00e4r h\u00e5rt och plant.<\/p>\n<p>&nbsp;<\/p>\n<p><strong>Fj\u00e4rrkontroll <img alt=\"\" fetchpriority=\"high\" decoding=\"async\" class=\"alignright wp-image-10123\" src=\"http:\/\/toolhouse.fi\/wp-content\/uploads\/2022\/10\/c9e9f737-1e33-48cc-b8d9-6e5858ccab44-removebg-preview-300x300.png\" alt=\"\" width=\"232\" height=\"232\" srcset=\"https:\/\/toolhouse.fi\/wp-content\/uploads\/2022\/10\/c9e9f737-1e33-48cc-b8d9-6e5858ccab44-removebg-preview-300x300.png 300w, https:\/\/toolhouse.fi\/wp-content\/uploads\/2022\/10\/c9e9f737-1e33-48cc-b8d9-6e5858ccab44-removebg-preview-100x100.png 100w, https:\/\/toolhouse.fi\/wp-content\/uploads\/2022\/10\/c9e9f737-1e33-48cc-b8d9-6e5858ccab44-removebg-preview-150x150.png 150w, https:\/\/toolhouse.fi\/wp-content\/uploads\/2022\/10\/c9e9f737-1e33-48cc-b8d9-6e5858ccab44-removebg-preview.png 500w\" sizes=\"(max-width: 232px) 100vw, 232px\" \/><\/strong><\/p>\n<p>P1-3500 kommer standardutrustad med en beh\u00e4ndig fj\u00e4rrkontroll med l\u00e5ng kabel.<\/p>\n<p>&nbsp;<\/p>\n<p><strong>F\u00e4rdigt monterad?<\/strong><\/p>\n<p>Den h\u00e4r lyften g\u00e5r att f\u00e5 som f\u00e4rdigt monterad, klar att anv\u00e4ndas.<\/p>\n<p>Inkluderar fullst\u00e4ndig montering, hydraulolja, elinstallation och provk\u00f6rning.<\/p>\n<p>Monteras enbart p\u00e5 best\u00e4llning.<\/p>\n<p>Transport av monterad lyft kan ordnas f\u00f6rm\u00e5nligt inom ca 100km(<strong>ta kontakt f\u00f6r pris<\/strong>),eller h\u00e4mta sj\u00e4lv fr\u00e5n v\u00e5rt lager.<\/p>\n<p>Transportm\u00e5tt: h\u00f6jd 276cm bredd 153cm l\u00e4ngd 2325cm vikt 1200 kg.<\/p>\n<p>&nbsp;<\/p>\n<p>&nbsp;<\/p>\n<p>&nbsp;<\/p>\n","protected":false},"featured_media":25464,"template":"","meta":{"_acf_changed":false,"_seopress_robots_primary_cat":"none","_seopress_titles_title":"","_seopress_titles_desc":"","_seopress_robots_index":""},"product_cat":[277,458,20],"product_tag":[],"class_list":{"0":"post-10067","1":"product","2":"type-product","3":"status-publish","4":"has-post-thumbnail","6":"product_cat-1-pelarlyft","7":"product_cat-fordonslyftar","8":"product_cat-lyftteknik","9":"product_shipping_class-frakt195e","11":"first","12":"outofstock","13":"taxable","14":"shipping-taxable","15":"purchasable","16":"product-type-simple","swatches":"rey-swatches","show_selected":""},"acf":[],"_links":{"self":[{"href":"https:\/\/toolhouse.fi\/sv\/wp-json\/wp\/v2\/product\/10067","targetHints":{"allow":["GET"]}}],"collection":[{"href":"https:\/\/toolhouse.fi\/sv\/wp-json\/wp\/v2\/product"}],"about":[{"href":"https:\/\/toolhouse.fi\/sv\/wp-json\/wp\/v2\/types\/product"}],"version-history":[{"count":5,"href":"https:\/\/toolhouse.fi\/sv\/wp-json\/wp\/v2\/product\/10067\/revisions"}],"predecessor-version":[{"id":32172,"href":"https:\/\/toolhouse.fi\/sv\/wp-json\/wp\/v2\/product\/10067\/revisions\/32172"}],"wp:featuredmedia":[{"embeddable":true,"href":"https:\/\/toolhouse.fi\/sv\/wp-json\/wp\/v2\/media\/25464"}],"wp:attachment":[{"href":"https:\/\/toolhouse.fi\/sv\/wp-json\/wp\/v2\/media?parent=10067"}],"wp:term":[{"taxonomy":"product_cat","embeddable":true,"href":"https:\/\/toolhouse.fi\/sv\/wp-json\/wp\/v2\/product_cat?post=10067"},{"taxonomy":"product_tag","embeddable":true,"href":"https:\/\/toolhouse.fi\/sv\/wp-json\/wp\/v2\/product_tag?post=10067"}],"curies":[{"name":"wp","href":"https:\/\/api.w.org\/{rel}","templated":true}]}}