{"id":1020,"date":"2020-08-31T15:56:41","date_gmt":"2020-08-31T12:56:41","guid":{"rendered":"https:\/\/toolhouse.fi\/?post_type=product&#038;p=1020"},"modified":"2026-02-05T14:06:09","modified_gmt":"2026-02-05T12:06:09","slug":"vaxelladslyft-500-kg","status":"publish","type":"product","link":"https:\/\/toolhouse.fi\/sv\/produkt\/vaxelladslyft-500-kg\/","title":{"rendered":"V\u00e4xell\u00e5dslyft 500 kg."},"content":{"rendered":"<table class=\"n54117_dictionary\">\n<tbody>\n<tr>\n<td class=\"n54117_item_a1\">Kapacitet<span class=\"n67256colon\">:<\/span><\/td>\n<td class=\"n54117_item_b1\">\n<div class=\"n54117_item_b_sub\">500 kg<\/div>\n<\/td>\n<\/tr>\n<tr>\n<td class=\"n54117_item_a2\"><\/td>\n<td class=\"n54117_item_b2\">\n<div class=\"n54117_item_b_sub\"><\/div>\n<\/td>\n<\/tr>\n<tr>\n<td class=\"n54117_item_a1\">L\u00e4gsta h\u00f6jd:<\/td>\n<td class=\"n54117_item_b1\"><span class=\"n67256colon\">1050 mm<\/span><\/td>\n<\/tr>\n<tr>\n<td class=\"n54117_item_a2\">H\u00f6gsta h\u00f6jd:<\/td>\n<td class=\"n54117_item_b2\">\n<div class=\"n54117_item_b_sub\">1820 mm<\/div>\n<\/td>\n<\/tr>\n<tr>\n<td class=\"n54117_item_a1\"><span class=\"n67256colon\">Slagl\u00e4ngd:<\/span><\/td>\n<td class=\"n54117_item_b1\">\n<div class=\"n54117_item_b_sub\">770 mm<\/div>\n<\/td>\n<\/tr>\n<tr>\n<td class=\"n54117_item_a2\">Vikt:<\/td>\n<td class=\"n54117_item_b2\">\n<div class=\"n54117_item_b_sub\">23,5 kg<\/div>\n<\/td>\n<\/tr>\n<tr>\n<td class=\"n54117_item_a1\"><\/td>\n<td class=\"n54117_item_b1\">\n<div class=\"n54117_item_b_sub\"><\/div>\n<\/td>\n<\/tr>\n<tr>\n<td class=\"n54117_item_a2\">Ce-m\u00e4rkt:<\/td>\n<td class=\"n54117_item_b2\">\n<div class=\"n54117_item_b_sub\">Ja<\/div>\n<\/td>\n<\/tr>\n<tr>\n<td class=\"n54117_item_a1\"><\/td>\n<td class=\"n54117_item_b1\">\n<div class=\"n54117_item_b_sub\"><\/div>\n<\/td>\n<\/tr>\n<tr>\n<td class=\"n54117_item_a2\"><\/td>\n<td class=\"n54117_item_b2\">\n<div class=\"n54117_item_b_sub\"><\/div>\n<\/td>\n<\/tr>\n<tr>\n<td class=\"n54117_item_a1\"><span class=\"n67256colon\">Garanti:<\/span><\/td>\n<td class=\"n54117_item_b1\">12 m\u00e5nader<\/td>\n<\/tr>\n<tr>\n<td class=\"n54117_item_a2\">Tillverkare:<\/td>\n<td class=\"n54117_item_b2\">\n<div class=\"n54117_item_b_sub\">Geko<\/div>\n<\/td>\n<\/tr>\n<\/tbody>\n<\/table>\n<p>&nbsp;<\/p>\n","protected":false},"excerpt":{"rendered":"<h4><\/h4>\n<p>Stabil hydraulisk v\u00e4xell\u00e5dslyft med lagrade, sv\u00e4ngbara hjul f\u00f6r enkel man\u00f6vrering.<\/p>\n<p data-start=\"100\" data-end=\"162\">Perfekt vid arbete med v\u00e4xell\u00e5dor, avgassystem och hjulupph\u00e4ngning.<\/p>\n<p data-start=\"164\" data-end=\"257\" data-is-last-node=\"\" data-is-only-node=\"\">Utrustad med fotpedal f\u00f6r smidig h\u00f6jning och handreglage f\u00f6r kontrollerad och s\u00e4ker s\u00e4nkning.<\/p>\n<p>&nbsp;<\/p>\n<p>&nbsp;<\/p>\n","protected":false},"featured_media":24848,"template":"","meta":{"_acf_changed":false,"_seopress_robots_primary_cat":"none","_seopress_titles_title":"","_seopress_titles_desc":"","_seopress_robots_index":""},"product_cat":[20,281,460],"product_tag":[],"class_list":{"0":"post-1020","1":"product","2":"type-product","3":"status-publish","4":"has-post-thumbnail","6":"product_cat-lyftteknik","7":"product_cat-motorlyft-vaxelladslyft","8":"product_cat-vaxelladslyft","9":"product_shipping_class-k-160","11":"first","12":"instock","13":"taxable","14":"shipping-taxable","15":"purchasable","16":"product-type-simple","swatches":"rey-swatches","show_selected":""},"acf":[],"_links":{"self":[{"href":"https:\/\/toolhouse.fi\/sv\/wp-json\/wp\/v2\/product\/1020","targetHints":{"allow":["GET"]}}],"collection":[{"href":"https:\/\/toolhouse.fi\/sv\/wp-json\/wp\/v2\/product"}],"about":[{"href":"https:\/\/toolhouse.fi\/sv\/wp-json\/wp\/v2\/types\/product"}],"version-history":[{"count":5,"href":"https:\/\/toolhouse.fi\/sv\/wp-json\/wp\/v2\/product\/1020\/revisions"}],"predecessor-version":[{"id":24902,"href":"https:\/\/toolhouse.fi\/sv\/wp-json\/wp\/v2\/product\/1020\/revisions\/24902"}],"wp:featuredmedia":[{"embeddable":true,"href":"https:\/\/toolhouse.fi\/sv\/wp-json\/wp\/v2\/media\/24848"}],"wp:attachment":[{"href":"https:\/\/toolhouse.fi\/sv\/wp-json\/wp\/v2\/media?parent=1020"}],"wp:term":[{"taxonomy":"product_cat","embeddable":true,"href":"https:\/\/toolhouse.fi\/sv\/wp-json\/wp\/v2\/product_cat?post=1020"},{"taxonomy":"product_tag","embeddable":true,"href":"https:\/\/toolhouse.fi\/sv\/wp-json\/wp\/v2\/product_tag?post=1020"}],"curies":[{"name":"wp","href":"https:\/\/api.w.org\/{rel}","templated":true}]}}