{"id":1067,"date":"2020-09-01T13:51:16","date_gmt":"2020-09-01T10:51:16","guid":{"rendered":"https:\/\/toolhouse.fi\/?post_type=product&#038;p=1067"},"modified":"2025-04-04T11:44:12","modified_gmt":"2025-04-04T08:44:12","slug":"motorlyft-med-lyftok","status":"publish","type":"product","link":"https:\/\/toolhouse.fi\/sv\/produkt\/motorlyft-med-lyftok\/","title":{"rendered":"Motorlyft Med Lyftok"},"content":{"rendered":"<p>&nbsp;<\/p>\n<table class=\"n54117_dictionary\">\n<tbody>\n<tr>\n<td class=\"n54117_item_a1\">Max lyfth\u00f6jd\u00a0\u00a0<span class=\"n67256colon\">:<\/span><\/td>\n<td class=\"n54117_item_b1\">\n<div class=\"n54117_item_b_sub\">2360mm<\/div>\n<\/td>\n<\/tr>\n<tr>\n<td class=\"n54117_item_a2\">Bomjustering\u00a0<span class=\"n67256colon\">:<\/span><\/td>\n<td class=\"n54117_item_b2\">\n<div class=\"n54117_item_b_sub\">500 kg, 1 ton, 1.5 ton, 2 ton<\/div>\n<\/td>\n<\/tr>\n<tr>\n<td class=\"n54117_item_a1\">Justerbar bom\u00a0<span class=\"n67256colon\">:<\/span><\/td>\n<td class=\"n54117_item_b1\"><span class=\"n67256colon\">1050-1590mm<\/span><\/td>\n<\/tr>\n<tr>\n<td class=\"n54117_item_a2\">Totall\u00e4ngd\u00a0\u00a0<span class=\"n67256colon\">:<\/span><\/td>\n<td class=\"n54117_item_b2\">\n<div class=\"n54117_item_b_sub\">1640 mm<\/div>\n<\/td>\n<\/tr>\n<tr>\n<td class=\"n54117_item_a1\"><span class=\"n67256colon\">Totalbredd:<\/span><\/td>\n<td class=\"n54117_item_b1\">\n<div class=\"n54117_item_b_sub\">1020 mm<\/div>\n<\/td>\n<\/tr>\n<tr>\n<td class=\"n54117_item_a2\">Totalh\u00f6jd min\u00a0<span class=\"n67256colon\">:<\/span><\/td>\n<td class=\"n54117_item_b2\">\n<div class=\"n54117_item_b_sub\">1480 mm<\/div>\n<\/td>\n<\/tr>\n<tr>\n<td class=\"n54117_item_a1\"><span class=\"n67256colon\">Hjul:<\/span><\/td>\n<td class=\"n54117_item_b1\">\n<div class=\"n54117_item_b_sub\">6 st<\/div>\n<\/td>\n<\/tr>\n<tr>\n<td class=\"n54117_item_a2\">Ce-m\u00e4rkt:<\/td>\n<td class=\"n54117_item_b2\">\n<div class=\"n54117_item_b_sub\">Ja<\/div>\n<\/td>\n<\/tr>\n<tr>\n<td class=\"n54117_item_a1\">Hopvikbar<\/td>\n<td class=\"n54117_item_b1\">\n<div class=\"n54117_item_b_sub\"><span class=\"n54117_name_sub\">Ja<\/span><\/div>\n<\/td>\n<\/tr>\n<tr>\n<td class=\"n54117_item_a2\">Vikt:<\/td>\n<td class=\"n54117_item_b2\">\n<div class=\"n54117_item_b_sub\">76 kg<\/div>\n<\/td>\n<\/tr>\n<tr>\n<td class=\"n54117_item_a1\"><span class=\"n67256colon\">Lyftkapacitet:<\/span><\/td>\n<td class=\"n54117_item_b1\">\n<div class=\"n54117_item_b_sub\">2000kg<\/div>\n<\/td>\n<\/tr>\n<tr>\n<td class=\"n54117_item_a2\">Garanti\u00a0<span class=\"n67256colon\">:<\/span><\/p>\n<p>Tillverkare:<\/td>\n<td class=\"n54117_item_b2\">\n<div class=\"n54117_item_b_sub\">1 \u00e5r<\/div>\n<div>Geko<\/div>\n<\/td>\n<\/tr>\n<\/tbody>\n<\/table>\n<p>&nbsp;<\/p>\n<p>&nbsp;<\/p>\n<table class=\"n54117_dictionary\" style=\"height: 190px;\" width=\"214\">\n<tbody>\n<tr>\n<td class=\"n54117_item_a1\"><strong>Lyftok<\/strong><\/td>\n<td class=\"n54117_item_b1\"><\/td>\n<\/tr>\n<tr>\n<td class=\"n54117_item_a2\">Max lyftkapacitet<span class=\"n67256colon\">:<\/span><\/td>\n<td class=\"n54117_item_b2\">\n<div class=\"n54117_item_b_sub\">908 kg<\/div>\n<\/td>\n<\/tr>\n<tr>\n<td class=\"n54117_item_a1\"><span class=\"n67256colon\">L\u00e4ngd:<\/span><\/td>\n<td class=\"n54117_item_b1\">\n<div class=\"n54117_item_b_sub\">400 mm<\/div>\n<\/td>\n<\/tr>\n<tr>\n<td class=\"n54117_item_a2\">Vikt <span class=\"n67256colon\">:<\/span><\/td>\n<td class=\"n54117_item_b2\">\n<div class=\"n54117_item_b_sub\">7 kg<\/div>\n<\/td>\n<\/tr>\n<tr>\n<td class=\"n54117_item_a1\">Kedjor:<\/td>\n<td class=\"n54117_item_b1\">\n<div class=\"n54117_item_b_sub\">2 st<\/div>\n<\/td>\n<\/tr>\n<tr>\n<td class=\"n54117_item_a2\">Garanti<span class=\"n67256colon\">:<\/span><\/td>\n<td class=\"n54117_item_b2\">\n<div class=\"n54117_item_b_sub\">1 \u00e5r<\/div>\n<\/td>\n<\/tr>\n<tr>\n<td class=\"n54117_item_a1\">Ce-m\u00e4rkt<\/td>\n<td class=\"n54117_item_b1\">\n<div class=\"n54117_item_b_sub\">Ja<\/div>\n<\/td>\n<\/tr>\n<\/tbody>\n<\/table>\n","protected":false},"excerpt":{"rendered":"<p>&nbsp;<\/p>\n<p><strong>Stabil motorlyft med 2 tons lyftkapacitet samt lyftok 900kg fr\u00e5n Geko<\/strong><\/p>\n<ul>\n<li>Lyftkapacitet 2000kg<\/li>\n<li>Professionell verkstadskran med h\u00e5rdf\u00f6rkromad kolvst\u00e5ng och pumpkolv f\u00f6r l\u00e5ng livstid.<\/li>\n<li>H\u00f6gklassiga material och tillverkning,tillverkad av profilr\u00f6r med 3 mm materialtjocklek<\/li>\n<li>Utdragbar bom med stor lyftkapacitet, \u00e4ven i det yttersta l\u00e4get.<\/li>\n<li>Inbyggd s\u00e4kerhetsventil.<\/li>\n<li>360 grader sv\u00e4ngbara hjul s\u00e4kerst\u00e4ller optimal man\u00f6verf\u00f6rm\u00e5ga \u00e4ven vid full belastning.<\/li>\n<li>Hopvikbar f\u00f6r att spara utrymme n\u00e4r lyften ej anv\u00e4nds.<\/li>\n<\/ul>\n<p>&nbsp;<\/p>\n<p>&nbsp;<\/p>\n<p><strong>Lyftok\u00a0<\/strong><\/p>\n<ul>\n<li>L\u00e4ttjusterat lyftok ger bra balans och viktf\u00f6rdelning.<\/li>\n<li>Kapacitet 908kg<\/li>\n<li>Trapetsg\u00e4nga<\/li>\n<li>Lyftkedjor medf\u00f6ljer<\/li>\n<\/ul>\n<p>&nbsp;<\/p>\n","protected":false},"featured_media":24829,"template":"","meta":{"_acf_changed":false,"_seopress_robots_primary_cat":"none","_seopress_titles_title":"","_seopress_titles_desc":"","_seopress_robots_index":""},"product_cat":[20,459,281],"product_tag":[],"class_list":{"0":"post-1067","1":"product","2":"type-product","3":"status-publish","4":"has-post-thumbnail","6":"product_cat-lyftteknik","7":"product_cat-motorlyft","8":"product_cat-motorlyft-vaxelladslyft","9":"product_shipping_class-frakt49e","11":"first","12":"instock","13":"sale","14":"taxable","15":"shipping-taxable","16":"purchasable","17":"product-type-simple","swatches":"rey-swatches","show_selected":""},"acf":[],"_links":{"self":[{"href":"https:\/\/toolhouse.fi\/sv\/wp-json\/wp\/v2\/product\/1067","targetHints":{"allow":["GET"]}}],"collection":[{"href":"https:\/\/toolhouse.fi\/sv\/wp-json\/wp\/v2\/product"}],"about":[{"href":"https:\/\/toolhouse.fi\/sv\/wp-json\/wp\/v2\/types\/product"}],"version-history":[{"count":5,"href":"https:\/\/toolhouse.fi\/sv\/wp-json\/wp\/v2\/product\/1067\/revisions"}],"predecessor-version":[{"id":25402,"href":"https:\/\/toolhouse.fi\/sv\/wp-json\/wp\/v2\/product\/1067\/revisions\/25402"}],"wp:featuredmedia":[{"embeddable":true,"href":"https:\/\/toolhouse.fi\/sv\/wp-json\/wp\/v2\/media\/24829"}],"wp:attachment":[{"href":"https:\/\/toolhouse.fi\/sv\/wp-json\/wp\/v2\/media?parent=1067"}],"wp:term":[{"taxonomy":"product_cat","embeddable":true,"href":"https:\/\/toolhouse.fi\/sv\/wp-json\/wp\/v2\/product_cat?post=1067"},{"taxonomy":"product_tag","embeddable":true,"href":"https:\/\/toolhouse.fi\/sv\/wp-json\/wp\/v2\/product_tag?post=1067"}],"curies":[{"name":"wp","href":"https:\/\/api.w.org\/{rel}","templated":true}]}}