{"id":11013,"date":"2022-11-28T14:05:37","date_gmt":"2022-11-28T12:05:37","guid":{"rendered":"https:\/\/toolhouse.fi\/?post_type=product&#038;p=11013"},"modified":"2026-03-17T11:34:04","modified_gmt":"2026-03-17T09:34:04","slug":"pk-5500a-55t","status":"publish","type":"product","link":"https:\/\/toolhouse.fi\/sv\/produkt\/pk-5500a-55t\/","title":{"rendered":"Pk-5500A 5,5T."},"content":{"rendered":"<table border=\"0\" width=\"436\" cellspacing=\"0\" cellpadding=\"2\">\n<tbody>\n<tr>\n<td width=\"322\"><span style=\"color: #333333;\"><strong>Lyftkapacitet :<\/strong><\/span><\/td>\n<td width=\"93\"><span style=\"color: #333333;\"><strong>5500 kg<\/strong><\/span><\/td>\n<\/tr>\n<tr>\n<td bgcolor=\"#f1f1f1\" width=\"322\"><span style=\"color: #333333;\"><strong>Lyfth\u00f6jd :<\/strong><\/span><\/td>\n<td bgcolor=\"#f1f1f1\" width=\"93\"><span style=\"color: #333333;\"><strong>110-1800 mm<\/strong><\/span><\/td>\n<\/tr>\n<tr>\n<td width=\"322\"><span style=\"color: #333333;\"><strong>Automatiska s\u00e4kerhetsl\u00e5s :<\/strong><\/span><\/td>\n<td width=\"93\"><span style=\"color: #333333;\"><strong>Ja<\/strong><\/span><\/td>\n<\/tr>\n<tr>\n<td bgcolor=\"#f1f1f1\" width=\"322\"><span style=\"color: #333333;\"><strong>Drift\u00a0:<\/strong><\/span><\/td>\n<td bgcolor=\"#f1f1f1\" width=\"93\"><span style=\"color: #333333;\"><strong>Hydraulisk<\/strong><\/span><\/td>\n<\/tr>\n<tr>\n<td width=\"322\"><span style=\"color: #333333;\"><strong>Lyfttid\u00a0:<\/strong><\/span><\/td>\n<td width=\"93\"><span style=\"color: #333333;\"><strong>30 sekunder<\/strong><\/span><\/td>\n<\/tr>\n<tr>\n<td bgcolor=\"#f1f1f1\" width=\"322\"><span style=\"color: #333333;\"><strong>230V elutag :<\/strong><\/span><\/td>\n<td bgcolor=\"#f1f1f1\" width=\"93\"><span style=\"color: #333333;\"><strong>ja<\/strong><\/span><\/td>\n<\/tr>\n<tr>\n<td width=\"322\"><span style=\"color: #333333;\"><strong>Bredd mellan pelare :<\/strong><\/span><\/p>\n<p><span style=\"color: #333333;\"><strong>Genomk\u00f6rningsbredd :<\/strong><\/span><\/td>\n<td width=\"93\"><span style=\"color: #333333;\"><strong>3400 mm<\/strong><\/span><\/p>\n<p><span style=\"color: #333333;\"><strong>3080 mm<\/strong><\/span><\/td>\n<\/tr>\n<tr>\n<td bgcolor=\"#f1f1f1\" width=\"322\"><span style=\"color: #333333;\"><strong>H\u00f6jd :<\/strong><\/span><\/td>\n<td bgcolor=\"#f1f1f1\" width=\"93\"><span style=\"color: #333333;\"><strong>2920 mm<\/strong><\/span><\/td>\n<\/tr>\n<tr>\n<td width=\"322\"><span style=\"color: #333333;\"><strong>Bredd (med hydraulpump) :<\/strong><\/span><\/p>\n<p><span style=\"color: #333333;\"><strong>Vikt :<\/strong><\/span><\/td>\n<td width=\"93\"><span style=\"color: #333333;\"><strong>3980mm \/ (4160mm)<\/strong><\/span><\/p>\n<p><span style=\"color: #333333;\"><strong>950kg<\/strong><\/span><\/td>\n<\/tr>\n<tr>\n<td bgcolor=\"#f1f1f1\" width=\"322\"><span style=\"color: #333333;\"><strong>Symmetriska 3 delade lyftarmar :<\/strong><\/span><\/td>\n<td bgcolor=\"#f1f1f1\" width=\"93\"><span style=\"color: #333333;\"><strong>890 mm -1800 mm<\/strong><\/span><\/td>\n<\/tr>\n<tr>\n<td width=\"322\"><\/td>\n<td width=\"93\"><\/td>\n<\/tr>\n<tr>\n<td bgcolor=\"#f1f1f1\" width=\"322\"><span style=\"color: #333333;\"><strong>CE m\u00e4rkt :<\/strong><\/span><\/td>\n<td bgcolor=\"#f1f1f1\" width=\"93\"><span style=\"color: #333333;\"><strong>Ja<\/strong><\/span><\/td>\n<\/tr>\n<tr>\n<td width=\"322\"><span style=\"color: #333333;\"><strong>Garanti\u00a0:<\/strong><\/span><\/td>\n<td width=\"93\"><span style=\"color: #333333;\"><strong>12 m\u00e5nader<\/strong><\/span><\/td>\n<\/tr>\n<tr>\n<td bgcolor=\"#f1f1f1\" width=\"322\"><span style=\"color: #333333;\"><strong>Motoreffekt :<\/strong><\/span><\/td>\n<td bgcolor=\"#f1f1f1\" width=\"93\"><span style=\"color: #333333;\"><strong>2,2 kW<\/strong><\/span><\/td>\n<\/tr>\n<tr>\n<td width=\"322\"><span style=\"color: #333333;\"><strong>Sp\u00e4nning\u00a0:<\/strong><\/span><\/p>\n<p><span style=\"color: #333333;\"><strong>Man\u00f6versp\u00e4nning :<\/strong><\/span><\/p>\n<p>&nbsp;<\/p>\n<p><span style=\"color: #333333;\"><strong>Modell :<\/strong><\/span><\/td>\n<td width=\"93\"><span style=\"color: #333333;\"><strong>400 V<\/strong><\/span><\/p>\n<p><span style=\"color: #333333;\"><strong>24 V<\/strong><\/span><\/p>\n<p>&nbsp;<\/p>\n<p><span style=\"color: #333333;\"><strong>Pk-5500A<\/strong><\/span><\/td>\n<\/tr>\n<\/tbody>\n<\/table>\n","protected":false},"excerpt":{"rendered":"<p>&nbsp;<\/p>\n<p><strong>Pk-5500, <\/strong>kraftfull 2-pelarlyft med 5,5 tons lyftkapacitet.<\/p>\n<p>Lyften klarar att lyfta de flesta fordonstyper med b\u00e5de kort och l\u00e5ng hjulbas, fr\u00e5n sm\u00e5 personbilar upp till l\u00e5nga paketbilar.<\/p>\n<p>Pk-5500 har tredelade symmetriska lyftarmar, justerbara fr\u00e5n 890 mm till 1800 mm.<\/p>\n<p>F\u00e4stplattorna p\u00e5 bilderna \u00e4r extrautrustning, golvf\u00e4stenas m\u00e5tt \u00e4r 500 x 410mm.<\/p>\n<p>&nbsp;<\/p>\n<ul>\n<li>Hydraulisk tv\u00e5pelarlyft<\/li>\n<li>Lyftkapacitet 5500 kg<\/li>\n<li>L\u00e5nga symmetriska 3 delade lyftarmar 890 &#8211; 1800 mm<\/li>\n<li>400 V<\/li>\n<li>Lyfth\u00f6jd 1800 mm<\/li>\n<li>Automatiska 24 V s\u00e4kerhetsl\u00e5s.<\/li>\n<li>230 V eluttag<\/li>\n<li>100mm f\u00f6rh\u00f6jningsholkar ing\u00e5r\n<p>[caption id=\"attachment_11084\" align=\"alignnone\" width=\"800\"]<img alt=\"\" fetchpriority=\"high\" decoding=\"async\" class=\"wp-image-11084 size-full\" src=\"http:\/\/toolhouse.fi\/wp-content\/uploads\/2022\/11\/pk5500.jpg\" alt=\"\" width=\"800\" height=\"633\" srcset=\"https:\/\/toolhouse.fi\/wp-content\/uploads\/2022\/11\/pk5500.jpg 800w, https:\/\/toolhouse.fi\/wp-content\/uploads\/2022\/11\/pk5500-300x237.jpg 300w, https:\/\/toolhouse.fi\/wp-content\/uploads\/2022\/11\/pk5500-510x404.jpg 510w, https:\/\/toolhouse.fi\/wp-content\/uploads\/2022\/11\/pk5500-768x608.jpg 768w\" sizes=\"(max-width: 800px) 100vw, 800px\" \/> L\u00e4ngden p\u00e5 lyftarmarna g\u00f6r Pk-5500 mycket l\u00e4mplig till lyft av l\u00e5nga fordon.[\/caption]<\/li>\n<\/ul>\n","protected":false},"featured_media":11026,"template":"","meta":{"_acf_changed":false,"_seopress_robots_primary_cat":"none","_seopress_titles_title":"","_seopress_titles_desc":"","_seopress_robots_index":""},"product_cat":[278,458,20],"product_tag":[],"class_list":{"0":"post-11013","1":"product","2":"type-product","3":"status-publish","4":"has-post-thumbnail","6":"product_cat-2-pelarlyft","7":"product_cat-fordonslyftar","8":"product_cat-lyftteknik","9":"product_shipping_class-frakt195e","11":"first","12":"instock","13":"sale","14":"taxable","15":"shipping-taxable","16":"purchasable","17":"product-type-simple","swatches":"rey-swatches","show_selected":""},"acf":[],"_links":{"self":[{"href":"https:\/\/toolhouse.fi\/sv\/wp-json\/wp\/v2\/product\/11013","targetHints":{"allow":["GET"]}}],"collection":[{"href":"https:\/\/toolhouse.fi\/sv\/wp-json\/wp\/v2\/product"}],"about":[{"href":"https:\/\/toolhouse.fi\/sv\/wp-json\/wp\/v2\/types\/product"}],"version-history":[{"count":2,"href":"https:\/\/toolhouse.fi\/sv\/wp-json\/wp\/v2\/product\/11013\/revisions"}],"predecessor-version":[{"id":30132,"href":"https:\/\/toolhouse.fi\/sv\/wp-json\/wp\/v2\/product\/11013\/revisions\/30132"}],"wp:featuredmedia":[{"embeddable":true,"href":"https:\/\/toolhouse.fi\/sv\/wp-json\/wp\/v2\/media\/11026"}],"wp:attachment":[{"href":"https:\/\/toolhouse.fi\/sv\/wp-json\/wp\/v2\/media?parent=11013"}],"wp:term":[{"taxonomy":"product_cat","embeddable":true,"href":"https:\/\/toolhouse.fi\/sv\/wp-json\/wp\/v2\/product_cat?post=11013"},{"taxonomy":"product_tag","embeddable":true,"href":"https:\/\/toolhouse.fi\/sv\/wp-json\/wp\/v2\/product_tag?post=11013"}],"curies":[{"name":"wp","href":"https:\/\/api.w.org\/{rel}","templated":true}]}}