{"id":11115,"date":"2022-12-04T19:31:53","date_gmt":"2022-12-04T17:31:53","guid":{"rendered":"https:\/\/toolhouse.fi\/?post_type=product&#038;p=11115"},"modified":"2025-12-11T17:15:23","modified_gmt":"2025-12-11T15:15:23","slug":"px-3500wn-saxlyft","status":"publish","type":"product","link":"https:\/\/toolhouse.fi\/sv\/produkt\/px-3500wn-saxlyft\/","title":{"rendered":"PX-3500WN saxlyft"},"content":{"rendered":"<table width=\"667\">\n<tbody>\n<tr>\n<td width=\"346\">Modell<\/td>\n<td colspan=\"2\" width=\"321\">Px-3500wn<\/td>\n<\/tr>\n<tr>\n<td width=\"346\">Lyftkapacitet<\/td>\n<td colspan=\"2\" width=\"321\">3500 kg<\/td>\n<\/tr>\n<tr>\n<td width=\"346\">Maximal\u00a0 lyfth\u00f6jd<\/td>\n<td colspan=\"2\" width=\"321\">1850 mm<\/td>\n<\/tr>\n<tr>\n<td width=\"346\">L\u00e4gsta h\u00f6jd<\/td>\n<td colspan=\"2\" width=\"321\">105 mm<\/td>\n<\/tr>\n<tr>\n<td width=\"346\">Lyft \/ s\u00e4nktid<\/td>\n<td colspan=\"2\" width=\"321\">27 sek<\/td>\n<\/tr>\n<tr>\n<td width=\"346\">Bredd<\/td>\n<td colspan=\"2\" width=\"321\">2030 mm<\/td>\n<\/tr>\n<tr>\n<td width=\"346\">Plattformsl\u00e4ngd<\/p>\n<p>Avst\u00e5nd mellan plattformar<\/td>\n<td colspan=\"2\" width=\"321\">1524 mm \u2013 2090 mm<\/p>\n<p>830 mm<\/td>\n<\/tr>\n<tr>\n<td width=\"346\">Plattformsbredd<\/td>\n<td colspan=\"2\" width=\"321\">600 mm<\/td>\n<\/tr>\n<tr>\n<td width=\"346\">Str\u00f6mk\u00e4lla<\/p>\n<p>Man\u00f6versp\u00e4nning<\/td>\n<td colspan=\"2\" width=\"321\">400 V<\/p>\n<p>24 V<\/td>\n<\/tr>\n<tr>\n<td width=\"346\">Motoreffekt<\/td>\n<td colspan=\"2\" width=\"321\">2,2 kW<\/td>\n<\/tr>\n<tr>\n<td width=\"346\">CE m\u00e4rkt<\/p>\n<p>Garanti<\/td>\n<td colspan=\"2\" width=\"321\">Ja<\/p>\n<p>12 M\u00e5nader<\/td>\n<\/tr>\n<tr>\n<td width=\"346\">Bullerniv\u00e5<\/td>\n<td colspan=\"2\" width=\"321\">\u226470 dB(A)<\/td>\n<\/tr>\n<tr>\n<td width=\"346\">Nettovikt<\/td>\n<td colspan=\"2\" width=\"321\">1028 kg<\/td>\n<\/tr>\n<\/tbody>\n<\/table>\n<p><img alt=\"\" fetchpriority=\"high\" decoding=\"async\" class=\" wp-image-12177 aligncenter\" src=\"http:\/\/toolhouse.fi\/wp-content\/uploads\/2022\/12\/px2.jpg\" alt=\"\" width=\"673\" height=\"464\" srcset=\"https:\/\/toolhouse.fi\/wp-content\/uploads\/2022\/12\/px2.jpg 1000w, https:\/\/toolhouse.fi\/wp-content\/uploads\/2022\/12\/px2-300x207.jpg 300w, https:\/\/toolhouse.fi\/wp-content\/uploads\/2022\/12\/px2-510x351.jpg 510w, https:\/\/toolhouse.fi\/wp-content\/uploads\/2022\/12\/px2-768x529.jpg 768w\" sizes=\"(max-width: 673px) 100vw, 673px\" \/><\/p>\n","protected":false},"excerpt":{"rendered":"<h3><strong>PX-3500WN<\/strong><\/h3>\n<p>&nbsp;<\/p>\n<ul>\n<li>Hydraulisk<\/li>\n<li>Lyftkapacitet 3500kg<\/li>\n<li>Lyfth\u00f6jd 1850mm<\/li>\n<li>L\u00e4gsta h\u00f6jd 105mm<\/li>\n<li>Sm\u00f6rjnipplar p\u00e5 alla leder<\/li>\n<li>Automatiska luftstyrda s\u00e4kerhetsl\u00e5s<\/li>\n<li>L\u00e5sbara \/ uppf\u00e4llbara ramper<\/li>\n<li>Gummidynor 4st<\/li>\n<li>Alla reservdelar tillg\u00e4ngliga<\/li>\n<li>400V<\/li>\n<\/ul>\n<p>&nbsp;<\/p>\n<p>PX-3500WN \u00e4r en h\u00f6gklassig lyft som som lyfter 3500 kg och l\u00e4gsta h\u00f6jd p\u00e5 endast 10,5 cm.<\/p>\n<p>Lyfter med full kraft \u00e4nda fr\u00e5n nerf\u00e4llt l\u00e4ge.<\/p>\n<p>Sm\u00f6rjnipplar p\u00e5 alla leder.<\/p>\n<p>H\u00f6g s\u00e4kerhet med bland annat ljudsignal och auto-stop vid 30 cm fr\u00e5n golvet n\u00e4r lyften s\u00e4nks.<\/p>\n<p>&nbsp;<\/p>\n<p><strong>Enkel installation<\/strong><\/p>\n<p>Px3500wn levereras med f\u00e4rdigmonterad anslutningskabel och 16A kontakt.<\/p>\n<p>Hydraulsystemet \u00e4r utrustat med automatisk avluftning och automatisk niv\u00e5justering av lyftplattformarna, vilket g\u00f6r installationen b\u00e5de snabb och problemfri.<\/p>\n","protected":false},"featured_media":12420,"template":"","meta":{"_acf_changed":false,"_seopress_robots_primary_cat":"none","_seopress_titles_title":"","_seopress_titles_desc":"","_seopress_robots_index":""},"product_cat":[20,280],"product_tag":[],"class_list":{"0":"post-11115","1":"product","2":"type-product","3":"status-publish","4":"has-post-thumbnail","6":"product_cat-lyftteknik","7":"product_cat-saxlyft-laglyft","8":"product_shipping_class-frakt149e","10":"first","11":"outofstock","12":"taxable","13":"shipping-taxable","14":"purchasable","15":"product-type-simple","swatches":"rey-swatches","show_selected":""},"acf":[],"_links":{"self":[{"href":"https:\/\/toolhouse.fi\/sv\/wp-json\/wp\/v2\/product\/11115","targetHints":{"allow":["GET"]}}],"collection":[{"href":"https:\/\/toolhouse.fi\/sv\/wp-json\/wp\/v2\/product"}],"about":[{"href":"https:\/\/toolhouse.fi\/sv\/wp-json\/wp\/v2\/types\/product"}],"version-history":[{"count":5,"href":"https:\/\/toolhouse.fi\/sv\/wp-json\/wp\/v2\/product\/11115\/revisions"}],"predecessor-version":[{"id":30198,"href":"https:\/\/toolhouse.fi\/sv\/wp-json\/wp\/v2\/product\/11115\/revisions\/30198"}],"wp:featuredmedia":[{"embeddable":true,"href":"https:\/\/toolhouse.fi\/sv\/wp-json\/wp\/v2\/media\/12420"}],"wp:attachment":[{"href":"https:\/\/toolhouse.fi\/sv\/wp-json\/wp\/v2\/media?parent=11115"}],"wp:term":[{"taxonomy":"product_cat","embeddable":true,"href":"https:\/\/toolhouse.fi\/sv\/wp-json\/wp\/v2\/product_cat?post=11115"},{"taxonomy":"product_tag","embeddable":true,"href":"https:\/\/toolhouse.fi\/sv\/wp-json\/wp\/v2\/product_tag?post=11115"}],"curies":[{"name":"wp","href":"https:\/\/api.w.org\/{rel}","templated":true}]}}