{"id":11167,"date":"2022-12-11T10:48:45","date_gmt":"2022-12-11T08:48:45","guid":{"rendered":"https:\/\/toolhouse.fi\/?post_type=product&#038;p=11167"},"modified":"2026-04-01T10:46:13","modified_gmt":"2026-04-01T07:46:13","slug":"luftdomkraft-p4000","status":"publish","type":"product","link":"https:\/\/toolhouse.fi\/sv\/produkt\/luftdomkraft-p4000\/","title":{"rendered":"Luftdomkraft P-4000 4T"},"content":{"rendered":"<table width=\"641\">\n<tbody>\n<tr>\n<td width=\"317\"><strong>Modell:<\/strong><\/td>\n<td width=\"325\">P-4000<\/td>\n<\/tr>\n<tr>\n<td width=\"317\"><strong>Lyfth\u00f6jd:<\/strong><\/td>\n<td width=\"325\">400 mm<\/td>\n<\/tr>\n<tr>\n<td width=\"317\"><strong>L\u00e4gsta h\u00f6jd:<\/strong><\/td>\n<td width=\"325\">135 mm<\/td>\n<\/tr>\n<tr>\n<td width=\"317\"><strong>Lyftkapacitet:<\/strong><\/td>\n<td width=\"325\">4000 kg<\/td>\n<\/tr>\n<tr>\n<td width=\"317\"><strong>Luftb\u00e4lg diameter:<\/strong><\/td>\n<td width=\"325\">285 mm<\/td>\n<\/tr>\n<tr>\n<td width=\"317\"><strong>Arbetstryck:<\/strong><\/td>\n<td width=\"325\">6 \u2013 8 bar<\/td>\n<\/tr>\n<tr>\n<td width=\"317\"><strong>\u00d6vertrycksventil:<\/strong><\/td>\n<td width=\"325\">Ja<\/td>\n<\/tr>\n<tr>\n<td width=\"317\"><strong>Handtagsl\u00e4ngd:<\/strong><\/td>\n<td width=\"325\">840 mm<\/td>\n<\/tr>\n<tr>\n<td width=\"317\"><strong>Vikt:<\/strong><\/td>\n<td width=\"325\">21 kg<\/td>\n<\/tr>\n<tr>\n<td width=\"317\"><strong>CE-godk\u00e4nd:<\/strong><\/td>\n<td width=\"325\">Ja<\/td>\n<\/tr>\n<tr>\n<td width=\"317\"><strong>Garanti:<\/strong><\/td>\n<td width=\"325\">12 m\u00e5nader<\/td>\n<\/tr>\n<tr>\n<td width=\"317\"><\/td>\n<\/tr>\n<\/tbody>\n<\/table>\n","protected":false},"excerpt":{"rendered":"<p><strong>P-4000<\/strong> \u00e4r en snabb, s\u00e4ker och l\u00e4ttflyttad b\u00e4lgdomkraft som lyfter 4000 kg. Lyfth\u00f6jd p\u00e5 hela 400 mm och justerbart handtag i 3 l\u00e4gen. Teleskopk\u00e4rna i st\u00e5l och stor bottenplatta g\u00f6r att du tryggt och enkelt kan anv\u00e4nda P-4000 b\u00e5de inom- och utomhus. \u00d6vertrycksventil f\u00f6r h\u00f6gsta s\u00e4kerhet. Kan f\u00f6rvaras st\u00e5ende f\u00f6r att spara utrymme.<\/p>\n","protected":false},"featured_media":11188,"template":"","meta":{"_acf_changed":false,"_seopress_robots_primary_cat":"none","_seopress_titles_title":"","_seopress_titles_desc":"","_seopress_robots_index":""},"product_cat":[283,20,216],"product_tag":[],"class_list":{"0":"post-11167","1":"product","2":"type-product","3":"status-publish","4":"has-post-thumbnail","6":"product_cat-domkraft-pallbock","7":"product_cat-lyftteknik","8":"product_cat-tryckluft-och-kompressor","9":"product_shipping_class-k-160","11":"first","12":"instock","13":"sale","14":"taxable","15":"shipping-taxable","16":"purchasable","17":"product-type-simple","swatches":"rey-swatches","show_selected":""},"acf":[],"_links":{"self":[{"href":"https:\/\/toolhouse.fi\/sv\/wp-json\/wp\/v2\/product\/11167","targetHints":{"allow":["GET"]}}],"collection":[{"href":"https:\/\/toolhouse.fi\/sv\/wp-json\/wp\/v2\/product"}],"about":[{"href":"https:\/\/toolhouse.fi\/sv\/wp-json\/wp\/v2\/types\/product"}],"version-history":[{"count":1,"href":"https:\/\/toolhouse.fi\/sv\/wp-json\/wp\/v2\/product\/11167\/revisions"}],"predecessor-version":[{"id":18437,"href":"https:\/\/toolhouse.fi\/sv\/wp-json\/wp\/v2\/product\/11167\/revisions\/18437"}],"wp:featuredmedia":[{"embeddable":true,"href":"https:\/\/toolhouse.fi\/sv\/wp-json\/wp\/v2\/media\/11188"}],"wp:attachment":[{"href":"https:\/\/toolhouse.fi\/sv\/wp-json\/wp\/v2\/media?parent=11167"}],"wp:term":[{"taxonomy":"product_cat","embeddable":true,"href":"https:\/\/toolhouse.fi\/sv\/wp-json\/wp\/v2\/product_cat?post=11167"},{"taxonomy":"product_tag","embeddable":true,"href":"https:\/\/toolhouse.fi\/sv\/wp-json\/wp\/v2\/product_tag?post=11167"}],"curies":[{"name":"wp","href":"https:\/\/api.w.org\/{rel}","templated":true}]}}