{"id":11567,"date":"2023-01-10T17:52:50","date_gmt":"2023-01-10T15:52:50","guid":{"rendered":"https:\/\/toolhouse.fi\/?post_type=product&#038;p=11567"},"modified":"2024-10-20T09:53:14","modified_gmt":"2024-10-20T06:53:14","slug":"automatiskt-monteringshuvud","status":"publish","type":"product","link":"https:\/\/toolhouse.fi\/sv\/produkt\/automatiskt-monteringshuvud\/","title":{"rendered":"Automatiskt monteringshuvud"},"content":{"rendered":"<p>&nbsp;<\/p>\n<table class=\"n54117_dictionary\">\n<tbody>\n<tr>\n<td class=\"n54117_item_a1\"><span class=\"n67256colon\">Tillverkare:<\/span><\/td>\n<td class=\"n54117_item_b1\">\n<div class=\"n54117_item_b_sub\"><span class=\"n54117_name_sub\">Redats<\/span><\/div>\n<\/td>\n<\/tr>\n<tr>\n<td class=\"n54117_item_a2\"><span class=\"n67256colon\">Modell:<\/span><\/td>\n<td class=\"n54117_item_b2\">\n<div class=\"n54117_item_b_sub\">Leverless<\/div>\n<\/td>\n<\/tr>\n<tr>\n<td class=\"n54117_item_a1\">Typ:<\/td>\n<td class=\"n54117_item_b1\">\n<div class=\"n54117_item_b_sub\">Automatiskt monteringshuvud<\/div>\n<\/td>\n<\/tr>\n<tr>\n<td class=\"n54117_item_a2\">Drift:<\/td>\n<td class=\"n54117_item_b2\">Pneumatisk<\/td>\n<\/tr>\n<tr>\n<td class=\"n54117_item_a1\">CE-godk\u00e4nd:<\/td>\n<td class=\"n54117_item_b1\">\n<div class=\"n54117_item_b_sub\">Ja<\/div>\n<\/td>\n<\/tr>\n<tr>\n<td class=\"n54117_item_a2\">Garanti:<\/td>\n<td class=\"n54117_item_b2\">12 m\u00e5nader<\/td>\n<\/tr>\n<\/tbody>\n<\/table>\n","protected":false},"excerpt":{"rendered":"<p>Redats automatiska monteringshuvud &#8221;Leverless&#8221; g\u00f6r anv\u00e4ndning av d\u00e4ckj\u00e4rn on\u00f6dig och underl\u00e4ttar betydligt vid demontering av l\u00e5gprofild\u00e4ck.<\/p>\n<p>Passar till Redats:<\/p>\n<ul>\n<li>M-201<\/li>\n<li>M-205<\/li>\n<li>M-211<\/li>\n<li>M-221<\/li>\n<li>M-221-3D<\/li>\n<li>M-250<\/li>\n<li>M-250-3D<\/li>\n<li>Andra m\u00e4rken med 29mm monteringsh\u00e5l<\/li>\n<\/ul>\n<p>Serien inneh\u00e5ller styvare fj\u00e4der och monteringstillbeh\u00f6r.<\/p>\n<h3><a href=\"https:\/\/www.youtube.com\/watch?v=quTpDjhrRjs\" target=\"_blank\" rel=\"noopener\">L\u00e4nk till produktvideo.<\/a><\/h3>\n<h3><a href=\"https:\/\/www.youtube.com\/watch?v=ozddI50W_0I\" target=\"_blank\" rel=\"noopener\">L\u00e4nk till monteringsvideo.<\/a><\/h3>\n","protected":false},"featured_media":11592,"template":"","meta":{"_acf_changed":false,"_seopress_robots_primary_cat":"","_seopress_titles_title":"","_seopress_titles_desc":"","_seopress_robots_index":""},"product_cat":[186,593],"product_tag":[],"class_list":{"0":"post-11567","1":"product","2":"type-product","3":"status-publish","4":"has-post-thumbnail","6":"product_cat-dackmaskiner","7":"product_cat-tillbehor-och-reservdelar","8":"product_shipping_class-tillbehor-790","10":"first","11":"instock","12":"taxable","13":"shipping-taxable","14":"purchasable","15":"product-type-simple","swatches":"rey-swatches","show_selected":""},"acf":[],"_links":{"self":[{"href":"https:\/\/toolhouse.fi\/sv\/wp-json\/wp\/v2\/product\/11567","targetHints":{"allow":["GET"]}}],"collection":[{"href":"https:\/\/toolhouse.fi\/sv\/wp-json\/wp\/v2\/product"}],"about":[{"href":"https:\/\/toolhouse.fi\/sv\/wp-json\/wp\/v2\/types\/product"}],"version-history":[{"count":1,"href":"https:\/\/toolhouse.fi\/sv\/wp-json\/wp\/v2\/product\/11567\/revisions"}],"predecessor-version":[{"id":18431,"href":"https:\/\/toolhouse.fi\/sv\/wp-json\/wp\/v2\/product\/11567\/revisions\/18431"}],"wp:featuredmedia":[{"embeddable":true,"href":"https:\/\/toolhouse.fi\/sv\/wp-json\/wp\/v2\/media\/11592"}],"wp:attachment":[{"href":"https:\/\/toolhouse.fi\/sv\/wp-json\/wp\/v2\/media?parent=11567"}],"wp:term":[{"taxonomy":"product_cat","embeddable":true,"href":"https:\/\/toolhouse.fi\/sv\/wp-json\/wp\/v2\/product_cat?post=11567"},{"taxonomy":"product_tag","embeddable":true,"href":"https:\/\/toolhouse.fi\/sv\/wp-json\/wp\/v2\/product_tag?post=11567"}],"curies":[{"name":"wp","href":"https:\/\/api.w.org\/{rel}","templated":true}]}}