{"id":1172,"date":"2020-09-27T08:46:46","date_gmt":"2020-09-27T05:46:46","guid":{"rendered":"https:\/\/toolhouse.fi\/?post_type=product&#038;p=1172"},"modified":"2025-11-21T16:07:00","modified_gmt":"2025-11-21T14:07:00","slug":"fixtur-till-vaxelladslyft","status":"publish","type":"product","link":"https:\/\/toolhouse.fi\/sv\/produkt\/fixtur-till-vaxelladslyft\/","title":{"rendered":"Fixtur till v\u00e4xell\u00e5dslyft"},"content":{"rendered":"","protected":false},"excerpt":{"rendered":"<p>Fixtur till v\u00e4xell\u00e5dslyft med m\u00e5nga justeringsm\u00f6jligheter.<\/p>\n<p>Beh\u00e4ndig vid exempelvis byte av v\u00e4xell\u00e5da.<\/p>\n<p>Monteringsh\u00e5l: 28mm<\/p>\n","protected":false},"featured_media":24889,"template":"","meta":{"_acf_changed":false,"_seopress_robots_primary_cat":"none","_seopress_titles_title":"","_seopress_titles_desc":"","_seopress_robots_index":""},"product_cat":[20,281,460],"product_tag":[],"class_list":{"0":"post-1172","1":"product","2":"type-product","3":"status-publish","4":"has-post-thumbnail","6":"product_cat-lyftteknik","7":"product_cat-motorlyft-vaxelladslyft","8":"product_cat-vaxelladslyft","9":"product_shipping_class-tillbehor-790","11":"first","12":"instock","13":"taxable","14":"shipping-taxable","15":"purchasable","16":"product-type-simple","swatches":"rey-swatches","show_selected":""},"acf":[],"_links":{"self":[{"href":"https:\/\/toolhouse.fi\/sv\/wp-json\/wp\/v2\/product\/1172","targetHints":{"allow":["GET"]}}],"collection":[{"href":"https:\/\/toolhouse.fi\/sv\/wp-json\/wp\/v2\/product"}],"about":[{"href":"https:\/\/toolhouse.fi\/sv\/wp-json\/wp\/v2\/types\/product"}],"version-history":[{"count":3,"href":"https:\/\/toolhouse.fi\/sv\/wp-json\/wp\/v2\/product\/1172\/revisions"}],"predecessor-version":[{"id":24899,"href":"https:\/\/toolhouse.fi\/sv\/wp-json\/wp\/v2\/product\/1172\/revisions\/24899"}],"wp:featuredmedia":[{"embeddable":true,"href":"https:\/\/toolhouse.fi\/sv\/wp-json\/wp\/v2\/media\/24889"}],"wp:attachment":[{"href":"https:\/\/toolhouse.fi\/sv\/wp-json\/wp\/v2\/media?parent=1172"}],"wp:term":[{"taxonomy":"product_cat","embeddable":true,"href":"https:\/\/toolhouse.fi\/sv\/wp-json\/wp\/v2\/product_cat?post=1172"},{"taxonomy":"product_tag","embeddable":true,"href":"https:\/\/toolhouse.fi\/sv\/wp-json\/wp\/v2\/product_tag?post=1172"}],"curies":[{"name":"wp","href":"https:\/\/api.w.org\/{rel}","templated":true}]}}