{"id":11939,"date":"2023-02-11T15:33:01","date_gmt":"2023-02-11T13:33:01","guid":{"rendered":"https:\/\/toolhouse.fi\/?post_type=product&#038;p=11939"},"modified":"2026-04-16T16:30:42","modified_gmt":"2026-04-16T13:30:42","slug":"icarsoft-cr-pro-plus","status":"publish","type":"product","link":"https:\/\/toolhouse.fi\/sv\/produkt\/icarsoft-cr-pro-plus\/","title":{"rendered":"iCarsoft Cr-pro plus."},"content":{"rendered":"<p>&nbsp;<\/p>\n<ul>\n<li>Display: 4,3\u2033 TFT LCD<img alt=\"\" fetchpriority=\"high\" decoding=\"async\" class=\" wp-image-12070 alignright\" src=\"http:\/\/toolhouse.fi\/wp-content\/uploads\/2023\/02\/icarsoft-cr-pro-plus-vikakoodinlukija-2.jpg\" alt=\"\" width=\"530\" height=\"462\" srcset=\"https:\/\/toolhouse.fi\/wp-content\/uploads\/2023\/02\/icarsoft-cr-pro-plus-vikakoodinlukija-2.jpg 1174w, https:\/\/toolhouse.fi\/wp-content\/uploads\/2023\/02\/icarsoft-cr-pro-plus-vikakoodinlukija-2-300x262.jpg 300w, https:\/\/toolhouse.fi\/wp-content\/uploads\/2023\/02\/icarsoft-cr-pro-plus-vikakoodinlukija-2-1000x872.jpg 1000w, https:\/\/toolhouse.fi\/wp-content\/uploads\/2023\/02\/icarsoft-cr-pro-plus-vikakoodinlukija-2-1024x893.jpg 1024w, https:\/\/toolhouse.fi\/wp-content\/uploads\/2023\/02\/icarsoft-cr-pro-plus-vikakoodinlukija-2-768x670.jpg 768w\" sizes=\"(max-width: 530px) 100vw, 530px\" \/><\/li>\n<li>Uppl\u00f6sning: 800\u00d7480<\/li>\n<li>Drifttemperatur: 0 till 50 c<\/li>\n<li>F\u00f6rvaringstemperatur: -20 till 70 c<\/li>\n<li>Driftsp\u00e4nning: 9 \u2013 18V<\/li>\n<li>Dimensioner: 210 x 120 x 31 mm<\/li>\n<li>Spr\u00e5k: Engelska, Svenska, Finska, Tyska, Franska, Nederl\u00e4ndska, Spanska,<\/li>\n<\/ul>\n<p><strong>Inneh\u00e5ll<\/strong><\/p>\n<ul>\n<li>iCarsoft Cr pro plus V 3.0<\/li>\n<li>OBD2-kabel<\/li>\n<li>USB-kabel<\/li>\n<li>Manual<\/li>\n<li>F\u00f6rvaringsv\u00e4ska<\/li>\n<\/ul>\n<p>Garanti 12 m\u00e5nader<\/p>\n<p>&nbsp;<\/p>\n<p>&nbsp;<\/p>\n","protected":false},"excerpt":{"rendered":"<p><strong>iCarsoft CR PRO PLUS V3.0<\/strong>\u00a0<b> <\/b>fungerar till de flesta Europeiska, Asiatiska och Amerikanska bilm\u00e4rkena..<\/p>\n<p>Cr pro+ \u00e4r av den nyaste generationen felkodsl\u00e4sare fr\u00e5n iCarsoft.<\/p>\n<p>Visar livedata f\u00f6r att enkelt granska data, utf\u00f6r servicefunktioner, och anv\u00e4nd aktiveringstest (Actuation Test) och testk\u00f6r komponenter f\u00f6r att hitta \u00e4ven de sv\u00e5raste felen.<\/p>\n<p>Klarar\u00a0 kodning, oml\u00e4rning och kalibrering vid t.ex komponentbyte.<\/p>\n<p>&nbsp;<\/p>\n<p><b><strong>Fungerar till f\u00f6ljande m\u00e4rken<\/strong>:<\/b><\/p>\n<p><strong>Europeiska\uff1a<\/strong>Sprinter, BMW, Mini, VW, Seat, Skoda, Volvo, Porsche, SAAB, EU Ford, Dacia, Renault, Fiat, Mercedes-Benz, Citroen, Jaguar, Peugeot, Audi,<\/p>\n<p>Opel, Land Rover, Smart, Vauxhall, Alfa-Romeo, Lancia.<\/p>\n<p><strong>Asiatiska\uff1a<\/strong>Nissan, Infiniti, Toyota, Lexus, Scion, Honda, Isuzu, Hyundai, Kia, Daewoo , Mazda, Acura, Subaru, Mitsubishi, Suzuki,<\/p>\n<p><strong>Amerikanska\uff1a<\/strong>US Ford, GM, Chrysler<\/p>\n<p><strong>Australiensiska\uff1a<\/strong>Holden, AUS Ford<\/p>\n<p>&nbsp;<\/p>\n<h3><strong>Diagnostikfunktioner<\/strong><\/h3>\n<ul>\n<li>L\u00e4ser och raderar felkoder f\u00f6r alla tillg\u00e4ngliga system<\/li>\n<li>L\u00e4ser\u00a0och raderar allm\u00e4nna (P0, P2, P3 och U0), tillverkarspecifika (P1, P3 och U1) permanenta och v\u00e4ntande diagnostiska felkoder.<\/li>\n<li>Visa realtidsdata i text, diagram och analogt f\u00f6r enkel datagranskning av givarv\u00e4rden (live data)<\/li>\n<li>St\u00f6der frysramar f\u00f6r felkodsfunktioner (freeze frame)<\/li>\n<li>Identifierar automatiskt och snabbt fordonet (Auto VIN)<\/li>\n<li>Funktions och komponenttester, provk\u00f6r rel\u00e4er, solenoider, motorer, st\u00e4lldon, mm (Actuation Test \/ Bi-directory Test)<\/li>\n<li>Mm<\/li>\n<\/ul>\n<h3><strong>Servicefunktioner<\/strong><\/h3>\n<ul>\n<li>Omfattande t\u00e4ckning av OBD oml\u00e4rning och kodning<\/li>\n<li>Elektronisk parkeringsbroms- systemunderh\u00e5ll, inaktivering och \u00e5teraktivering (EPB)<\/li>\n<li>Batterihanteringssystem-registrerar nytt batteri vid batteribyte (BMS)<\/li>\n<li>Elektroniskt gasreglage-oml\u00e4rning av gasspj\u00e4llsventilens kontrollv\u00e4rde vid nollning eller utbyte.(ETC)<\/li>\n<li>Styrvinkel kalibrering (SAS)<\/li>\n<li>ABS-luftning (ABS Bleeding)<\/li>\n<li>Injektorkodning oml\u00e4rning\/kodning vid injektorbyte (Injector coding)<\/li>\n<li>Oljeservice\/service\u00e5terst\u00e4llning: (Oil reset)<\/li>\n<li>Dieselpartikelfilter-Regenereringssystem (DPF)<\/li>\n<li>TPMS programmering-sensor test och byte (TPMS)<\/li>\n<li>\u00c5terst\u00e4llning\/kalibrering av adaptiv belysning (AFS)<\/li>\n<li>Luftfj\u00e4dring justering\/\u00e5terst\u00e4llning\u00a0(Air Suspension)<\/li>\n<li>\u00c5terst\u00e4llning av v\u00e4xell\u00e5da, \u00e5terst\u00e4ller adaptiv inl\u00e4rning (Gearbox Reset)<\/li>\n<li>Service av luftkonditionering: Kalibrering av luftkonditioneringsrelaterade styrenheter, s\u00e5som kalibrering av luftfl\u00f6det osv.(Air Conditioner)<\/li>\n<li>Sj\u00e4lvl\u00e4rande luftfilterprocess efter byte av luftfilter.(Air Filter)<\/li>\n<li>Aktiveringsfunktion f\u00f6r br\u00e4nslepump, aktivers vid pumpbyte.(Fuel Pump)<\/li>\n<li>(Body Stability)<\/li>\n<li>(Engine Control)<\/li>\n<li>(Seat)<\/li>\n<li>(WIN RD ROOF)<\/li>\n<li>Tomg\u00e5ngsjustering (Engine Idle)<\/li>\n<li>BCM (Body stability)<\/li>\n<li>TCM (Trans adaption)<\/li>\n<li>Med mera<\/li>\n<\/ul>\n<h3><strong>\u00d6vrigt<\/strong><\/h3>\n<ul>\n<li>Integrerat DTC-bibliotek f\u00f6r att sl\u00e5 upp koder<\/li>\n<li>Kostnadsfria obegr\u00e4nsade programuppdateringar(uppdatera endast fr\u00e5n tillverkaren icarsoft.us)<\/li>\n<li>Flerspr\u00e5kiga menyer<\/li>\n<li>Observera att vissa funktioner kanske inte \u00e4r tillg\u00e4ngliga p\u00e5 alla m\u00e4rken \/ modeller<\/li>\n<li>Fungerar till fordon med 16 polig OBD2 kontakt<\/li>\n<\/ul>\n","protected":false},"featured_media":11948,"template":"","meta":{"_acf_changed":false,"_seopress_robots_primary_cat":"none","_seopress_titles_title":"","_seopress_titles_desc":"","_seopress_robots_index":""},"product_cat":[226,608],"product_tag":[],"class_list":{"0":"post-11939","1":"product","2":"type-product","3":"status-publish","4":"has-post-thumbnail","6":"product_cat-felkodslasare","7":"product_cat-person-paketbil","8":"product_shipping_class-tillbehor-490","10":"first","11":"instock","12":"sale","13":"taxable","14":"shipping-taxable","15":"purchasable","16":"product-type-simple","swatches":"rey-swatches","show_selected":""},"acf":[],"_links":{"self":[{"href":"https:\/\/toolhouse.fi\/sv\/wp-json\/wp\/v2\/product\/11939","targetHints":{"allow":["GET"]}}],"collection":[{"href":"https:\/\/toolhouse.fi\/sv\/wp-json\/wp\/v2\/product"}],"about":[{"href":"https:\/\/toolhouse.fi\/sv\/wp-json\/wp\/v2\/types\/product"}],"version-history":[{"count":2,"href":"https:\/\/toolhouse.fi\/sv\/wp-json\/wp\/v2\/product\/11939\/revisions"}],"predecessor-version":[{"id":25714,"href":"https:\/\/toolhouse.fi\/sv\/wp-json\/wp\/v2\/product\/11939\/revisions\/25714"}],"wp:featuredmedia":[{"embeddable":true,"href":"https:\/\/toolhouse.fi\/sv\/wp-json\/wp\/v2\/media\/11948"}],"wp:attachment":[{"href":"https:\/\/toolhouse.fi\/sv\/wp-json\/wp\/v2\/media?parent=11939"}],"wp:term":[{"taxonomy":"product_cat","embeddable":true,"href":"https:\/\/toolhouse.fi\/sv\/wp-json\/wp\/v2\/product_cat?post=11939"},{"taxonomy":"product_tag","embeddable":true,"href":"https:\/\/toolhouse.fi\/sv\/wp-json\/wp\/v2\/product_tag?post=11939"}],"curies":[{"name":"wp","href":"https:\/\/api.w.org\/{rel}","templated":true}]}}