{"id":11961,"date":"2023-02-11T16:53:40","date_gmt":"2023-02-11T14:53:40","guid":{"rendered":"https:\/\/toolhouse.fi\/?post_type=product&#038;p=11961"},"modified":"2024-10-28T17:03:26","modified_gmt":"2024-10-28T15:03:26","slug":"i-620-bluetooth","status":"publish","type":"product","link":"https:\/\/toolhouse.fi\/sv\/produkt\/i-620-bluetooth\/","title":{"rendered":"I-620 Bluetooth"},"content":{"rendered":"<p>Snabb ARM processor med l\u00e5g str\u00f6mf\u00f6rbrukning <img alt=\"\" fetchpriority=\"high\" decoding=\"async\" class=\" wp-image-12108 alignright\" src=\"http:\/\/toolhouse.fi\/wp-content\/uploads\/2023\/02\/icarsoft-i-620-bt.jpg\" alt=\"\" width=\"360\" height=\"215\" srcset=\"https:\/\/toolhouse.fi\/wp-content\/uploads\/2023\/02\/icarsoft-i-620-bt.jpg 506w, https:\/\/toolhouse.fi\/wp-content\/uploads\/2023\/02\/icarsoft-i-620-bt-300x179.jpg 300w\" sizes=\"(max-width: 360px) 100vw, 360px\" \/><\/p>\n<p>Automatisk avst\u00e4ngning och start<\/p>\n<p>J1939 och J1979 protokoll<\/p>\n<p><strong>Kompatibel med:<\/strong><\/p>\n<p><strong>Android<\/strong><br \/>\nSmartphones (Android 2.2 och nyare)<br \/>\nTablets (Android 2.3.3 och nyare)<\/p>\n<p>&nbsp;<\/p>\n<p><strong>Windows<\/strong><br \/>\nPC, Laptop med Bluetooth<br \/>\nSmartphone (Windows Phone 8 och nyare)<\/p>\n<p>Tablets (Windows 8 och nyare)<\/p>\n<p><strong>Blackberry<\/strong><\/p>\n<p>Smartphone (BB 10.0.0.0 och nyare).<br \/>\nTablet (BB 2.0.0.0 och nyare).<\/p>\n<p><strong>Apple\/iOS<\/strong><br \/>\n<strong>Inget st\u00f6d<\/strong><\/p>\n<p>&nbsp;<\/p>\n<p><strong>Paketet inneh\u00e5ller:<\/strong><\/p>\n<ul>\n<li>Icarsoft I620<\/li>\n<li>Cd med program (program finns \u00e4ven att ladda ner gratis)<\/li>\n<\/ul>\n<p>&nbsp;<\/p>\n<p>CE-m\u00e4rkt<\/p>\n<p>Garanti 12 m\u00e5nader<\/p>\n<p>&nbsp;<\/p>\n<p>\u2022 SAE J1850 PWM(41.6Kbaud)<br \/>\n\u2022 SAE J1850 VPW(10.4Kbaud)<br \/>\n\u2022 ISO9141-2(5 baud init,10.4Kbaud)<br \/>\n\u2022 ISO14230-4 KWP(5 baud init,10.4 K baud)<br \/>\n\u2022 ISO14230-4 KWP(fast init,10.4 K baud)<br \/>\n\u2022 ISO15765-4 CAN(11bit ID,500 K baud)<br \/>\n\u2022 ISO15765-4 CAN(29bit ID,500 K baud)<br \/>\n\u2022 ISO15765-4 CAN(11bit ID,250 K baud)<br \/>\n\u2022 ISO15765-4 CAN(29bit ID,250 K baud)<br \/>\n\u2022 SAE J1939 CAN(29bit ID,250*K baud)<br \/>\n\u2022 USER1 CAN(11*bit ID,125*K baud)<br \/>\n\u2022 USER2 CAN(11*bit ID,50*k baud)<\/p>\n<p>&nbsp;<\/p>\n","protected":false},"excerpt":{"rendered":"<p>&nbsp;<\/p>\n<p><strong>iCarsoft I-620 \u00e4r ett v\u00e4lfungerande verktyg f\u00f6r att l\u00e4sa felkoder och visa sensordata i realtid.<\/strong><\/p>\n<ul>\n<li>Fungerar med alla OBD-II-kompatibla fordon<\/li>\n<li>Tr\u00e5dl\u00f6s (Bluetooth) 5 ~ 10 meters r\u00e4ckvidd<\/li>\n<li>Programvara ing\u00e5r f\u00f6r Android<\/li>\n<li>Programvara ing\u00e5r f\u00f6r Windows PC<\/li>\n<li>Programvara ing\u00e5r f\u00f6r Windows Smartphone<\/li>\n<li>Apple \/ iOS st\u00f6ds ej<\/li>\n<li>Programvara ing\u00e5r f\u00f6r Palm, PDA, Mobile (Android, java, blackmerry, etc)<\/li>\n<li>Olika appar finns att ladda ner gratis.<\/li>\n<\/ul>\n<p>&nbsp;<\/p>\n<ul>\n<li>L\u00e4ser felkoder, b\u00e5de generiska och tillverkarspecifika, och visar deras betydelse (\u00f6ver 3000 generiska koddefinitioner finns i databasen).<\/li>\n<li>Rensar felkoder och sl\u00e4cker MIL (&#8221;Check Engine&#8221; -lampan)<\/li>\n<\/ul>\n<p>&nbsp;<\/p>\n<ul>\n<li>Visar aktuella sensordata och prestanda<img alt=\"\" decoding=\"async\" class=\"wp-image-12095 alignright\" src=\"http:\/\/toolhouse.fi\/wp-content\/uploads\/2023\/02\/torque-icarsoft-i620.jpg\" alt=\"\" width=\"373\" height=\"312\" srcset=\"https:\/\/toolhouse.fi\/wp-content\/uploads\/2023\/02\/torque-icarsoft-i620.jpg 600w, https:\/\/toolhouse.fi\/wp-content\/uploads\/2023\/02\/torque-icarsoft-i620-300x251.jpg 300w, https:\/\/toolhouse.fi\/wp-content\/uploads\/2023\/02\/torque-icarsoft-i620-510x426.jpg 510w\" sizes=\"(max-width: 373px) 100vw, 373px\" \/><\/li>\n<li>Motorns varvtal<\/li>\n<li>Ber\u00e4knat lastv\u00e4rde (engine load)<\/li>\n<li>Kylv\u00e4tsketemperatur<\/li>\n<li>Br\u00e4nslesystemets status<\/li>\n<li>Fordonets hastighet<\/li>\n<li>Kortsiktig br\u00e4nsleberikning (Short Term Fuel Trim)<\/li>\n<li>L\u00e5ngsiktig br\u00e4nsleberikning (Long Term Fuel Trim)<\/li>\n<li>Tryck i insugningsr\u00f6r<\/li>\n<li>F\u00f6rt\u00e4ndning (Timing Advance)<\/li>\n<li>Insugningsluftens temperatur<\/li>\n<li>Luftfl\u00f6de insugsluft<\/li>\n<li>Gasspj\u00e4llets position<\/li>\n<li>Lambdav\u00e4rde (V) \/ kortsiktig br\u00e4nsleadaption<\/li>\n<li>Br\u00e4nslesystemets status<\/li>\n<li>Br\u00e4nsletryck<\/li>\n<li>M\u00e5nga andra&#8230;<\/li>\n<li>Visning av sensordata har m\u00e5nga olika inst\u00e4llningsm\u00f6jligheter<\/li>\n<\/ul>\n<p>I-620 st\u00e4ngs av automatiskt 30 minuter efter att\u00a0 fordonet st\u00e4ngts av och \u00e5teransluter till din smartphone\u00a0 n\u00e4sta g\u00e5ng str\u00f6mmen vrids p\u00e5.<\/p>\n<p>&nbsp;<\/p>\n","protected":false},"featured_media":11964,"template":"","meta":{"_acf_changed":false,"_seopress_robots_primary_cat":"","_seopress_titles_title":"","_seopress_titles_desc":"","_seopress_robots_index":""},"product_cat":[226,608],"product_tag":[],"class_list":{"0":"post-11961","1":"product","2":"type-product","3":"status-publish","4":"has-post-thumbnail","6":"product_cat-felkodslasare","7":"product_cat-person-paketbil","8":"product_shipping_class-tillbehor-490","10":"first","11":"outofstock","12":"sale","13":"taxable","14":"shipping-taxable","15":"purchasable","16":"product-type-simple","swatches":"rey-swatches","show_selected":""},"acf":[],"_links":{"self":[{"href":"https:\/\/toolhouse.fi\/sv\/wp-json\/wp\/v2\/product\/11961","targetHints":{"allow":["GET"]}}],"collection":[{"href":"https:\/\/toolhouse.fi\/sv\/wp-json\/wp\/v2\/product"}],"about":[{"href":"https:\/\/toolhouse.fi\/sv\/wp-json\/wp\/v2\/types\/product"}],"version-history":[{"count":1,"href":"https:\/\/toolhouse.fi\/sv\/wp-json\/wp\/v2\/product\/11961\/revisions"}],"predecessor-version":[{"id":18427,"href":"https:\/\/toolhouse.fi\/sv\/wp-json\/wp\/v2\/product\/11961\/revisions\/18427"}],"wp:featuredmedia":[{"embeddable":true,"href":"https:\/\/toolhouse.fi\/sv\/wp-json\/wp\/v2\/media\/11964"}],"wp:attachment":[{"href":"https:\/\/toolhouse.fi\/sv\/wp-json\/wp\/v2\/media?parent=11961"}],"wp:term":[{"taxonomy":"product_cat","embeddable":true,"href":"https:\/\/toolhouse.fi\/sv\/wp-json\/wp\/v2\/product_cat?post=11961"},{"taxonomy":"product_tag","embeddable":true,"href":"https:\/\/toolhouse.fi\/sv\/wp-json\/wp\/v2\/product_tag?post=11961"}],"curies":[{"name":"wp","href":"https:\/\/api.w.org\/{rel}","templated":true}]}}