{"id":11981,"date":"2023-02-11T19:17:39","date_gmt":"2023-02-11T17:17:39","guid":{"rendered":"https:\/\/toolhouse.fi\/?post_type=product&#038;p=11981"},"modified":"2025-07-21T09:42:27","modified_gmt":"2025-07-21T06:42:27","slug":"icarsoft-hd-v3-0","status":"publish","type":"product","link":"https:\/\/toolhouse.fi\/sv\/produkt\/icarsoft-hd-v3-0\/","title":{"rendered":"iCarsoft HD V3.0 f\u00f6r tunga fordon"},"content":{"rendered":"<p>Fungerar till f\u00f6ljande m\u00e4rken:<\/p>\n<ul>\n<li>Scania<\/li>\n<li>Volvo<\/li>\n<li>Mb<\/li>\n<li>Sisu<\/li>\n<li>Man<\/li>\n<li>Renault<\/li>\n<li>Iveco<\/li>\n<li>Daf<\/li>\n<li>Mm<\/li>\n<li>Observera att den passar till fordon med 16 polig OBD2 kontakt, 6 PIN eller PIN 9 DLC, i andra fall beh\u00f6vs adapter.<\/li>\n<\/ul>\n<p>&nbsp;<\/p>\n<p><strong>Inneh\u00e5ll<\/strong><\/p>\n<ul>\n<li>iCarsoft HD V 3.0<\/li>\n<li>OBD2 16 polig-kabel<\/li>\n<li>6 PIN och PIN 9 DLC adapterkabel<\/li>\n<li>USB-kabel<\/li>\n<li>Manual<\/li>\n<li>F\u00f6rvaringsv\u00e4ska<\/li>\n<\/ul>\n<p>Garanti 12 m\u00e5nader<\/p>\n<p>&nbsp;<\/p>\n","protected":false},"excerpt":{"rendered":"<h1><strong>iCarsoft HD V3.0 f\u00f6r tunga fordon<\/strong><\/h1>\n<p>&nbsp;<\/p>\n<p><strong>Funktioner i HD program enligt J1587, J1708 och J1939 protokoll:<\/strong><\/p>\n<ul>\n<li>Motor<\/li>\n<li>V\u00e4xell\u00e5da<\/li>\n<li>ABS<\/li>\n<li>L\u00e4ser och raderar felkoder fr\u00e5n alla tillg\u00e4ngliga system<\/li>\n<li>Visa realtidsdata i text, diagram och analogt f\u00f6r enkel datagranskning av givarv\u00e4rden (live data)<\/li>\n<li>St\u00f6der frysramar f\u00f6r felkodsfunktioner (freeze frame)<\/li>\n<li>Kontroll av batterisp\u00e4nning n\u00e4r motorn startas (Battery test)<\/li>\n<li>O2 Sensor Test<\/li>\n<li>L\u00e4ser\u00a0och raderar allm\u00e4nna (P0, P2, P3 och U0), tillverkarspecifika (P1, P3 och U1) permanenta och v\u00e4ntande diagnostiska felkoder.<\/li>\n<li>Rensar felkoder och sl\u00e4cker MIL (\u201cCheck Engine\u201d -lampan)<\/li>\n<li>Med mera<\/li>\n<\/ul>\n<p><strong>HD V3.0 <\/strong>fungerar \u00e4ven till person och paketbilar med 16 polig OBD2 kontakt<\/p>\n<p>&nbsp;<\/p>\n<ul>\n<li>Fungerar till fordon med 16 polig OBD2 kontakt, 6 PIN eller PIN 9 DLC.<\/li>\n<li>Kostnadsfria obegr\u00e4nsade programuppdateringar<\/li>\n<li>Observera att vissa funktioner kanske inte \u00e4r tillg\u00e4ngliga p\u00e5 alla m\u00e4rken \/ modeller<\/li>\n<\/ul>\n","protected":false},"featured_media":11988,"template":"","meta":{"_acf_changed":false,"_seopress_robots_primary_cat":"none","_seopress_titles_title":"","_seopress_titles_desc":"","_seopress_robots_index":""},"product_cat":[226,606],"product_tag":[],"class_list":{"0":"post-11981","1":"product","2":"type-product","3":"status-publish","4":"has-post-thumbnail","6":"product_cat-felkodslasare","7":"product_cat-tunga-fordon","8":"product_shipping_class-tillbehor-490","10":"first","11":"outofstock","12":"sale","13":"taxable","14":"shipping-taxable","15":"purchasable","16":"product-type-simple","swatches":"rey-swatches","show_selected":""},"acf":[],"_links":{"self":[{"href":"https:\/\/toolhouse.fi\/sv\/wp-json\/wp\/v2\/product\/11981","targetHints":{"allow":["GET"]}}],"collection":[{"href":"https:\/\/toolhouse.fi\/sv\/wp-json\/wp\/v2\/product"}],"about":[{"href":"https:\/\/toolhouse.fi\/sv\/wp-json\/wp\/v2\/types\/product"}],"version-history":[{"count":1,"href":"https:\/\/toolhouse.fi\/sv\/wp-json\/wp\/v2\/product\/11981\/revisions"}],"predecessor-version":[{"id":20122,"href":"https:\/\/toolhouse.fi\/sv\/wp-json\/wp\/v2\/product\/11981\/revisions\/20122"}],"wp:featuredmedia":[{"embeddable":true,"href":"https:\/\/toolhouse.fi\/sv\/wp-json\/wp\/v2\/media\/11988"}],"wp:attachment":[{"href":"https:\/\/toolhouse.fi\/sv\/wp-json\/wp\/v2\/media?parent=11981"}],"wp:term":[{"taxonomy":"product_cat","embeddable":true,"href":"https:\/\/toolhouse.fi\/sv\/wp-json\/wp\/v2\/product_cat?post=11981"},{"taxonomy":"product_tag","embeddable":true,"href":"https:\/\/toolhouse.fi\/sv\/wp-json\/wp\/v2\/product_tag?post=11981"}],"curies":[{"name":"wp","href":"https:\/\/api.w.org\/{rel}","templated":true}]}}