{"id":12003,"date":"2023-02-12T20:37:18","date_gmt":"2023-02-12T18:37:18","guid":{"rendered":"https:\/\/toolhouse.fi\/?post_type=product&#038;p=12003"},"modified":"2026-03-11T17:08:36","modified_gmt":"2026-03-11T15:08:36","slug":"sherman-digitig-201-m-pro","status":"publish","type":"product","link":"https:\/\/toolhouse.fi\/sv\/produkt\/sherman-digitig-201-m-pro\/","title":{"rendered":"Sherman digitig 201 M-pro"},"content":{"rendered":"<table class=\"table table-hover\">\n<tbody>\n<tr>\n<td class=\"param\">catalog number<\/td>\n<td class=\"value\">T7812714<\/td>\n<\/tr>\n<tr id=\"greybg\">\n<td class=\"param\">Welding\/cutting\/other methods<\/td>\n<td class=\"value\">MMA AC, TIG Lift AC, Stick DC, TIG HF AC, TIG HF DC, TIG Lift DC, COLD TIG<\/td>\n<\/tr>\n<tr>\n<td class=\"param\">Supply voltage [V]<\/td>\n<td class=\"value\">AC 230<\/td>\n<\/tr>\n<tr id=\"greybg\">\n<td class=\"param\">Manufacturing technology<\/td>\n<td class=\"value\">IGBT<\/td>\n<\/tr>\n<tr>\n<td class=\"param\">Max MMA welding current [A]<\/td>\n<td class=\"value\">180<\/td>\n<\/tr>\n<tr id=\"greybg\">\n<td class=\"param\">Max TIG AC welding current [A]<\/td>\n<td class=\"value\">200<\/td>\n<\/tr>\n<tr>\n<td class=\"param\">Max TIG DC welding current [A]<\/td>\n<td class=\"value\">200<\/td>\n<\/tr>\n<tr id=\"greybg\">\n<td class=\"param\">MMA duty cycle [%]<\/td>\n<td class=\"value\">60<\/td>\n<\/tr>\n<tr>\n<td class=\"param\">TIG duty cycle [%]<\/td>\n<td class=\"value\">60<\/td>\n<\/tr>\n<tr id=\"greybg\">\n<td class=\"param\">No-load voltage [V]<\/td>\n<td class=\"value\">67<\/td>\n<\/tr>\n<tr>\n<td class=\"param\">Current rise time [s]<\/td>\n<td class=\"value\">0-15<\/td>\n<\/tr>\n<tr id=\"greybg\">\n<td class=\"param\">Initial current [A]<\/td>\n<td class=\"value\">5-200<\/td>\n<\/tr>\n<tr>\n<td class=\"param\">Base current [A]<\/td>\n<td class=\"value\">5-200<\/td>\n<\/tr>\n<tr id=\"greybg\">\n<td class=\"param\">Current fall time [s]<\/td>\n<td class=\"value\">0-15<\/td>\n<\/tr>\n<tr>\n<td class=\"param\">Crater current [A]<\/td>\n<td class=\"value\">5-200<\/td>\n<\/tr>\n<tr id=\"greybg\">\n<td class=\"param\">Gas pre-flow [s]<\/td>\n<td class=\"value\">0.1 &#8211; 15<\/td>\n<\/tr>\n<tr>\n<td class=\"param\">TIG gas post-flow [s]<\/td>\n<td class=\"value\">0.1 &#8211; 15<\/td>\n<\/tr>\n<tr id=\"greybg\">\n<td class=\"param\">TIG pulse frequency [Hz]<\/td>\n<td class=\"value\">0.5 &#8211; 999<\/td>\n<\/tr>\n<tr>\n<td class=\"param\">TIG pulse width [%]<\/td>\n<td class=\"value\">10-90<\/td>\n<\/tr>\n<tr id=\"greybg\">\n<td class=\"param\">AC frequency [Hz]<\/td>\n<td class=\"value\">1 &#8211; 250<\/td>\n<\/tr>\n<tr>\n<td class=\"param\">AC Balance [%]<\/td>\n<td class=\"value\">15-50<\/td>\n<\/tr>\n<tr id=\"greybg\">\n<td class=\"param\">Cold welding time [s]<\/td>\n<td class=\"value\">0.02-9.9, 0.1-15<\/td>\n<\/tr>\n<tr>\n<td class=\"param\">Cold Welding break time [s]<\/td>\n<td class=\"value\">0.2-9.9<\/td>\n<\/tr>\n<tr id=\"greybg\">\n<td class=\"param\">Max power consumption MMA [kVA}<\/td>\n<td class=\"value\">5.7<\/td>\n<\/tr>\n<tr>\n<td class=\"param\">Max TIG power consumption [kVA]<\/td>\n<td class=\"value\">4.1<\/td>\n<\/tr>\n<tr id=\"greybg\">\n<td class=\"param\">Max current consumption MMA [A]<\/td>\n<td class=\"value\">26.6<\/td>\n<\/tr>\n<tr>\n<td class=\"param\">Max current consumption TIG [A]<\/td>\n<td class=\"value\">19.6<\/td>\n<\/tr>\n<tr id=\"greybg\">\n<td class=\"param\">The main method<\/td>\n<td class=\"value\">TIG<\/td>\n<\/tr>\n<tr>\n<td class=\"param\">Functions<\/td>\n<td class=\"value\">2T\/4T, Arc Force, Electrode cleaning function, Hot Start, Slope, Fall, Memory settings, TIG gas post-flow, Gas pre-flow, TIG pulse, Digital control, VRD, Language selection, AC waveform selection, LCD display<\/td>\n<\/tr>\n<tr id=\"greybg\">\n<td class=\"param\">Grid Protection [A]<\/td>\n<td class=\"value\">25<\/td>\n<\/tr>\n<tr>\n<td class=\"param\">Warranty period\u00a0 [years]<\/td>\n<td class=\"value\">1<\/td>\n<\/tr>\n<tr id=\"greybg\">\n<td class=\"param\">Weight [kg]<\/td>\n<td class=\"value\">15<\/td>\n<\/tr>\n<tr>\n<td class=\"param\">Dimensions (D x W x H) [cm]<\/td>\n<td class=\"value\">51 x 21 x 38<\/td>\n<\/tr>\n<\/tbody>\n<\/table>\n<p>IGBT TECHNOLOGY<\/p>\n<p>Modern technology based on bipolar transistors with an insulated gate.\u00a0It combines the ease of control of field effect transistors with the high breakdown voltage and switching speed of bipolar transistors.\u00a0The use of IGBTs significantly extends the reliable operation of welding equipment.<\/p>\n<p>LEVEL OF SECURITY<\/p>\n<p>IP defines the degree to which the device is resistant to the penetration of solid and water contaminants.\u00a0IP23 means that the device is suitable for indoor use and is not suitable for use in the rain.<\/p>\n<p>MMA<\/p>\n<p>A method that uses a coated electrode, consisting of a metal core covered with a sheath.\u00a0The welder feeds the electrode as it melts into the workpiece so as to maintain a constant arc length.\u00a0The device enables welding with all types of electrodes, e.g. basic, cellulose, rutile or acidic.<\/p>\n<p>ARC FORCE<\/p>\n<p>The arc stabilizing function by maintaining the value of the welding arc voltage regardless of its length and facilitating the control of the amount of spatter.<\/p>\n<p>HOT START<\/p>\n<p>When the arc is struck, the welding current is temporarily increased in order to heat the material and the electrode at the point of contact and to properly shape the penetration and weld face in the initial phase of welding<\/p>\n<p>VRD<\/p>\n<p>The VRD function lowers the no-load voltage.\u00a0The correct voltage value is only restored just before the arc is struck.\u00a0This minimizes the risk of electric shock, but in some cases it may make it difficult to strike the arc.<\/p>\n<p>TIG AC\/DC<\/p>\n<p>Enables TIG welding with alternating current.\u00a0It is required for welding aluminum and its alloys.<\/p>\n<p>HF<\/p>\n<p>Welding with a tungsten electrode in a protective gas shield with a pilot arc (non-contact)<\/p>\n<p>WORK CYCLE<\/p>\n<p>The duty cycle is based on a 10-minute period. A duty cycle of 60% means that after 6 minutes of operation (when welding non-stop on 100% power 200A), a 4-minute break is required . 100% duty cycle means that the device can work continuously without interruption.<\/p>\n<p>POSITIVE CURRENT<\/p>\n<p>The current responsible for maintaining the welding process, the lower value of the current pulse.\u00a0It makes it easier to control the amount of heat introduced into the material.<\/p>\n<p>START CURRENT<\/p>\n<p>Current appearing in the circuit after pressing the button in the handle of the handle.\u00a0The higher the starting current, the easier it is to strike the arc.<\/p>\n<p>GAS PRE-FLOW TIME<\/p>\n<p>The time from pressing the button in the handle of the torch to the moment of arc ignition.\u00a0Normally it should be longer than 0.5 s to deliver the shielding gas to the torch nozzle outlet.\u00a0to cover the welding start point and the tungsten electrode.<\/p>\n<p>The pre-flow time should be longer in the case of a longer cylinder gas line.<\/p>\n<p>GAS POST FLOW TIME<\/p>\n<p>Time from arc extinction to gas valve closing.\u00a0to shield the solidifying weld pool from the air and to cool the tungsten electrode.<\/p>\n<p>Too short post-flow time may result in oxidation of the weld.<\/p>\n<p>DOWNDOWN TIME<\/p>\n<p>The time for the welding current to fall from the set value to zero or the value of the crater current.<\/p>\n<p>RISE TIME<\/p>\n<p>Welding current rise time from the initial current to the set welding current value.<\/p>\n<p>PULSE WIDTH<\/p>\n<p>The duration of the pulse allows you to adjust the penetration depth.\u00a0Increasing the width increases the depth of penetration, reducing the amount of heat introduced into the material, reducing the risk of burning through thinner sheets or smaller components.<\/p>\n<p>PULSE FREQUENCY<\/p>\n<p>The frequency at which the current pulse value changes between the welding current and the base current.<\/p>\n<p>AC FREQUENCY<\/p>\n<p>This function is useful when welding aluminum.\u00a0The higher the frequency, the better the quality of the weld and the better the focus of the arc.<\/p>\n<p>AC CURRENT BALANCE<\/p>\n<p>The ratio of the duration of the positive phase of the current to the negative one.\u00a0Reducing the balance introduces more heat into the material, resulting in a narrower weld and deeper penetration, while reducing the heat load on the tungsten electrode.<\/p>\n<p>Increasing the balance introduces less heat into the material, resulting in better cleaning, a wider weld and shallower fusion, but significantly stresses the tungsten electrode.<\/p>\n<p>PULSE TIG<\/p>\n<p>The function affects the shape of the weld and the focus of the arc.\u00a0Pulse welding also allows you to reduce the amount of heat supplied to the material and is used when welding thin materials.<\/p>\n<p>CRATE CURRENT<\/p>\n<p>Current used in some welding modes where the arc is not extinguished immediately after the downslope phase.\u00a0Allows you to fill the crater at the end of the joint.<\/p>\n<p>2T \/ 4T WORKING MODE<\/p>\n<p>2T &#8211; pressing the button in the handle of the handle turns on the ionizer and ignites the arc.\u00a0Welding is carried out with the button pressed.<\/p>\n<p>4T &#8211; pressing the button in the handle of the handle will turn on the ionizer and ignite the arc, then release the button and weld with the button released.\u00a0Pressing the button again will end welding.<\/p>\n<p>WAVE SHAPE SELECTION<\/p>\n<p class=\"product_name\">DIGITIG 201 M-PRO allows you to choose from the following AC waveforms:<\/p>\n<ul>\n<li>The rectangular shape of the alternating current wave allows aluminum to be welded with the addition of magnesium,<\/li>\n<li>The triangular waveform of the current is optimal for welding thin components, including anodized aluminum,<\/li>\n<li>The sinusoidal waveform is recommended for welding pure aluminum.<\/li>\n<li>Trapezoidal wave a softer arc with a liquid pool and good material wetting.\u00a0Better arc control than sine wave.<\/li>\n<\/ul>\n<p>COLD WELDING<\/p>\n<p>Cold welding &#8211; this is a variant of TIG spot welding that allows joining thin elements, thanks to very low heat emission in the joining zone.\u00a0It consists in cyclic short-term ignition and extinction of the arc.<\/p>\n<p>Welding takes place in continuous mode, pressing the button in the handle of the handle will start cyclic ignition and extinguishing the arc, releasing the button will end welding.<\/p>\n<p>EASY TO USE, CLEAR CONTROL PANEL:<\/p>\n<p>The easy-to-use control panel enables precise and smooth adjustment of parameters.\u00a0The digital display shows the actual welding current.<\/p>\n<p>STRONG AND SOLID CONSTRUCTION<\/p>\n<p>The housing of the device is made of light and durable composites, resistant to all kinds of mechanical damage.<\/p>\n<p>COOLING<\/p>\n<p>The device has a fan cooling system, which significantly increases its efficiency.<\/p>\n","protected":false},"excerpt":{"rendered":"<p><img alt=\"\" fetchpriority=\"high\" decoding=\"async\" class=\"aligncenter wp-image-12022 \" src=\"http:\/\/toolhouse.fi\/wp-content\/uploads\/2023\/02\/lkjhg.jpg\" alt=\"\" width=\"886\" height=\"73\" srcset=\"https:\/\/toolhouse.fi\/wp-content\/uploads\/2023\/02\/lkjhg.jpg 643w, https:\/\/toolhouse.fi\/wp-content\/uploads\/2023\/02\/lkjhg-300x25.jpg 300w, https:\/\/toolhouse.fi\/wp-content\/uploads\/2023\/02\/lkjhg-510x42.jpg 510w\" sizes=\"(max-width: 886px) 100vw, 886px\" \/><\/p>\n<p>&nbsp;<\/p>\n<p><strong>DIGITIG 201 M-PRO <\/strong>\u00e4r Shermans toppmodell med fullst\u00e4ndig digital reglering av alla parametrar t.ex. puls, frekvens, v\u00e5gform f\u00f6r obegr\u00e4nsad kontroll och perfekt slutresultat.<\/p>\n<p>201 M-PRO \u00e4r utrustad med <strong>TIG HF AC<\/strong> f\u00f6r aluminiumsvetsning och <strong>TIG HF DC<\/strong> f\u00f6r t.ex. rostfritt st\u00e5l.<\/p>\n<p>&nbsp;<\/p>\n<p><strong>PULSE TIG <\/strong>funktionen p\u00e5verkar svetsfogens form och ljusb\u00e5gens egenskaper. Pulssvetsning g\u00f6r det ocks\u00e5 m\u00f6jligt att minska m\u00e4ngden v\u00e4rme som tillf\u00f6rs materialet och anv\u00e4nds vid svetsning av tunna material.<\/p>\n<p><strong>COLD TIG <\/strong>funktion som m\u00f6jligg\u00f6r sammanfogning av riktigt tunna material tack vare mycket l\u00e5g v\u00e4rmeutveckling och svetstid fr\u00e5n endast 0,02 sekunder.<\/p>\n<p>201 M-PRO \u00e4r utrustad med en f\u00e4rg LCD-display och minne med m\u00f6jlighet att spara 20 olika parameterinst\u00e4llningar.<\/p>\n<p>&nbsp;<\/p>\n<p>Slangpaketet har brytare och kontrollfunktioner integrerade i handtaget.<\/p>\n<p>Jordkabel samt MMA-kabel medf\u00f6ljer.<\/p>\n<p><a href=\"https:\/\/toolhouse.fi\/produkt\/pedal-digitig\/\">Pedal<\/a> finns som till\u00e4ggsutrustning.<\/p>\n<p>&nbsp;<\/p>\n<p><strong>Funktioner:<\/strong><\/p>\n<table>\n<tbody>\n<tr>\n<td width=\"316\">\n<ul>\n<li><span style=\"color: #000000;\">TIG HF AC<\/span><\/li>\n<\/ul>\n<\/td>\n<td width=\"284\">\n<ul>\n<li><span style=\"color: #000000;\">Hot Start<\/span><\/li>\n<\/ul>\n<\/td>\n<\/tr>\n<tr>\n<td width=\"316\">\n<ul>\n<li><span style=\"color: #000000;\">TIG HF DC<\/span><\/li>\n<\/ul>\n<\/td>\n<td width=\"284\">\n<ul>\n<li><span style=\"color: #000000;\">Slope<\/span><\/li>\n<\/ul>\n<\/td>\n<\/tr>\n<tr>\n<td width=\"316\">\n<ul>\n<li><span style=\"color: #000000;\">COLD TIG<\/span><\/li>\n<\/ul>\n<\/td>\n<td width=\"284\">\n<ul>\n<li><span style=\"color: #000000;\">Fall<\/span><\/li>\n<\/ul>\n<\/td>\n<\/tr>\n<tr>\n<td width=\"316\">\n<ul>\n<li><span style=\"color: #000000;\">TIG Lift AC<\/span><\/li>\n<\/ul>\n<\/td>\n<td width=\"284\">\n<ul>\n<li><span style=\"color: #000000;\">Memory settings<\/span><\/li>\n<\/ul>\n<\/td>\n<\/tr>\n<tr>\n<td width=\"316\">\n<ul>\n<li><span style=\"color: #000000;\">TIG Lift DC<\/span><\/li>\n<\/ul>\n<\/td>\n<td width=\"284\">\n<ul>\n<li><span style=\"color: #000000;\">TIG gas post-flow<\/span><\/li>\n<\/ul>\n<\/td>\n<\/tr>\n<tr>\n<td width=\"316\">\n<ul>\n<li><span style=\"color: #000000;\">TIG PULSE<\/span><\/li>\n<\/ul>\n<\/td>\n<td width=\"284\">\n<ul>\n<li><span style=\"color: #000000;\">Gas pre-flow<\/span><\/li>\n<\/ul>\n<\/td>\n<\/tr>\n<tr>\n<td width=\"316\">\n<ul>\n<li><span style=\"color: #000000;\">Stick DC<\/span><\/li>\n<\/ul>\n<\/td>\n<td width=\"284\">\n<ul>\n<li><span style=\"color: #000000;\">Digital control<\/span><\/li>\n<\/ul>\n<\/td>\n<\/tr>\n<tr>\n<td width=\"316\">\n<ul>\n<li><span style=\"color: #000000;\">MMA AC<\/span><\/li>\n<\/ul>\n<\/td>\n<td width=\"284\">\n<ul>\n<li><span style=\"color: #000000;\">VRD<\/span><\/li>\n<\/ul>\n<\/td>\n<\/tr>\n<tr>\n<td width=\"316\">\n<ul>\n<li><span style=\"color: #000000;\">2T\/4T<\/span><\/li>\n<\/ul>\n<\/td>\n<td width=\"284\">\n<ul>\n<li><span style=\"color: #000000;\">Language selection<\/span><\/li>\n<\/ul>\n<\/td>\n<\/tr>\n<tr>\n<td width=\"316\">\n<ul>\n<li><span style=\"color: #000000;\">Arc Force<\/span><\/li>\n<\/ul>\n<\/td>\n<td width=\"284\">\n<ul>\n<li><span style=\"color: #000000;\">AC waveform selection<\/span><\/li>\n<\/ul>\n<\/td>\n<\/tr>\n<tr>\n<td width=\"316\">\n<ul>\n<li><span style=\"color: #000000;\">Electrode cleaning function<\/span><\/li>\n<\/ul>\n<\/td>\n<td width=\"284\"><\/td>\n<\/tr>\n<tr>\n<td width=\"316\"><\/td>\n<td width=\"284\"><\/td>\n<\/tr>\n<\/tbody>\n<\/table>\n<p>&nbsp;<\/p>\n<p>&nbsp;<\/p>\n<ul>\n<li>T-26 slangpaket p\u00e5 4 meter med brytare och kontrollfunktioner integrerade i handtaget.<\/li>\n<li>Jordkabel<\/li>\n<li>MMA-kabel<\/li>\n<li>LCD-display i f\u00e4rg<\/li>\n<li>200A<\/li>\n<li>IGBT teknik<\/li>\n<\/ul>\n","protected":false},"featured_media":12004,"template":"","meta":{"_acf_changed":false,"_seopress_robots_primary_cat":"none","_seopress_titles_title":"","_seopress_titles_desc":"","_seopress_robots_index":"","_seopress_analysis_target_kw":""},"product_cat":[55,604,302],"product_tag":[],"class_list":{"0":"post-12003","1":"product","2":"type-product","3":"status-publish","4":"has-post-thumbnail","6":"product_cat-svets-metallarbete","7":"product_cat-tig-svetsar","8":"product_cat-tig-svets","10":"first","11":"instock","12":"sale","13":"taxable","14":"shipping-taxable","15":"purchasable","16":"product-type-simple","swatches":"rey-swatches","show_selected":""},"acf":[],"_links":{"self":[{"href":"https:\/\/toolhouse.fi\/sv\/wp-json\/wp\/v2\/product\/12003","targetHints":{"allow":["GET"]}}],"collection":[{"href":"https:\/\/toolhouse.fi\/sv\/wp-json\/wp\/v2\/product"}],"about":[{"href":"https:\/\/toolhouse.fi\/sv\/wp-json\/wp\/v2\/types\/product"}],"version-history":[{"count":0,"href":"https:\/\/toolhouse.fi\/sv\/wp-json\/wp\/v2\/product\/12003\/revisions"}],"wp:featuredmedia":[{"embeddable":true,"href":"https:\/\/toolhouse.fi\/sv\/wp-json\/wp\/v2\/media\/12004"}],"wp:attachment":[{"href":"https:\/\/toolhouse.fi\/sv\/wp-json\/wp\/v2\/media?parent=12003"}],"wp:term":[{"taxonomy":"product_cat","embeddable":true,"href":"https:\/\/toolhouse.fi\/sv\/wp-json\/wp\/v2\/product_cat?post=12003"},{"taxonomy":"product_tag","embeddable":true,"href":"https:\/\/toolhouse.fi\/sv\/wp-json\/wp\/v2\/product_tag?post=12003"}],"curies":[{"name":"wp","href":"https:\/\/api.w.org\/{rel}","templated":true}]}}