{"id":12203,"date":"2023-02-26T11:25:31","date_gmt":"2023-02-26T09:25:31","guid":{"rendered":"https:\/\/toolhouse.fi\/?post_type=product&#038;p=12203"},"modified":"2025-10-30T14:22:15","modified_gmt":"2025-10-30T12:22:15","slug":"tig-svetstrad-rostfri-er308lsi-20mm-kopio","status":"publish","type":"product","link":"https:\/\/toolhouse.fi\/sv\/produkt\/tig-svetstrad-rostfri-er308lsi-20mm-kopio\/","title":{"rendered":"TIG svetstr\u00e5d rostfri ER308LSi 2,0mm"},"content":{"rendered":"","protected":false},"excerpt":{"rendered":"<div id=\"ts-body\">\n<div class=\"css-44 ts-pivot-container\">\n<div id=\"ContentContainer\">\n<div role=\"tabpanel\" aria-labelledby=\"Pivot0-Tab0\">\n<div class=\"ts-lookup-pivot\">\n<div id=\"Lookup\" class=\"ts-pivot-lookup-component\">\n<div class=\"ms-Grid ts-grid\">\n<div class=\"ms-Grid-row\">\n<div class=\"ts-textfield-container ts-larger-font\" lang=\"sv\">\n<div class=\"ts-alignment-view-container\">\n<div id=\"ts-alignment-view-idtgt\" class=\"ts-alignment-view ms-font-m ts-alignment-view-tgt ts-ltr-left-zero\" tabindex=\"0\" aria-hidden=\"false\">\n<div tabindex=\"-1\" role=\"label\"><span id=\"tgtAlignment_0\" class=\"ts-alignment-element\" data-is-focusable=\"true\">SHERMAN<\/span> TIG svetstr\u00e5d rostfri ER308LSi 2,0mm<strong><span id=\"tgtAlignment_9\" class=\"ts-alignment-element\" data-is-focusable=\"true\">\u00a0.<\/span><\/strong><\/div>\n<\/div>\n<div tabindex=\"-1\" role=\"label\"><\/div>\n<div id=\"ts-alignment-view-idtgt\" class=\"ts-alignment-view ms-font-m ts-alignment-view-tgt ts-ltr-left-zero\" tabindex=\"0\" aria-hidden=\"false\">\n<div tabindex=\"-1\" role=\"label\">\n<p>ER308LSi krom-nickeltr\u00e5d f\u00f6r svetsning av rostfritt och syrafast st\u00e5l.<\/p>\n<p>Den \u00e4r avsedd f\u00f6r svetsning av austenitiska rostfria st\u00e5l av typen 18% Cr 8%, t.ex. f\u00f6r svetsning av r\u00f6r, tankar, v\u00e4rmev\u00e4xlare.<\/p>\n<p>Ocks\u00e5 l\u00e4mplig f\u00f6r svetsning av korrosionsbest\u00e4ndiga kromst\u00e5l.<\/p>\n<p>L\u00e4mplig f\u00f6r driftstemperaturer upp till 350 \u00b0C.<\/p>\n<\/div>\n<div tabindex=\"-1\" role=\"label\"><span style=\"color: #ffffff;\">.<\/span><\/div>\n<\/div>\n<\/div>\n<\/div>\n<\/div>\n<\/div>\n<\/div>\n<\/div>\n<\/div>\n<\/div>\n<\/div>\n<\/div>\n<div id=\"ts-body\">\n<div class=\"css-44 ts-pivot-container\">\n<div id=\"ContentContainer\">\n<div role=\"tabpanel\" aria-labelledby=\"Pivot0-Tab0\">\n<div class=\"ts-lookup-pivot\">\n<div id=\"Lookup\" class=\"ts-pivot-lookup-component\">\n<div class=\"ms-Grid ts-grid\">\n<div class=\"ms-Grid-row\">\n<div class=\"ts-textfield-container \" lang=\"sv\">\n<div class=\"ts-alignment-view-container\">\n<div id=\"ts-alignment-view-idtgt\" class=\"ts-alignment-view ms-font-m ts-alignment-view-tgt ts-ltr-left-zero\" tabindex=\"0\" aria-hidden=\"false\">\n<div tabindex=\"-1\" role=\"label\"><\/div>\n<\/div>\n<\/div>\n<\/div>\n<div tabindex=\"-1\" role=\"label\"><span style=\"color: #ffffff;\">.<\/span><\/div>\n<div class=\"ts-textfield-container \" lang=\"sv\">\n<div tabindex=\"-1\" role=\"label\">\n<div class=\"product-short-description\">\n<table class=\"table table-hover\">\n<tbody>\n<tr>\n<td class=\"param\">Tillverkare<\/td>\n<td class=\"value\">Sherman<\/td>\n<\/tr>\n<tr id=\"greybg\">\n<td class=\"param\">Diameter \u00f8 [mm]<\/td>\n<td class=\"value\">2,0<\/td>\n<\/tr>\n<tr>\n<td class=\"param\">L\u00e4ngd [mm]<\/td>\n<td class=\"value\">1000<\/td>\n<\/tr>\n<tr id=\"greybg\">\n<td class=\"param\">Till material<\/td>\n<td class=\"value\">Rostfritt, syrafast st\u00e5l<\/td>\n<\/tr>\n<tr>\n<td class=\"param\">Produkt material<\/td>\n<td class=\"value\">ER308LSi<\/td>\n<\/tr>\n<tr id=\"greybg\">\n<td class=\"param\"><\/td>\n<td class=\"value\"><\/td>\n<\/tr>\n<tr>\n<td class=\"param\">Vikt [kg]<\/td>\n<td class=\"value\">5,0<\/td>\n<\/tr>\n<\/tbody>\n<\/table>\n<\/div>\n<div class=\"product_meta\"><\/div>\n<\/div>\n<\/div>\n<\/div>\n<\/div>\n<\/div>\n<\/div>\n<\/div>\n<\/div>\n<\/div>\n<\/div>\n","protected":false},"featured_media":12197,"template":"","meta":{"_acf_changed":false,"_seopress_robots_primary_cat":"none","_seopress_titles_title":"","_seopress_titles_desc":"","_seopress_robots_index":""},"product_cat":[302,605],"product_tag":[],"class_list":{"0":"post-12203","1":"product","2":"type-product","3":"status-publish","4":"has-post-thumbnail","6":"product_cat-tig-svets","7":"product_cat-tig-tillbehor","8":"product_shipping_class-tillbehor-790","10":"first","11":"instock","12":"taxable","13":"shipping-taxable","14":"purchasable","15":"product-type-simple","swatches":"rey-swatches","show_selected":""},"acf":[],"_links":{"self":[{"href":"https:\/\/toolhouse.fi\/sv\/wp-json\/wp\/v2\/product\/12203","targetHints":{"allow":["GET"]}}],"collection":[{"href":"https:\/\/toolhouse.fi\/sv\/wp-json\/wp\/v2\/product"}],"about":[{"href":"https:\/\/toolhouse.fi\/sv\/wp-json\/wp\/v2\/types\/product"}],"version-history":[{"count":1,"href":"https:\/\/toolhouse.fi\/sv\/wp-json\/wp\/v2\/product\/12203\/revisions"}],"predecessor-version":[{"id":18421,"href":"https:\/\/toolhouse.fi\/sv\/wp-json\/wp\/v2\/product\/12203\/revisions\/18421"}],"wp:featuredmedia":[{"embeddable":true,"href":"https:\/\/toolhouse.fi\/sv\/wp-json\/wp\/v2\/media\/12197"}],"wp:attachment":[{"href":"https:\/\/toolhouse.fi\/sv\/wp-json\/wp\/v2\/media?parent=12203"}],"wp:term":[{"taxonomy":"product_cat","embeddable":true,"href":"https:\/\/toolhouse.fi\/sv\/wp-json\/wp\/v2\/product_cat?post=12203"},{"taxonomy":"product_tag","embeddable":true,"href":"https:\/\/toolhouse.fi\/sv\/wp-json\/wp\/v2\/product_tag?post=12203"}],"curies":[{"name":"wp","href":"https:\/\/api.w.org\/{rel}","templated":true}]}}