{"id":13226,"date":"2023-05-05T08:41:36","date_gmt":"2023-05-05T05:41:36","guid":{"rendered":"https:\/\/toolhouse.fi\/?post_type=product&#038;p=13226"},"modified":"2025-02-05T16:41:10","modified_gmt":"2025-02-05T14:41:10","slug":"mc-atv-kit-premium-for-dackmaskiner","status":"publish","type":"product","link":"https:\/\/toolhouse.fi\/sv\/produkt\/mc-atv-kit-premium-for-dackmaskiner\/","title":{"rendered":"MC\/ATV Kit premium\u2013 F\u00f6r d\u00e4ckmaskiner"},"content":{"rendered":"","protected":false},"excerpt":{"rendered":"<p>Denna sats \u00e4r speciellt utformad f\u00f6r MC- och ATV-hjul, klorna \u00e4r utformade specifikt till l\u00e4tta fordon t.ex mc och atv f\u00e4lgar.<\/p>\n<p>Klorna har plastskydd f\u00f6r att skydda f\u00e4lgen fr\u00e5n skador.<\/p>\n<p>Snabbjustering till klorna f\u00f6r att enkelt \u00e4ndra greppdiameter.<\/p>\n<p>Satsen b\u00e5de \u00f6kar och minskar monteringsbordets greppdimensioner med ca 4-6 \u201c beroende p\u00e5 modell p\u00e5 d\u00e4ckmaskin.<\/p>\n<p>Detta inneb\u00e4r att d\u00e4ckmaskinen med detta kit kan komma ca 4\u201d l\u00e4ngre ner och ca 6 \u201cl\u00e4ngre upp p\u00e5 f\u00e4lgdiameter beroende p\u00e5 hur klorna justeras.<\/p>\n<p>Passar till Redats<\/p>\n<ul>\n<li value=\"1\">M-200<\/li>\n<li value=\"2\">M-201<\/li>\n<li value=\"3\">M-220<\/li>\n<li value=\"4\">M-221<\/li>\n<li value=\"6\">M-220-3D<\/li>\n<li value=\"7\">M-221-3D<\/li>\n<li value=\"8\">M-211<\/li>\n<li value=\"9\">M-250<\/li>\n<li value=\"10\">M-250-3D<\/li>\n<li value=\"11\">M-205F<\/li>\n<li>Andra fabrikat med samma m\u00e5tt p\u00e5 kl\u00e4mmor.<\/li>\n<\/ul>\n<p><img alt=\"\" fetchpriority=\"high\" decoding=\"async\" class=\" wp-image-13235 aligncenter\" src=\"http:\/\/toolhouse.fi\/wp-content\/uploads\/2023\/05\/rengaskone-mp-adapteri-redats.jpg\" alt=\"\" width=\"448\" height=\"448\" srcset=\"https:\/\/toolhouse.fi\/wp-content\/uploads\/2023\/05\/rengaskone-mp-adapteri-redats.jpg 1000w, https:\/\/toolhouse.fi\/wp-content\/uploads\/2023\/05\/rengaskone-mp-adapteri-redats-300x300.jpg 300w, https:\/\/toolhouse.fi\/wp-content\/uploads\/2023\/05\/rengaskone-mp-adapteri-redats-100x100.jpg 100w, https:\/\/toolhouse.fi\/wp-content\/uploads\/2023\/05\/rengaskone-mp-adapteri-redats-510x510.jpg 510w, https:\/\/toolhouse.fi\/wp-content\/uploads\/2023\/05\/rengaskone-mp-adapteri-redats-150x150.jpg 150w, https:\/\/toolhouse.fi\/wp-content\/uploads\/2023\/05\/rengaskone-mp-adapteri-redats-768x768.jpg 768w\" sizes=\"(max-width: 448px) 100vw, 448px\" \/><\/p>\n","protected":false},"featured_media":13229,"template":"","meta":{"_acf_changed":false,"_seopress_robots_primary_cat":"none","_seopress_titles_title":"","_seopress_titles_desc":"","_seopress_robots_index":""},"product_cat":[186,593],"product_tag":[],"class_list":{"0":"post-13226","1":"product","2":"type-product","3":"status-publish","4":"has-post-thumbnail","6":"product_cat-dackmaskiner","7":"product_cat-tillbehor-och-reservdelar","8":"product_shipping_class-tillbehor-790","10":"first","11":"instock","12":"sale","13":"taxable","14":"shipping-taxable","15":"purchasable","16":"product-type-simple","swatches":"rey-swatches","show_selected":""},"acf":[],"_links":{"self":[{"href":"https:\/\/toolhouse.fi\/sv\/wp-json\/wp\/v2\/product\/13226","targetHints":{"allow":["GET"]}}],"collection":[{"href":"https:\/\/toolhouse.fi\/sv\/wp-json\/wp\/v2\/product"}],"about":[{"href":"https:\/\/toolhouse.fi\/sv\/wp-json\/wp\/v2\/types\/product"}],"version-history":[{"count":1,"href":"https:\/\/toolhouse.fi\/sv\/wp-json\/wp\/v2\/product\/13226\/revisions"}],"predecessor-version":[{"id":18400,"href":"https:\/\/toolhouse.fi\/sv\/wp-json\/wp\/v2\/product\/13226\/revisions\/18400"}],"wp:featuredmedia":[{"embeddable":true,"href":"https:\/\/toolhouse.fi\/sv\/wp-json\/wp\/v2\/media\/13229"}],"wp:attachment":[{"href":"https:\/\/toolhouse.fi\/sv\/wp-json\/wp\/v2\/media?parent=13226"}],"wp:term":[{"taxonomy":"product_cat","embeddable":true,"href":"https:\/\/toolhouse.fi\/sv\/wp-json\/wp\/v2\/product_cat?post=13226"},{"taxonomy":"product_tag","embeddable":true,"href":"https:\/\/toolhouse.fi\/sv\/wp-json\/wp\/v2\/product_tag?post=13226"}],"curies":[{"name":"wp","href":"https:\/\/api.w.org\/{rel}","templated":true}]}}