{"id":13393,"date":"2023-05-12T15:31:34","date_gmt":"2023-05-12T12:31:34","guid":{"rendered":"https:\/\/toolhouse.fi\/?post_type=product&#038;p=13393"},"modified":"2026-02-05T18:40:38","modified_gmt":"2026-02-05T16:40:38","slug":"bandsagsblad-m42-13x06x1640-10-14","status":"publish","type":"product","link":"https:\/\/toolhouse.fi\/sv\/produkt\/bandsagsblad-m42-13x06x1640-10-14\/","title":{"rendered":"Bands\u00e5gsblad M42 13&#215;0,6&#215;1640 10\/14"},"content":{"rendered":"","protected":false},"excerpt":{"rendered":"<p>&nbsp;<\/p>\n<p>&nbsp;<\/p>\n<div class=\"flex flex-col text-sm pb-25\">\n<article class=\"text-token-text-primary w-full focus:outline-none [--shadow-height:45px] has-data-writing-block:pointer-events-none has-data-writing-block:-mt-(--shadow-height) has-data-writing-block:pt-(--shadow-height) [&amp;:has([data-writing-block])&gt;*]:pointer-events-auto scroll-mt-[calc(var(--header-height)+min(200px,max(70px,20svh)))]\" dir=\"auto\" tabindex=\"-1\" data-turn-id=\"request-WEB:95294ba4-f6af-417b-8eaf-6636d61cb3cb-95\" data-testid=\"conversation-turn-150\" data-scroll-anchor=\"true\" data-turn=\"assistant\">\n<div class=\"text-base my-auto mx-auto pb-10 [--thread-content-margin:--spacing(4)] @w-sm\/main:[--thread-content-margin:--spacing(6)] @w-lg\/main:[--thread-content-margin:--spacing(16)] px-(--thread-content-margin)\">\n<div class=\"[--thread-content-max-width:40rem] @w-lg\/main:[--thread-content-max-width:48rem] mx-auto max-w-(--thread-content-max-width) flex-1 group\/turn-messages focus-visible:outline-hidden relative flex w-full min-w-0 flex-col agent-turn\" tabindex=\"-1\">\n<div class=\"flex max-w-full flex-col grow\">\n<div class=\"min-h-8 text-message relative flex w-full flex-col items-end gap-2 text-start break-words whitespace-normal [.text-message+&amp;]:mt-1\" dir=\"auto\" data-message-author-role=\"assistant\" data-message-id=\"03e954c8-d4b1-4675-bbeb-51ce823d8dcc\" data-message-model-slug=\"gpt-5-2\">\n<div class=\"flex w-full flex-col gap-1 empty:hidden first:pt-[1px]\">\n<div class=\"markdown prose dark:prose-invert w-full wrap-break-word light markdown-new-styling\">\n<p data-start=\"0\" data-end=\"81\">H\u00f6gkvalitativt Koronet Ultracut M42 Bimetal 13&#215;0,6&#215;1640 10\/14 universalblad f\u00f6r metall.<\/p>\n<p data-start=\"83\" data-end=\"234\">Ultracut M42 Bimetal \u00e4r l\u00e4mpligt f\u00f6r s\u00e5gning av de flesta solida och tjockv\u00e4ggiga material, b\u00e5de legerat och olegerat st\u00e5l, gjutj\u00e4rn samt rostfritt st\u00e5l.<\/p>\n<ul>\n<li><strong>Tandning:<\/strong> 10\/14.<\/li>\n<li><strong>Passar till:<\/strong> Cormak BS-128HDRC<\/li>\n<li><strong data-start=\"262\" data-end=\"282\">S\u00e5gbladets m\u00e5tt:<\/strong> 13&#215;0,6&#215;1640 mm<\/li>\n<li><strong data-start=\"300\" data-end=\"316\">Tillverkare:<\/strong> Koronet<\/li>\n<li><strong data-start=\"348\" data-end=\"370\">Tillverkningsland:<\/strong> Tyskland<\/li>\n<\/ul>\n<\/div>\n<\/div>\n<\/div>\n<\/div>\n<div class=\"z-0 flex min-h-[46px] justify-start\"><\/div>\n<div class=\"mt-3 w-full empty:hidden\">\n<div class=\"text-center\"><\/div>\n<\/div>\n<\/div>\n<\/div>\n<\/article>\n<\/div>\n<div class=\"pointer-events-none h-px w-px absolute bottom-0\" aria-hidden=\"true\" data-edge=\"true\"><\/div>\n","protected":false},"featured_media":31074,"template":"","meta":{"_acf_changed":false,"_seopress_robots_primary_cat":"none","_seopress_titles_title":"","_seopress_titles_desc":"","_seopress_robots_index":""},"product_cat":[310],"product_tag":[],"class_list":{"0":"post-13393","1":"product","2":"type-product","3":"status-publish","4":"has-post-thumbnail","6":"product_cat-metallsagar","7":"product_shipping_class-tillbehor-790","9":"first","10":"instock","11":"taxable","12":"shipping-taxable","13":"purchasable","14":"product-type-simple","swatches":"rey-swatches","show_selected":""},"acf":[],"_links":{"self":[{"href":"https:\/\/toolhouse.fi\/sv\/wp-json\/wp\/v2\/product\/13393","targetHints":{"allow":["GET"]}}],"collection":[{"href":"https:\/\/toolhouse.fi\/sv\/wp-json\/wp\/v2\/product"}],"about":[{"href":"https:\/\/toolhouse.fi\/sv\/wp-json\/wp\/v2\/types\/product"}],"version-history":[{"count":4,"href":"https:\/\/toolhouse.fi\/sv\/wp-json\/wp\/v2\/product\/13393\/revisions"}],"predecessor-version":[{"id":31072,"href":"https:\/\/toolhouse.fi\/sv\/wp-json\/wp\/v2\/product\/13393\/revisions\/31072"}],"wp:featuredmedia":[{"embeddable":true,"href":"https:\/\/toolhouse.fi\/sv\/wp-json\/wp\/v2\/media\/31074"}],"wp:attachment":[{"href":"https:\/\/toolhouse.fi\/sv\/wp-json\/wp\/v2\/media?parent=13393"}],"wp:term":[{"taxonomy":"product_cat","embeddable":true,"href":"https:\/\/toolhouse.fi\/sv\/wp-json\/wp\/v2\/product_cat?post=13393"},{"taxonomy":"product_tag","embeddable":true,"href":"https:\/\/toolhouse.fi\/sv\/wp-json\/wp\/v2\/product_tag?post=13393"}],"curies":[{"name":"wp","href":"https:\/\/api.w.org\/{rel}","templated":true}]}}