{"id":13399,"date":"2023-05-12T17:17:49","date_gmt":"2023-05-12T14:17:49","guid":{"rendered":"https:\/\/toolhouse.fi\/?post_type=product&#038;p=13399"},"modified":"2026-04-30T13:26:36","modified_gmt":"2026-04-30T10:26:36","slug":"skarvatska-es-12-5l","status":"publish","type":"product","link":"https:\/\/toolhouse.fi\/sv\/produkt\/skarvatska-es-12-5l\/","title":{"rendered":"Sk\u00e4rv\u00e4tska ES-12 5L"},"content":{"rendered":"","protected":false},"excerpt":{"rendered":"<p>ES-12 &#8211; sk\u00e4rv\u00e4tska anv\u00e4nds f\u00f6r kylning, sm\u00f6rjning och rostskydd, vid bearbetning av st\u00e5l, gjutj\u00e4rn och icke j\u00e4rnhaltiga metaller samt legeringar.<br \/>\nES-12 blandas 5\u201315% i vatten.<\/p>\n<p>&nbsp;<\/p>\n<table>\n<tbody>\n<tr>\n<td><\/td>\n<td><\/td>\n<\/tr>\n<tr>\n<td>Tillverkare<\/td>\n<td>Carex oil<\/td>\n<\/tr>\n<tr>\n<td>Tillverkningsland<\/td>\n<td>Polen<\/td>\n<\/tr>\n<tr>\n<td>M\u00e4ngd<\/td>\n<td>5 L<\/td>\n<\/tr>\n<\/tbody>\n<\/table>\n","protected":false},"featured_media":31063,"template":"","meta":{"_acf_changed":false,"_seopress_robots_primary_cat":"none","_seopress_titles_title":"","_seopress_titles_desc":"","_seopress_robots_index":""},"product_cat":[310,255,599],"product_tag":[],"class_list":{"0":"post-13399","1":"product","2":"type-product","3":"status-publish","4":"has-post-thumbnail","6":"product_cat-metallsagar","7":"product_cat-pelarborrmaskiner","8":"product_cat-tillbehor-metallbearbetning","9":"product_shipping_class-tillbehor-790","11":"first","12":"instock","13":"taxable","14":"shipping-taxable","15":"purchasable","16":"product-type-simple","swatches":"rey-swatches","show_selected":""},"acf":[],"_links":{"self":[{"href":"https:\/\/toolhouse.fi\/sv\/wp-json\/wp\/v2\/product\/13399","targetHints":{"allow":["GET"]}}],"collection":[{"href":"https:\/\/toolhouse.fi\/sv\/wp-json\/wp\/v2\/product"}],"about":[{"href":"https:\/\/toolhouse.fi\/sv\/wp-json\/wp\/v2\/types\/product"}],"version-history":[{"count":1,"href":"https:\/\/toolhouse.fi\/sv\/wp-json\/wp\/v2\/product\/13399\/revisions"}],"predecessor-version":[{"id":18393,"href":"https:\/\/toolhouse.fi\/sv\/wp-json\/wp\/v2\/product\/13399\/revisions\/18393"}],"wp:featuredmedia":[{"embeddable":true,"href":"https:\/\/toolhouse.fi\/sv\/wp-json\/wp\/v2\/media\/31063"}],"wp:attachment":[{"href":"https:\/\/toolhouse.fi\/sv\/wp-json\/wp\/v2\/media?parent=13399"}],"wp:term":[{"taxonomy":"product_cat","embeddable":true,"href":"https:\/\/toolhouse.fi\/sv\/wp-json\/wp\/v2\/product_cat?post=13399"},{"taxonomy":"product_tag","embeddable":true,"href":"https:\/\/toolhouse.fi\/sv\/wp-json\/wp\/v2\/product_tag?post=13399"}],"curies":[{"name":"wp","href":"https:\/\/api.w.org\/{rel}","templated":true}]}}