{"id":13414,"date":"2023-05-13T16:12:22","date_gmt":"2023-05-13T13:12:22","guid":{"rendered":"https:\/\/toolhouse.fi\/?post_type=product&#038;p=13414"},"modified":"2026-01-26T15:59:51","modified_gmt":"2026-01-26T13:59:51","slug":"metallkapsag-js-355e","status":"publish","type":"product","link":"https:\/\/toolhouse.fi\/sv\/produkt\/metallkapsag-js-355e\/","title":{"rendered":"Metallkaps\u00e5g JS-355E"},"content":{"rendered":"<table border=\"1\" cellspacing=\"0\" cellpadding=\"4\">\n<tbody>\n<tr>\n<td width=\"50%\">Tillverkare<\/p>\n<p>Modell<\/p>\n<p>S\u00e5gklingans diameter<\/td>\n<td width=\"50%\"><strong>Cormak<\/strong><\/p>\n<p><strong>JS355E<\/strong><\/p>\n<p><strong>\u00d8 355 mm, centrumh\u00e5l <\/strong><strong>\u00d8\u00a0<\/strong><strong>25.4 mm<\/strong><\/td>\n<\/tr>\n<tr>\n<td width=\"50%\">90\u00b0 Max s\u00e5gkapacitet<\/p>\n<p>45\u00b0 Max s\u00e5gkapacitet<\/td>\n<td width=\"50%\"><strong>\u00d8 130 mm rund<\/strong><\/p>\n<p><strong>\u00d8 90 mm rund<\/strong><\/td>\n<\/tr>\n<tr>\n<td width=\"50%\">90\u00b0 Max s\u00e5gkapacitet<\/td>\n<td width=\"50%\"><b>90<\/b><b>\u00d7<\/b><b>190 mm profil<\/b><\/td>\n<\/tr>\n<tr>\n<td width=\"50%\">Varvtal<\/td>\n<td width=\"50%\"><strong>1200\u00a0rpm<\/strong><\/td>\n<\/tr>\n<tr>\n<td width=\"50%\">Snabbskruvstycke<\/td>\n<td width=\"50%\"><strong>Quick lock<\/strong><\/td>\n<\/tr>\n<tr>\n<td width=\"50%\">H\u00e5rdmetallklinga<\/td>\n<td width=\"50%\"><strong>355 mm<\/strong><\/td>\n<\/tr>\n<tr>\n<td width=\"50%\">Effekt<\/p>\n<p>Sp\u00e4nning (V)<\/td>\n<td width=\"50%\"><strong>2300 W<\/strong><\/p>\n<p>&nbsp;<\/p>\n<p><strong>230V\/ 50 Hz<\/strong><\/td>\n<\/tr>\n<tr>\n<td width=\"50%\">M\u00e5tt<\/p>\n<p>Vikt<\/td>\n<td width=\"50%\"><b>595<\/b><b>\u00d7<\/b><strong>390\u00d7458 mm<\/strong><\/p>\n<p><strong>27 kg<\/strong><\/td>\n<\/tr>\n<tr>\n<td width=\"50%\">Ce-godk\u00e4nd<\/td>\n<td width=\"50%\"><strong>Ja<\/strong><\/td>\n<\/tr>\n<tr>\n<td width=\"50%\">Garanti<\/td>\n<td width=\"50%\"><strong>\u00a012 m\u00e5nader<\/strong><\/td>\n<\/tr>\n<\/tbody>\n<\/table>\n<p>&nbsp;<\/p>\n","protected":false},"excerpt":{"rendered":"<ul>\n<li>St\u00e4llbar s\u00e5gvinkel 0\u201345\u00b0<\/li>\n<li>S\u00e4kerhetsmekanism vilket g\u00f6r klingan synlig endast vid s\u00e5gning<\/li>\n<li>Snabbjustering av skruvstycke<\/li>\n<li>Djupstopp<\/li>\n<li>T\u00f6mmningsbar beh\u00e5llare f\u00f6r metallsp\u00e5nor<\/li>\n<li>S\u00e4kerhetsbrytare<\/li>\n<li>355 mm h\u00e5rdmetallklinga<\/li>\n<li>230 V \/ 2300 W<\/li>\n<li>Vikt 27 kg<\/li>\n<\/ul>\n<h3><\/h3>\n<h3>Cormak JS355E<\/h3>\n<p>N\u00e4rap\u00e5 100 % gnistfri och s\u00e4ker s\u00e5gning utan damm.<\/p>\n<p>H\u00e5llbar och stabil s\u00e5g tillverkad av gjuten aluminium.<\/p>\n<p>Kapar snabbt och exakt: f\u00f6r effektivt arbete och minimalt efterarbete.<\/p>\n<p>M\u00e5ngsidig anv\u00e4ndning till de flesta material t.ex st\u00e5l, aluminium, plast, mm.<\/p>\n","protected":false},"featured_media":13415,"template":"","meta":{"_acf_changed":false,"_seopress_robots_primary_cat":"none","_seopress_titles_title":"","_seopress_titles_desc":"","_seopress_robots_index":""},"product_cat":[310],"product_tag":[],"class_list":{"0":"post-13414","1":"product","2":"type-product","3":"status-publish","4":"has-post-thumbnail","6":"product_cat-metallsagar","7":"product_shipping_class-frakt-1390","9":"first","10":"outofstock","11":"taxable","12":"shipping-taxable","13":"purchasable","14":"product-type-simple","swatches":"rey-swatches","show_selected":""},"acf":[],"_links":{"self":[{"href":"https:\/\/toolhouse.fi\/sv\/wp-json\/wp\/v2\/product\/13414","targetHints":{"allow":["GET"]}}],"collection":[{"href":"https:\/\/toolhouse.fi\/sv\/wp-json\/wp\/v2\/product"}],"about":[{"href":"https:\/\/toolhouse.fi\/sv\/wp-json\/wp\/v2\/types\/product"}],"version-history":[{"count":1,"href":"https:\/\/toolhouse.fi\/sv\/wp-json\/wp\/v2\/product\/13414\/revisions"}],"predecessor-version":[{"id":18392,"href":"https:\/\/toolhouse.fi\/sv\/wp-json\/wp\/v2\/product\/13414\/revisions\/18392"}],"wp:featuredmedia":[{"embeddable":true,"href":"https:\/\/toolhouse.fi\/sv\/wp-json\/wp\/v2\/media\/13415"}],"wp:attachment":[{"href":"https:\/\/toolhouse.fi\/sv\/wp-json\/wp\/v2\/media?parent=13414"}],"wp:term":[{"taxonomy":"product_cat","embeddable":true,"href":"https:\/\/toolhouse.fi\/sv\/wp-json\/wp\/v2\/product_cat?post=13414"},{"taxonomy":"product_tag","embeddable":true,"href":"https:\/\/toolhouse.fi\/sv\/wp-json\/wp\/v2\/product_tag?post=13414"}],"curies":[{"name":"wp","href":"https:\/\/api.w.org\/{rel}","templated":true}]}}