{"id":13453,"date":"2023-05-16T16:19:02","date_gmt":"2023-05-16T13:19:02","guid":{"rendered":"https:\/\/toolhouse.fi\/?post_type=product&#038;p=13453"},"modified":"2026-03-19T19:02:55","modified_gmt":"2026-03-19T17:02:55","slug":"spannverktyg-58-delar","status":"publish","type":"product","link":"https:\/\/toolhouse.fi\/sv\/produkt\/spannverktyg-58-delar\/","title":{"rendered":"Sp\u00e4nnverktyg M12\/14mm 58 delar"},"content":{"rendered":"","protected":false},"excerpt":{"rendered":"<h3>Cormak sp\u00e4nnverktyg i 58 delar, g\u00e4nga M12 \/ sp\u00e5r 14 mm.<\/h3>\n<p>Beh\u00e4ndigt set av h\u00f6g kvalitet, anv\u00e4nds f\u00f6r att sp\u00e4nna fast arbetsstycken p\u00e5 fr\u00e4smaskiner, borrmaskiner mm.<\/p>\n<p>Passar maskiner med 14 mm sp\u00e5r i bordet, g\u00e4nga M12.<\/p>\n<p>&nbsp;<\/p>\n<p><strong>Inneh\u00e5ller:<\/strong><\/p>\n<ul>\n<li>F\u00f6rl\u00e4ngningsmutter\u00a0 <strong>&#8211; 4 st.<\/strong><\/li>\n<li>Fl\u00e4nsmutter <strong>&#8211; 6 st.<\/strong><\/li>\n<li>T-sp\u00e5rs mutter <strong>&#8211; 6 st.<\/strong><\/li>\n<li>Stegblock\u00a0 (3 modeller, 4 st av varje modell ) <strong>&#8211; 12 st.<\/strong><\/li>\n<li>Stegkl\u00e4mmor (3 modeller, 2 st av varje modell) <strong>&#8211; 6 st.<\/strong><\/li>\n<li>Pinnbult 75 mm <strong>&#8211; 4 st.<\/strong><\/li>\n<li>Pinnbult 100 mm <strong>&#8211; 4 st.<\/strong><\/li>\n<li>Pinnbult 125 mm <strong>&#8211; 4 st.<\/strong><\/li>\n<li>Pinnbult 150 mm <strong>&#8211; 4 st.<\/strong><\/li>\n<li>Pinnbult 175 mm <strong>&#8211; 4 st.<\/strong><\/li>\n<li>Pinnbult 200 mm <strong>&#8211; 4 st.<\/strong><\/li>\n<\/ul>\n<p><img alt=\"\" fetchpriority=\"high\" decoding=\"async\" class=\"alignnone wp-image-13458 \" src=\"http:\/\/toolhouse.fi\/wp-content\/uploads\/2023\/05\/kiinnitystyokalusarja-m12-14mm-cormak.jpg\" alt=\"\" width=\"520\" height=\"293\" srcset=\"https:\/\/toolhouse.fi\/wp-content\/uploads\/2023\/05\/kiinnitystyokalusarja-m12-14mm-cormak.jpg 1000w, https:\/\/toolhouse.fi\/wp-content\/uploads\/2023\/05\/kiinnitystyokalusarja-m12-14mm-cormak-300x169.jpg 300w, https:\/\/toolhouse.fi\/wp-content\/uploads\/2023\/05\/kiinnitystyokalusarja-m12-14mm-cormak-510x288.jpg 510w, https:\/\/toolhouse.fi\/wp-content\/uploads\/2023\/05\/kiinnitystyokalusarja-m12-14mm-cormak-768x433.jpg 768w\" sizes=\"(max-width: 520px) 100vw, 520px\" \/><\/p>\n<p>&nbsp;<\/p>\n<p>&nbsp;<\/p>\n","protected":false},"featured_media":13460,"template":"","meta":{"_acf_changed":false,"_seopress_robots_primary_cat":"none","_seopress_titles_title":"","_seopress_titles_desc":"","_seopress_robots_index":""},"product_cat":[255,599],"product_tag":[],"class_list":{"0":"post-13453","1":"product","2":"type-product","3":"status-publish","4":"has-post-thumbnail","6":"product_cat-pelarborrmaskiner","7":"product_cat-tillbehor-metallbearbetning","8":"product_shipping_class-tillbehor-790","10":"first","11":"instock","12":"taxable","13":"shipping-taxable","14":"purchasable","15":"product-type-simple","swatches":"rey-swatches","show_selected":""},"acf":[],"_links":{"self":[{"href":"https:\/\/toolhouse.fi\/sv\/wp-json\/wp\/v2\/product\/13453","targetHints":{"allow":["GET"]}}],"collection":[{"href":"https:\/\/toolhouse.fi\/sv\/wp-json\/wp\/v2\/product"}],"about":[{"href":"https:\/\/toolhouse.fi\/sv\/wp-json\/wp\/v2\/types\/product"}],"version-history":[{"count":1,"href":"https:\/\/toolhouse.fi\/sv\/wp-json\/wp\/v2\/product\/13453\/revisions"}],"predecessor-version":[{"id":18391,"href":"https:\/\/toolhouse.fi\/sv\/wp-json\/wp\/v2\/product\/13453\/revisions\/18391"}],"wp:featuredmedia":[{"embeddable":true,"href":"https:\/\/toolhouse.fi\/sv\/wp-json\/wp\/v2\/media\/13460"}],"wp:attachment":[{"href":"https:\/\/toolhouse.fi\/sv\/wp-json\/wp\/v2\/media?parent=13453"}],"wp:term":[{"taxonomy":"product_cat","embeddable":true,"href":"https:\/\/toolhouse.fi\/sv\/wp-json\/wp\/v2\/product_cat?post=13453"},{"taxonomy":"product_tag","embeddable":true,"href":"https:\/\/toolhouse.fi\/sv\/wp-json\/wp\/v2\/product_tag?post=13453"}],"curies":[{"name":"wp","href":"https:\/\/api.w.org\/{rel}","templated":true}]}}