{"id":13617,"date":"2023-06-08T15:31:59","date_gmt":"2023-06-08T12:31:59","guid":{"rendered":"https:\/\/toolhouse.fi\/?post_type=product&#038;p=13617"},"modified":"2026-02-07T18:24:07","modified_gmt":"2026-02-07T16:24:07","slug":"roach-plattrensare","status":"publish","type":"product","link":"https:\/\/toolhouse.fi\/sv\/produkt\/roach-plattrensare\/","title":{"rendered":"Roach plattrensare"},"content":{"rendered":"","protected":false},"excerpt":{"rendered":"<p>Effektiv plattrensare till r\u00f6js\u00e5g.<\/p>\n<p>Kevlartr\u00e5den \u00e4r oerh\u00f6rt slitstark och dessutom l\u00e4tt att byta, trimmerhuvudet \u00e4r tillverkat av aluminium och \u00e4r b\u00e5de l\u00e4tt och h\u00e5llbart.<\/p>\n<p>&nbsp;<\/p>\n<p>Roach plattrensare passar alla maskiner som kan driva en s\u00e5gklinga. Trimmerhuvudet passar d\u00e4r s\u00e5gklingan normalt ska sitta p\u00e5 vinkelv\u00e4xeln, f\u00e4stet \u00e4r detsamma som p\u00e5 Roach spindelkit vilket g\u00f6r det enkelt att byta redskap.<\/p>\n<p>&nbsp;<\/p>\n<p>Det finns bara 20 mm eller 25 mm klingf\u00e4sten oavsett fabrikat eller \u00e5lder p\u00e5 r\u00f6js\u00e5gar, v\u00e4lj r\u00e4tt adapter till din s\u00e5g och montera. Adaptrar medf\u00f6ljer.<\/p>\n<p><strong>OBS<\/strong> \u2013 plattrensaren kan inte monteras p\u00e5 sm\u00e5 trimmers med b\u00f6jd axel.<\/p>\n<p>Tr\u00e5d medf\u00f6ljer inte.<\/p>\n<div id=\"wb_Text3\">\n<p><a href=\"https:\/\/www.youtube.com\/watch?v=9QQ8JJyJepY\" data-wp-editing=\"1\"><img alt=\"\" decoding=\"async\" class=\"alignnone wp-image-13409\" src=\"http:\/\/toolhouse.fi\/wp-content\/uploads\/2023\/05\/6-61265_-play-button-150x150.jpg\" alt=\"\" width=\"30\" height=\"30\" srcset=\"https:\/\/toolhouse.fi\/wp-content\/uploads\/2023\/05\/6-61265_-play-button-150x150.jpg 150w, https:\/\/toolhouse.fi\/wp-content\/uploads\/2023\/05\/6-61265_-play-button-300x313.jpg 300w, https:\/\/toolhouse.fi\/wp-content\/uploads\/2023\/05\/6-61265_-play-button-100x100.jpg 100w, https:\/\/toolhouse.fi\/wp-content\/uploads\/2023\/05\/6-61265_-play-button-510x532.jpg 510w, https:\/\/toolhouse.fi\/wp-content\/uploads\/2023\/05\/6-61265_-play-button-288x300.jpg 288w, https:\/\/toolhouse.fi\/wp-content\/uploads\/2023\/05\/6-61265_-play-button-768x801.jpg 768w, https:\/\/toolhouse.fi\/wp-content\/uploads\/2023\/05\/6-61265_-play-button.jpg 920w\" sizes=\"(max-width: 30px) 100vw, 30px\" \/>L\u00e4nk till produktvideo<\/a><\/p>\n<\/div>\n<div><\/div>\n<div>\n<table class=\"n54117_dictionary\">\n<tbody>\n<tr>\n<td class=\"n54117_item_a1\">Tillverkare\u00a0<span class=\"n67256colon\">:<\/span><\/td>\n<td class=\"n54117_item_b1\">\n<div class=\"n54117_item_b_sub\"><span class=\"n54117_name_sub\">Roach<\/span><\/div>\n<\/td>\n<\/tr>\n<tr>\n<td class=\"n54117_item_a2\">Tillverkningsland\u00a0<span class=\"n67256colon\">:<\/span><\/td>\n<td class=\"n54117_item_b2\">\n<div class=\"n54117_item_b_sub\">Sverige<\/div>\n<\/td>\n<\/tr>\n<tr>\n<td class=\"n54117_item_a1\">Axelf\u00e4ste :<\/td>\n<td class=\"n54117_item_b1\">\n<div class=\"n54117_item_b_sub\">20 mm \/ 25 mm<\/div>\n<\/td>\n<\/tr>\n<tr>\n<td class=\"n54117_item_a2\">G\u00e4nga\u00a0<span class=\"n67256colon\">:<\/span><\/td>\n<td class=\"n54117_item_b2\">\n<div class=\"n54117_item_b_sub\">V\u00e4nster<\/div>\n<\/td>\n<\/tr>\n<tr>\n<td class=\"n54117_item_a1\">Material\u00a0<span class=\"n67256colon\">:<\/span><\/td>\n<td class=\"n54117_item_b1\">\n<div class=\"n54117_item_b_sub\">Aluminium<\/div>\n<\/td>\n<\/tr>\n<tr>\n<td class=\"n54117_item_a2\"><\/td>\n<td class=\"n54117_item_b2\">\n<div class=\"n54117_item_b_sub\"><\/div>\n<\/td>\n<\/tr>\n<\/tbody>\n<\/table>\n<\/div>\n","protected":false},"featured_media":13624,"template":"","meta":{"_acf_changed":false,"_seopress_robots_primary_cat":"none","_seopress_titles_title":"","_seopress_titles_desc":"","_seopress_robots_index":""},"product_cat":[781,785],"product_tag":[],"class_list":{"0":"post-13617","1":"product","2":"type-product","3":"status-publish","4":"has-post-thumbnail","6":"product_cat-hem-tradgard","7":"product_cat-rojsag-trimmer","8":"product_shipping_class-tillbehor-790","10":"first","11":"instock","12":"taxable","13":"shipping-taxable","14":"purchasable","15":"product-type-simple","swatches":"rey-swatches","show_selected":""},"acf":[],"_links":{"self":[{"href":"https:\/\/toolhouse.fi\/sv\/wp-json\/wp\/v2\/product\/13617","targetHints":{"allow":["GET"]}}],"collection":[{"href":"https:\/\/toolhouse.fi\/sv\/wp-json\/wp\/v2\/product"}],"about":[{"href":"https:\/\/toolhouse.fi\/sv\/wp-json\/wp\/v2\/types\/product"}],"version-history":[{"count":1,"href":"https:\/\/toolhouse.fi\/sv\/wp-json\/wp\/v2\/product\/13617\/revisions"}],"predecessor-version":[{"id":18387,"href":"https:\/\/toolhouse.fi\/sv\/wp-json\/wp\/v2\/product\/13617\/revisions\/18387"}],"wp:featuredmedia":[{"embeddable":true,"href":"https:\/\/toolhouse.fi\/sv\/wp-json\/wp\/v2\/media\/13624"}],"wp:attachment":[{"href":"https:\/\/toolhouse.fi\/sv\/wp-json\/wp\/v2\/media?parent=13617"}],"wp:term":[{"taxonomy":"product_cat","embeddable":true,"href":"https:\/\/toolhouse.fi\/sv\/wp-json\/wp\/v2\/product_cat?post=13617"},{"taxonomy":"product_tag","embeddable":true,"href":"https:\/\/toolhouse.fi\/sv\/wp-json\/wp\/v2\/product_tag?post=13617"}],"curies":[{"name":"wp","href":"https:\/\/api.w.org\/{rel}","templated":true}]}}