{"id":13851,"date":"2023-07-30T11:55:44","date_gmt":"2023-07-30T08:55:44","guid":{"rendered":"https:\/\/toolhouse.fi\/?post_type=product&#038;p=13851"},"modified":"2024-10-30T11:27:50","modified_gmt":"2024-10-30T09:27:50","slug":"lyftarmar-l200r-l220r","status":"publish","type":"product","link":"https:\/\/toolhouse.fi\/sv\/produkt\/lyftarmar-l200r-l220r\/","title":{"rendered":"Lyftarmar, l\u00e5nga. Redats L-200R \/ L-220R"},"content":{"rendered":"","protected":false},"excerpt":{"rendered":"<p>Lyftarmspar till tv\u00e5pelarlyft.<\/p>\n<p>&nbsp;<\/p>\n<p>Passar till Redats:<\/p>\n<ul>\n<li>L-200R<\/li>\n<li>L-220R<\/li>\n<\/ul>\n<p>De h\u00e4r lyftarmarna \u00e4r likadana som de l\u00e4ngre originalmonterade armarna p\u00e5 lyften.<\/p>\n<p>De kortare armarna byts ut till dessa f\u00f6r att f\u00e5 b\u00e4ttre r\u00e4ckvidd.<\/p>\n<p>&nbsp;<\/p>\n<div class=\"dictionary__param row mb-2\"><\/div>\n<div class=\"dictionary__param row mb-2\">\n<div class=\"dictionary__values col-6\">\n<div class=\"dictionary__value\">\n<table border=\"0\" width=\"423\" cellspacing=\"0\" cellpadding=\"2\">\n<tbody>\n<tr>\n<td width=\"322\"><span style=\"color: #333333;\"><strong>Tillverkare:<\/strong><\/span><\/td>\n<td width=\"93\"><span style=\"color: #333333;\"><strong>Redats<\/strong><\/span><\/td>\n<\/tr>\n<tr>\n<td bgcolor=\"#f1f1f1\" width=\"322\"><span style=\"color: #333333;\"><strong>L\u00e4ngd:<\/strong><\/span><\/td>\n<td bgcolor=\"#f1f1f1\" width=\"93\"><span style=\"color: #333333;\"><strong>820 &#8211; 1260 mm<\/strong><\/span><\/td>\n<\/tr>\n<tr>\n<td width=\"322\"><span style=\"color: #333333;\"><strong>Levereras parvis:<\/strong><\/span><\/td>\n<td width=\"93\"><strong>Ja<\/strong><\/td>\n<\/tr>\n<\/tbody>\n<\/table>\n<\/div>\n<\/div>\n<\/div>\n<p>&nbsp;<\/p>\n<p>&nbsp;<\/p>\n<p>&nbsp;<\/p>\n<p>&nbsp;<\/p>\n<p>&nbsp;<\/p>\n<p>&nbsp;<\/p>\n<p>&nbsp;<\/p>\n<p>&nbsp;<\/p>\n","protected":false},"featured_media":13209,"template":"","meta":{"_acf_changed":false,"_seopress_robots_primary_cat":"","_seopress_titles_title":"","_seopress_titles_desc":"","_seopress_robots_index":""},"product_cat":[20,282],"product_tag":[],"class_list":{"0":"post-13851","1":"product","2":"type-product","3":"status-publish","4":"has-post-thumbnail","6":"product_cat-lyftteknik","7":"product_cat-tillbehor-reservdelar","8":"product_shipping_class-frakt-2990","10":"first","11":"instock","12":"taxable","13":"shipping-taxable","14":"purchasable","15":"product-type-simple","swatches":"rey-swatches","show_selected":""},"acf":[],"_links":{"self":[{"href":"https:\/\/toolhouse.fi\/sv\/wp-json\/wp\/v2\/product\/13851","targetHints":{"allow":["GET"]}}],"collection":[{"href":"https:\/\/toolhouse.fi\/sv\/wp-json\/wp\/v2\/product"}],"about":[{"href":"https:\/\/toolhouse.fi\/sv\/wp-json\/wp\/v2\/types\/product"}],"version-history":[{"count":0,"href":"https:\/\/toolhouse.fi\/sv\/wp-json\/wp\/v2\/product\/13851\/revisions"}],"wp:featuredmedia":[{"embeddable":true,"href":"https:\/\/toolhouse.fi\/sv\/wp-json\/wp\/v2\/media\/13209"}],"wp:attachment":[{"href":"https:\/\/toolhouse.fi\/sv\/wp-json\/wp\/v2\/media?parent=13851"}],"wp:term":[{"taxonomy":"product_cat","embeddable":true,"href":"https:\/\/toolhouse.fi\/sv\/wp-json\/wp\/v2\/product_cat?post=13851"},{"taxonomy":"product_tag","embeddable":true,"href":"https:\/\/toolhouse.fi\/sv\/wp-json\/wp\/v2\/product_tag?post=13851"}],"curies":[{"name":"wp","href":"https:\/\/api.w.org\/{rel}","templated":true}]}}