{"id":1388,"date":"2020-10-14T14:04:56","date_gmt":"2020-10-14T11:04:56","guid":{"rendered":"https:\/\/toolhouse.fi\/?post_type=product&#038;p=1388"},"modified":"2025-09-09T10:18:53","modified_gmt":"2025-09-09T07:18:53","slug":"maskinskruvstycke-150mm","status":"publish","type":"product","link":"https:\/\/toolhouse.fi\/sv\/produkt\/maskinskruvstycke-150mm\/","title":{"rendered":"Maskinskruvstycke 150mm"},"content":{"rendered":"<p>Bredd p\u00e5 backor 150mm<\/p>\n<p>H\u00f6jd p\u00e5 backor 25mm<\/p>\n<p>\u00d6ppnar max 150mm<\/p>\n<p>&nbsp;<\/p>\n","protected":false},"excerpt":{"rendered":"<p>Bredd p\u00e5 backor 150mm H\u00f6jd p\u00e5 backor 25mm \u00d6ppnar max 150mm &nbsp;<\/p>\n","protected":false},"featured_media":6380,"template":"","meta":{"_acf_changed":false,"_seopress_robots_primary_cat":"none","_seopress_titles_title":"","_seopress_titles_desc":"","_seopress_robots_index":""},"product_cat":[256],"product_tag":[],"class_list":{"0":"post-1388","1":"product","2":"type-product","3":"status-publish","4":"has-post-thumbnail","6":"product_cat-maskinskruvstycken","7":"product_shipping_class-tillbehor-590","9":"first","10":"instock","11":"taxable","12":"shipping-taxable","13":"purchasable","14":"product-type-simple","swatches":"rey-swatches","show_selected":""},"acf":[],"_links":{"self":[{"href":"https:\/\/toolhouse.fi\/sv\/wp-json\/wp\/v2\/product\/1388","targetHints":{"allow":["GET"]}}],"collection":[{"href":"https:\/\/toolhouse.fi\/sv\/wp-json\/wp\/v2\/product"}],"about":[{"href":"https:\/\/toolhouse.fi\/sv\/wp-json\/wp\/v2\/types\/product"}],"version-history":[{"count":0,"href":"https:\/\/toolhouse.fi\/sv\/wp-json\/wp\/v2\/product\/1388\/revisions"}],"wp:featuredmedia":[{"embeddable":true,"href":"https:\/\/toolhouse.fi\/sv\/wp-json\/wp\/v2\/media\/6380"}],"wp:attachment":[{"href":"https:\/\/toolhouse.fi\/sv\/wp-json\/wp\/v2\/media?parent=1388"}],"wp:term":[{"taxonomy":"product_cat","embeddable":true,"href":"https:\/\/toolhouse.fi\/sv\/wp-json\/wp\/v2\/product_cat?post=1388"},{"taxonomy":"product_tag","embeddable":true,"href":"https:\/\/toolhouse.fi\/sv\/wp-json\/wp\/v2\/product_tag?post=1388"}],"curies":[{"name":"wp","href":"https:\/\/api.w.org\/{rel}","templated":true}]}}