{"id":14107,"date":"2023-09-07T12:13:12","date_gmt":"2023-09-07T09:13:12","guid":{"rendered":"https:\/\/toolhouse.fi\/?post_type=product&#038;p=14107"},"modified":"2025-12-04T11:40:38","modified_gmt":"2025-12-04T09:40:38","slug":"p1-2700","status":"publish","type":"product","link":"https:\/\/toolhouse.fi\/sv\/produkt\/p1-2700\/","title":{"rendered":"P1-2700KG"},"content":{"rendered":"<pre class=\"western\" lang=\"en-us\" xml:lang=\"en-us\"><\/pre>\n<table border=\"0\" width=\"423\" cellspacing=\"0\" cellpadding=\"2\">\n<tbody>\n<tr>\n<td width=\"322\"><span style=\"color: #333333;\"><strong>Modell:<\/strong><\/span><\/p>\n<p><span style=\"color: #333333;\"><strong>Lyftkapacitet:<\/strong><\/span><\/td>\n<td width=\"93\"><span style=\"color: #333333;\"><strong>P1-2700<\/strong><\/span><\/p>\n<p><span style=\"color: #333333;\"><strong>2700 kg<\/strong><\/span><\/td>\n<\/tr>\n<tr>\n<td bgcolor=\"#f1f1f1\" width=\"322\"><span style=\"color: #333333;\"><strong>Lyfth\u00f6jd:<\/strong><\/span><\/td>\n<td bgcolor=\"#f1f1f1\" width=\"93\"><span style=\"color: #333333;\"><strong>140 \u2013 1800 mm<\/strong><\/span><\/td>\n<\/tr>\n<tr>\n<td width=\"322\"><span style=\"color: #333333;\"><strong>Mekaniska s\u00e4kerhetsl\u00e5s:<\/strong><\/span><\/td>\n<td width=\"93\"><span style=\"color: #333333;\"><strong>Ja<\/strong><\/span><\/td>\n<\/tr>\n<tr>\n<td bgcolor=\"#f1f1f1\" width=\"322\"><span style=\"color: #333333;\"><strong>Drift:<\/strong><\/span><\/td>\n<td bgcolor=\"#f1f1f1\" width=\"93\"><span style=\"color: #333333;\"><strong>Hydraulisk<\/strong><\/span><\/td>\n<\/tr>\n<tr>\n<td width=\"322\"><span style=\"color: #333333;\"><strong>Lyfttid:<\/strong><\/span><\/td>\n<td width=\"93\"><span style=\"color: #333333;\"><strong>30 sekunder<\/strong><\/span><\/td>\n<\/tr>\n<tr>\n<td bgcolor=\"#f1f1f1\" width=\"322\"><span style=\"color: #333333;\"><strong>H\u00f6jd:<\/strong><\/span><\/td>\n<td bgcolor=\"#f1f1f1\" width=\"93\"><span style=\"color: #333333;\"><strong>2550 mm<\/strong><\/span><\/td>\n<\/tr>\n<tr>\n<td width=\"322\"><span style=\"color: #333333;\"><strong>Bredd:<\/strong><\/span><\/p>\n<p><span style=\"color: #333333;\"><strong>L\u00e4ngd:<\/strong><\/span><\/p>\n<p><span style=\"color: #333333;\"><strong>Sp\u00e4nning:<\/strong><\/span><\/td>\n<td width=\"93\"><span style=\"color: #333333;\"><strong>1266 mm<\/strong><\/span><\/p>\n<p><span style=\"color: #333333;\"><strong>2325 mm<\/strong><\/span><\/p>\n<p><span style=\"color: #333333;\"><strong>400V<\/strong><\/span><\/td>\n<\/tr>\n<tr>\n<td bgcolor=\"#f1f1f1\" width=\"322\"><span style=\"color: #333333;\"><strong>Man\u00f6versp\u00e4nning:<\/strong><\/span><\/td>\n<td bgcolor=\"#f1f1f1\" width=\"93\"><span style=\"color: #333333;\"><strong>24V<\/strong><\/span><\/td>\n<\/tr>\n<tr>\n<td width=\"322\"><span style=\"color: #333333;\"><strong>Symertriska lyftarmar:<\/strong><\/span><\/td>\n<td width=\"93\"><span style=\"color: #333333;\"><strong>Ja<\/strong><\/span><\/td>\n<\/tr>\n<tr>\n<td bgcolor=\"#f1f1f1\" width=\"322\"><span style=\"color: #333333;\"><strong>Motoreffekt:<\/strong><\/span><\/td>\n<td bgcolor=\"#f1f1f1\" width=\"93\"><span style=\"color: #333333;\"><strong>2,2kW<\/strong><\/span><\/td>\n<\/tr>\n<tr>\n<td width=\"322\"><span style=\"color: #333333;\"><strong>Garanti:<\/strong><\/span><\/td>\n<td width=\"93\"><span style=\"color: #333333;\"><strong>12 m\u00e5nader<\/strong><\/span><\/td>\n<\/tr>\n<tr>\n<td bgcolor=\"#f1f1f1\" width=\"322\"><span style=\"color: #333333;\"><strong>Ce m\u00e4rkt:<\/strong><\/span><\/td>\n<td bgcolor=\"#f1f1f1\" width=\"93\"><span style=\"color: #333333;\"><strong>Ja<\/strong><\/span><\/td>\n<\/tr>\n<tr>\n<td width=\"322\"><\/td>\n<td width=\"93\"><\/td>\n<\/tr>\n<tr>\n<td bgcolor=\"#f1f1f1\" width=\"322\"><\/td>\n<td bgcolor=\"#f1f1f1\" width=\"93\"><\/td>\n<\/tr>\n<tr>\n<td width=\"322\"><\/td>\n<td width=\"93\"><\/td>\n<\/tr>\n<\/tbody>\n<\/table>\n<pre class=\"western\" lang=\"en-us\" xml:lang=\"en-us\"><\/pre>\n","protected":false},"excerpt":{"rendered":"<p>&nbsp;<\/p>\n<h1><\/h1>\n<ul>\n<li>Hydraulisk<\/li>\n<li>Lyfth\u00f6jd 1800mm<\/li>\n<li>L\u00e4gsta h\u00f6jd 140mm<\/li>\n<li>Lyftkapacitet 2700kg<\/li>\n<li>Egenvikt 980kg<\/li>\n<li>400V<\/li>\n<li>Flyttbar<\/li>\n<li>Mekaniska s\u00e4kerhetsl\u00e5s som l\u00e5ses automatiskt och \u00f6ppnas manuellt<\/li>\n<li>230V eluttag<\/li>\n<\/ul>\n<p>&nbsp;<\/p>\n<p>P1-2700 \u00e4r en stabil enpelarlyft med egenvikt p\u00e5 hela 980kg och lyftkapacitet p\u00e5 2700kg vilket ger dig m\u00f6jlighet att lyfta \u00e4ven lite st\u00f6rre fordon.<\/p>\n<p>Teleskopiska lyftarmar med stor justerm\u00e5n underl\u00e4ttar ditt arbete.<\/p>\n<p>Lyftdynorna \u00e4r extra stora och\u00a0 tillverkade av oljebest\u00e4ndigt gummi.<\/p>\n<p>&nbsp;<\/p>\n<p><strong>H\u00f6g s\u00e4kerhet<\/strong><\/p>\n<p>P\u00e5 P1-2700 aktiveras s\u00e4kerhetssp\u00e4rren automatiskt n\u00e4r bilen lyfts, dessutom stoppas lyftprocessen n\u00e4r bilen n\u00e5r maximal lyfth\u00f6jd vilket garanterar perfekt s\u00e4kerhet vid anv\u00e4ndning.<\/p>\n<p>Lyften \u00e4r utrustad med n\u00f6dstopp och ljudsignal som aktiveras n\u00e4r lyften s\u00e4nks.<\/p>\n<p>&nbsp;<\/p>\n<p><strong>Mobil<\/strong><strong>\u00a0<\/strong><\/p>\n<p>Lyften fungerar ungef\u00e4r som en palltruck,vilket betyder att du flyttar den vart du vill.Det \u00e4r bara att lyfta upp och dra.<\/p>\n<p>P1-2700 beh\u00f6ver ej f\u00e4stas i golvet,utan du kan anv\u00e4nda den var du vill s\u00e5 l\u00e4nge underlaget \u00e4r h\u00e5rt och plant.<\/p>\n<p>&nbsp;<\/p>\n<p>&nbsp;<\/p>\n<p><span style=\"background-color: #f5f5f5;\"><strong>F\u00e4rdigt monterad?<\/strong><\/span><\/p>\n<p><span style=\"background-color: #f5f5f5;\">Den h\u00e4r lyften g\u00e5r att f\u00e5 som f\u00e4rdigt monterad, klar att anv\u00e4ndas.<\/span><\/p>\n<p><span style=\"background-color: #f5f5f5;\">Inkluderar fullst\u00e4ndig montering, hydraulolja, elinstallation och provk\u00f6rning.<\/span><\/p>\n<p><span style=\"background-color: #f5f5f5;\">Monteras enbart p\u00e5 best\u00e4llning.<\/span><\/p>\n<p><span style=\"background-color: #f5f5f5;\">Transport av monterad lyft kan ordnas f\u00f6rm\u00e5nligt inom ca 100km(<strong>ta kontakt f\u00f6r pris<\/strong>),eller h\u00e4mta sj\u00e4lv fr\u00e5n v\u00e5rt lager.<\/span><\/p>\n<p><span style=\"background-color: #f5f5f5;\">Transportm\u00e5tt: h\u00f6jd 255cm bredd 133cm l\u00e4ngd 233cm vikt 980 kg.<\/span><\/p>\n<p>&nbsp;<\/p>\n<p>&nbsp;<\/p>\n<p>&nbsp;<\/p>\n","protected":false},"featured_media":14151,"template":"","meta":{"_acf_changed":false,"_seopress_robots_primary_cat":"none","_seopress_titles_title":"","_seopress_titles_desc":"","_seopress_robots_index":""},"product_cat":[277,20],"product_tag":[],"class_list":{"0":"post-14107","1":"product","2":"type-product","3":"status-publish","4":"has-post-thumbnail","6":"product_cat-1-pelarlyft","7":"product_cat-lyftteknik","8":"product_shipping_class-frakt195e","10":"first","11":"outofstock","12":"sale","13":"taxable","14":"shipping-taxable","15":"purchasable","16":"product-type-simple","swatches":"rey-swatches","show_selected":""},"acf":[],"_links":{"self":[{"href":"https:\/\/toolhouse.fi\/sv\/wp-json\/wp\/v2\/product\/14107","targetHints":{"allow":["GET"]}}],"collection":[{"href":"https:\/\/toolhouse.fi\/sv\/wp-json\/wp\/v2\/product"}],"about":[{"href":"https:\/\/toolhouse.fi\/sv\/wp-json\/wp\/v2\/types\/product"}],"version-history":[{"count":2,"href":"https:\/\/toolhouse.fi\/sv\/wp-json\/wp\/v2\/product\/14107\/revisions"}],"predecessor-version":[{"id":30160,"href":"https:\/\/toolhouse.fi\/sv\/wp-json\/wp\/v2\/product\/14107\/revisions\/30160"}],"wp:featuredmedia":[{"embeddable":true,"href":"https:\/\/toolhouse.fi\/sv\/wp-json\/wp\/v2\/media\/14151"}],"wp:attachment":[{"href":"https:\/\/toolhouse.fi\/sv\/wp-json\/wp\/v2\/media?parent=14107"}],"wp:term":[{"taxonomy":"product_cat","embeddable":true,"href":"https:\/\/toolhouse.fi\/sv\/wp-json\/wp\/v2\/product_cat?post=14107"},{"taxonomy":"product_tag","embeddable":true,"href":"https:\/\/toolhouse.fi\/sv\/wp-json\/wp\/v2\/product_tag?post=14107"}],"curies":[{"name":"wp","href":"https:\/\/api.w.org\/{rel}","templated":true}]}}