{"id":14155,"date":"2023-09-12T11:00:39","date_gmt":"2023-09-12T08:00:39","guid":{"rendered":"https:\/\/toolhouse.fi\/?post_type=product&#038;p=14155"},"modified":"2025-12-18T11:59:24","modified_gmt":"2025-12-18T09:59:24","slug":"mig-261m-4r-inverter","status":"publish","type":"product","link":"https:\/\/toolhouse.fi\/sv\/produkt\/mig-261m-4r-inverter\/","title":{"rendered":"MIG 261M\/4R inverter"},"content":{"rendered":"<p>&nbsp;<\/p>\n<table class=\"table table-hover\">\n<tbody>\n<tr>\n<td class=\"param\">Tillverkare<\/td>\n<td class=\"value\">Sherman<\/td>\n<\/tr>\n<tr id=\"greybg\">\n<td class=\"param\">Modell<\/td>\n<td class=\"value\">261M\/4R inverter<\/td>\n<\/tr>\n<tr>\n<td class=\"param\">Svetsmetod<\/td>\n<td class=\"value\">\u00a0<span class=\"attribute-value\">MIG\/MAG<\/span>\u00a0,\u00a0<span class=\"attribute-value\">MMA DC, braze mig<\/span><\/td>\n<\/tr>\n<tr id=\"greybg\">\n<td class=\"param\">Sp\u00e4nning [V]<\/td>\n<td class=\"value\"><span class=\"attribute-value\">AC 230<\/span>\u00a0,\u00a0<span class=\"attribute-value\">AC 3\u00d7400<\/span><\/td>\n<\/tr>\n<tr>\n<td class=\"param\">Inverterteknik<\/td>\n<td class=\"value\"><span class=\"attribute-value\">IGBT<\/span><\/td>\n<\/tr>\n<tr id=\"greybg\">\n<td class=\"param\">Max. MMA svetsstr\u00f6m [A]<\/td>\n<td class=\"value\"><span class=\"attribute-value\">180 (230V)<\/span>\u00a0,\u00a0<span class=\"attribute-value\">250 (3x400V)<\/span><\/td>\n<\/tr>\n<tr>\n<td class=\"param\">Max. MIG\/MAG svetsstr\u00f6m [A]<\/td>\n<td class=\"value\"><span class=\"attribute-value\">180 (230V)<\/span>\u00a0,\u00a0<span class=\"attribute-value\">250 (3x400V)<\/span><\/td>\n<\/tr>\n<tr id=\"greybg\">\n<td class=\"param\">MMA arbetscykel [%]<\/td>\n<td class=\"value\"><span class=\"attribute-value\">60<\/span><\/td>\n<\/tr>\n<tr>\n<td class=\"param\">MIG\/MAG arbetscykel [%]<\/td>\n<td class=\"value\"><span class=\"attribute-value\">60<\/span><\/td>\n<\/tr>\n<tr id=\"greybg\">\n<td class=\"param\">Tomg\u00e5ngssp\u00e4nning [V]<\/td>\n<td class=\"value\"><span class=\"attribute-value\">59<\/span><\/td>\n<\/tr>\n<tr>\n<td class=\"param\">Tr\u00e5dmatning [m\/min]<\/td>\n<td class=\"value\"><span class=\"attribute-value\">3 \u2013 18<\/span><\/td>\n<\/tr>\n<tr id=\"greybg\">\n<td class=\"param\">MIG sp\u00e4nning [V]<\/td>\n<td class=\"value\"><span class=\"attribute-value\">16.5-23 (230V)<\/span>\u00a0,\u00a0<span class=\"attribute-value\">16.5-26.5 (3x400V)<\/span><\/td>\n<\/tr>\n<tr>\n<td class=\"param\">MIG eftergas [s]<\/td>\n<td class=\"value\"><span class=\"attribute-value\">0-10<\/span><\/td>\n<\/tr>\n<tr id=\"greybg\">\n<td class=\"param\">Max f\u00f6rbrukning MMA [kVA}<\/td>\n<td class=\"value\"><span class=\"attribute-value\">9.4<\/span><\/td>\n<\/tr>\n<tr>\n<td class=\"param\">Max f\u00f6rbrukning MIG\/MAG [kVA]<\/td>\n<td class=\"value\"><span class=\"attribute-value\">9.4<\/span><\/td>\n<\/tr>\n<tr id=\"greybg\">\n<td class=\"param\">Max f\u00f6rbrukning MMA [A]<\/td>\n<td class=\"value\"><span class=\"attribute-value\">12.8 (3x400V)<\/span>\u00a0,\u00a0<span class=\"attribute-value\">36.5 (230V)<\/span><\/td>\n<\/tr>\n<tr>\n<td class=\"param\">Max MIG\/MAG f\u00f6rbrukning [A]<\/td>\n<td class=\"value\"><span class=\"attribute-value\">12.1 (3x400V)<\/span>\u00a0,\u00a0<span class=\"attribute-value\">30.8 (230V)<\/span><\/td>\n<\/tr>\n<tr id=\"greybg\">\n<td class=\"param\">Tr\u00e5dspole \u00f8 [mm]<\/td>\n<td class=\"value\"><span class=\"attribute-value\">200<\/span>\u00a0,\u00a0<span class=\"attribute-value\">300<\/span><\/td>\n<\/tr>\n<tr>\n<td class=\"param\">Tr\u00e5dmatare<\/td>\n<td class=\"value\"><span class=\"attribute-value\">4RN<\/span><\/td>\n<\/tr>\n<tr id=\"greybg\">\n<td class=\"param\">Tr\u00e5dmatar rullar dimensioner [mm]<\/td>\n<td class=\"value\"><span class=\"attribute-value\">30x10x12 4Rn<\/span><\/td>\n<\/tr>\n<tr>\n<td class=\"param\">Huvudmetod<\/td>\n<td class=\"value\"><span class=\"attribute-value\">MIG\/MAG<\/span><\/td>\n<\/tr>\n<tr id=\"greybg\">\n<td class=\"param\">Funktioner<\/td>\n<td class=\"value\"><span class=\"attribute-value\">2T\/4T<\/span>\u00a0,\u00a0<span class=\"attribute-value\">36V AC eluttag<\/span> , Svetshandtag med spole som tillbeh\u00f6r(<span class=\"attribute-value\">Spool Gun)<\/span>\u00a0,\u00a0<span class=\"attribute-value\">4-rullars tr\u00e5dmatning<\/span>\u00a0,\u00a0<span class=\"attribute-value\">Eftergas (gas postflow)<\/span>\u00a0,\u00a0<span class=\"attribute-value\">Induktans reglering<\/span>\u00a0,\u00a0<span class=\"attribute-value\">Gasfri svetsning, Stegl\u00f6s justering<\/span><span class=\"attribute-value\">\u00a0inst\u00e4llningar<\/span>\u00a0,\u00a0<span class=\"attribute-value\">LED display<\/span>\u00a0,\u00a0<span class=\"attribute-value\">230\/400V, 230V adapter<\/span><\/td>\n<\/tr>\n<tr>\n<td class=\"param\">S\u00e4kring [A]<\/td>\n<td class=\"value\"><span class=\"attribute-value\">10 (3x400V)<\/span> , 16<span class=\"attribute-value\">\u00a0(230V)<\/span><\/td>\n<\/tr>\n<tr id=\"greybg\">\n<td class=\"param\">Garanti<\/p>\n<p>CE-m\u00e4rkt<\/td>\n<td class=\"value\"><span class=\"attribute-value\">12 m\u00e5nader<\/span><\/p>\n<p>Ja<\/td>\n<\/tr>\n<tr>\n<td class=\"param\">Vikt [kg]<\/td>\n<td class=\"value\">68.05<\/td>\n<\/tr>\n<tr id=\"greybg\">\n<td class=\"param\">Dimensioner (L x B x H) [cm]<\/p>\n<p>Tillverkningsland<\/td>\n<td class=\"value\">93 x 43.5 x 69.5<\/p>\n<p>Polen<\/td>\n<\/tr>\n<\/tbody>\n<\/table>\n","protected":false},"excerpt":{"rendered":"<p><img alt=\"\" fetchpriority=\"high\" decoding=\"async\" class=\"alignnone size-full wp-image-14156\" src=\"http:\/\/toolhouse.fi\/wp-content\/uploads\/2023\/09\/poli.jpg\" alt=\"\" width=\"1125\" height=\"85\" srcset=\"https:\/\/toolhouse.fi\/wp-content\/uploads\/2023\/09\/poli.jpg 1125w, https:\/\/toolhouse.fi\/wp-content\/uploads\/2023\/09\/poli-300x23.jpg 300w, https:\/\/toolhouse.fi\/wp-content\/uploads\/2023\/09\/poli-1000x76.jpg 1000w, https:\/\/toolhouse.fi\/wp-content\/uploads\/2023\/09\/poli-1024x77.jpg 1024w, https:\/\/toolhouse.fi\/wp-content\/uploads\/2023\/09\/poli-768x58.jpg 768w\" sizes=\"(max-width: 1125px) 100vw, 1125px\" \/><\/p>\n<p><strong>Sherman 261M\/4R<\/strong> \u00e4r en 250A mig\/mag svets ur Shermans toppsegment.<\/p>\n<p>Inverterteknik av andra generationen och 4-rullars tr\u00e5dmatning s\u00e4kerst\u00e4ller perfekt resultat i b\u00e5de tunnpl\u00e5t och gr\u00f6vre material.<\/p>\n<p>Tr\u00e5dmatning och svetssp\u00e4nning med noggrann justering samt justerbar induktans m\u00f6jligg\u00f6r snabba och exakta inst\u00e4llningar.<\/p>\n<p>&nbsp;<\/p>\n<p><strong>261M fungerar b\u00e5de med 400V och 230V.<\/strong><\/p>\n<p>Svetsen har 3-fas 400V st\u00f6psel och max svetsstr\u00f6m p\u00e5 250A, den fungerar \u00e4ven p\u00e5 230V med medf\u00f6ljande adapter, d\u00e5 \u00e4r max svetsstr\u00f6m 180A.<\/p>\n<p>Detta \u00e4r unikt f\u00f6r 261M och till\u00e5ter anv\u00e4ndning i de flesta utrymmen, 261M \u00e4ndrar automatiskt till 230V d\u00e5 adaptern ansluts.<\/p>\n<p>&nbsp;<\/p>\n<ul>\n<li>400V \/ 230V<\/li>\n<li><span class=\"attribute-value\">MIG\/MAG<\/span>\u00a0,\u00a0<span class=\"attribute-value\">MMA DC, Braze welding<\/span><\/li>\n<li>2T\/4T<\/li>\n<li>Eftergas justering<\/li>\n<li>Induktans stegl\u00f6s reglering<\/li>\n<li>Fungerar med K-200 (5 kg) och K-300 (15) kg tr\u00e5dspolar.<\/li>\n<li><span class=\"attribute-value\">Braze welding f\u00f6r galvaniserat st\u00e5l, tunnpl\u00e5t mm.<\/span>\u00a0,<\/li>\n<li>L\u00e4ttanv\u00e4nd man\u00f6verpanel med stegl\u00f6s justering och LED-display<\/li>\n<li>4-rullars tr\u00e5dmatning<\/li>\n<li>M\u00f6jlighet till MMA-svetstning ger flexibilitet att svetsa olika typer av material<br \/>\nSnabb, verktygsl\u00f6s polaritets\u00e4ndring p\u00e5 framsidan av maskinen<\/li>\n<li>Matarhus belyst med LED-ljus<\/li>\n<li>L\u00e4tt att flytta p\u00e5 stora hjul<\/li>\n<\/ul>\n<p>&nbsp;<\/p>\n<p>&nbsp;<\/p>\n<p><strong>Standardutrustning<\/strong><\/p>\n<ul>\n<li>Sherman 261M\/4R<\/li>\n<li>TW-25 slangpaket p\u00e5 4 meter med Euro-koppling av universaltyp.<\/li>\n<li>Jordningskabel med kl\u00e4mma<\/li>\n<li>Mma kabel<\/li>\n<li>230V adapter<\/li>\n<li>Bruksanvisning<\/li>\n<\/ul>\n<h4><a href=\"https:\/\/www.youtube.com\/watch?v=aCb7rLFVGqg&amp;t=203s\" target=\"_blank\" rel=\"noopener\"><img alt=\"\" decoding=\"async\" class=\"alignnone wp-image-13410 \" src=\"http:\/\/toolhouse.fi\/wp-content\/uploads\/2023\/05\/6-61265_-play-button-150x150.jpg\" sizes=\"(max-width: 78px) 100vw, 78px\" srcset=\"http:\/\/toolhouse.fi\/wp-content\/uploads\/2023\/05\/6-61265_-play-button-150x150.jpg 150w, http:\/\/toolhouse.fi\/wp-content\/uploads\/2023\/05\/6-61265_-play-button-100x100.jpg 100w\" alt=\"\" width=\"78\" height=\"78\" \/><\/a><a href=\"https:\/\/www.youtube.com\/watch?v=aCb7rLFVGqg&amp;t=203s\" target=\"_blank\" rel=\"noopener\"><strong><span lang=\"fi\">L\u00e4nk till produktvideo<\/span><\/strong><\/a><\/h4>\n","protected":false},"featured_media":14158,"template":"","meta":{"_acf_changed":false,"_seopress_robots_primary_cat":"none","_seopress_titles_title":"","_seopress_titles_desc":"","_seopress_robots_index":""},"product_cat":[596,332,55],"product_tag":[],"class_list":{"0":"post-14155","1":"product","2":"type-product","3":"status-publish","4":"has-post-thumbnail","6":"product_cat-mig-svetsar","7":"product_cat-mig-svets","8":"product_cat-svets-metallarbete","9":"product_shipping_class-frakt-75","11":"first","12":"instock","13":"taxable","14":"shipping-taxable","15":"purchasable","16":"product-type-simple","swatches":"rey-swatches","show_selected":""},"acf":[],"_links":{"self":[{"href":"https:\/\/toolhouse.fi\/sv\/wp-json\/wp\/v2\/product\/14155","targetHints":{"allow":["GET"]}}],"collection":[{"href":"https:\/\/toolhouse.fi\/sv\/wp-json\/wp\/v2\/product"}],"about":[{"href":"https:\/\/toolhouse.fi\/sv\/wp-json\/wp\/v2\/types\/product"}],"version-history":[{"count":0,"href":"https:\/\/toolhouse.fi\/sv\/wp-json\/wp\/v2\/product\/14155\/revisions"}],"wp:featuredmedia":[{"embeddable":true,"href":"https:\/\/toolhouse.fi\/sv\/wp-json\/wp\/v2\/media\/14158"}],"wp:attachment":[{"href":"https:\/\/toolhouse.fi\/sv\/wp-json\/wp\/v2\/media?parent=14155"}],"wp:term":[{"taxonomy":"product_cat","embeddable":true,"href":"https:\/\/toolhouse.fi\/sv\/wp-json\/wp\/v2\/product_cat?post=14155"},{"taxonomy":"product_tag","embeddable":true,"href":"https:\/\/toolhouse.fi\/sv\/wp-json\/wp\/v2\/product_tag?post=14155"}],"curies":[{"name":"wp","href":"https:\/\/api.w.org\/{rel}","templated":true}]}}