{"id":14226,"date":"2023-09-16T15:45:41","date_gmt":"2023-09-16T12:45:41","guid":{"rendered":"https:\/\/toolhouse.fi\/?post_type=product&#038;p=14226"},"modified":"2024-10-16T10:36:02","modified_gmt":"2024-10-16T07:36:02","slug":"kontaktrorshallare-tw25","status":"publish","type":"product","link":"https:\/\/toolhouse.fi\/sv\/produkt\/kontaktrorshallare-tw25\/","title":{"rendered":"Kontaktr\u00f6rsh\u00e5llare TW25"},"content":{"rendered":"","protected":false},"excerpt":{"rendered":"<p>Sherman kontaktr\u00f6rsh\u00e5llare mig\/mag.<\/p>\n<p>Passar till svetshandag TW25 mfl.<\/p>\n<ul>\n<li>Innerg\u00e4nga M6<\/li>\n<li>Ytterg\u00e4nga M8<\/li>\n<li>L\u00e4ngd 35mm<\/li>\n<\/ul>\n","protected":false},"featured_media":14229,"template":"","meta":{"_acf_changed":false,"_seopress_robots_primary_cat":"","_seopress_titles_title":"","_seopress_titles_desc":"","_seopress_robots_index":""},"product_cat":[332,597],"product_tag":[],"class_list":{"0":"post-14226","1":"product","2":"type-product","3":"status-publish","4":"has-post-thumbnail","6":"product_cat-mig-svets","7":"product_cat-mig-tillbehor","8":"product_shipping_class-frakt-75","10":"first","11":"instock","12":"taxable","13":"shipping-taxable","14":"purchasable","15":"product-type-simple","swatches":"rey-swatches","show_selected":""},"acf":[],"_links":{"self":[{"href":"https:\/\/toolhouse.fi\/sv\/wp-json\/wp\/v2\/product\/14226","targetHints":{"allow":["GET"]}}],"collection":[{"href":"https:\/\/toolhouse.fi\/sv\/wp-json\/wp\/v2\/product"}],"about":[{"href":"https:\/\/toolhouse.fi\/sv\/wp-json\/wp\/v2\/types\/product"}],"version-history":[{"count":1,"href":"https:\/\/toolhouse.fi\/sv\/wp-json\/wp\/v2\/product\/14226\/revisions"}],"predecessor-version":[{"id":18372,"href":"https:\/\/toolhouse.fi\/sv\/wp-json\/wp\/v2\/product\/14226\/revisions\/18372"}],"wp:featuredmedia":[{"embeddable":true,"href":"https:\/\/toolhouse.fi\/sv\/wp-json\/wp\/v2\/media\/14229"}],"wp:attachment":[{"href":"https:\/\/toolhouse.fi\/sv\/wp-json\/wp\/v2\/media?parent=14226"}],"wp:term":[{"taxonomy":"product_cat","embeddable":true,"href":"https:\/\/toolhouse.fi\/sv\/wp-json\/wp\/v2\/product_cat?post=14226"},{"taxonomy":"product_tag","embeddable":true,"href":"https:\/\/toolhouse.fi\/sv\/wp-json\/wp\/v2\/product_tag?post=14226"}],"curies":[{"name":"wp","href":"https:\/\/api.w.org\/{rel}","templated":true}]}}