{"id":14376,"date":"2023-10-06T10:18:15","date_gmt":"2023-10-06T07:18:15","guid":{"rendered":"https:\/\/toolhouse.fi\/?post_type=product&#038;p=14376"},"modified":"2025-10-27T11:55:28","modified_gmt":"2025-10-27T09:55:28","slug":"fiac-compact-kompressor-med-slangvinda","status":"publish","type":"product","link":"https:\/\/toolhouse.fi\/sv\/produkt\/fiac-compact-kompressor-med-slangvinda\/","title":{"rendered":"Fiac v\u00e4ggkompressor"},"content":{"rendered":"","protected":false},"excerpt":{"rendered":"<p>Fiac wallair compact \u00e4r en beh\u00e4ndig oljefri kompressor med integrerad slangvinda.<\/p>\n<p>Levereras med snabbkoppling, renbl\u00e5sningspistol och sv\u00e4ngbart v\u00e4ggf\u00e4ste.<\/p>\n<p>Klar att anv\u00e4ndas, bara att skruva fast i v\u00e4ggen och plugga in i eluttaget..<\/p>\n<p>&nbsp;<\/p>\n<table>\n<tbody>\n<tr>\n<td><strong><span class=\"\">Fabrikat<\/span><\/strong><\/td>\n<td><strong>Fiac<\/strong><\/td>\n<\/tr>\n<tr>\n<td><strong>Modell<\/strong><\/td>\n<td><strong>Wallair compact<\/strong><\/td>\n<\/tr>\n<tr>\n<td><strong>Tryckfl\u00f6de (L\/Min)<\/strong><\/td>\n<td><strong>160<\/strong><\/td>\n<\/tr>\n<tr>\n<td><strong>Tryck (bar)<\/strong><\/td>\n<td><strong>8<\/strong><\/td>\n<\/tr>\n<tr>\n<td><strong>Effekt (KW\/HP)<\/strong><\/td>\n<td><strong>1,1\/1,5<\/strong><\/td>\n<\/tr>\n<tr>\n<td><strong>Sp\u00e4nning (V)<\/strong><\/td>\n<td><strong>230<\/strong><\/td>\n<\/tr>\n<tr>\n<td><strong>Slangl\u00e4ngd (m)<\/strong><\/td>\n<td><strong>7<\/strong><\/td>\n<\/tr>\n<tr>\n<td><strong>Vikt (kg)<\/strong><\/td>\n<td><strong>6,1<\/strong><\/td>\n<\/tr>\n<tr>\n<td><strong>Varvtal (rpm)<\/strong><\/td>\n<td><strong>3450<\/strong><\/td>\n<\/tr>\n<tr>\n<td><strong>Bredd (mm)<\/strong><\/td>\n<td><strong>215<\/strong><\/td>\n<\/tr>\n<tr>\n<td><strong>H\u00f6jd (mm)<\/strong><\/td>\n<td><strong>295<\/strong><\/td>\n<\/tr>\n<tr>\n<td><strong>L\u00e4ngd (mm)<\/strong><\/td>\n<td><strong><span class=\"goog-text-highlight\">290<\/span><\/strong><\/td>\n<\/tr>\n<\/tbody>\n<\/table>\n<table style=\"height: 66px;\" width=\"185\">\n<tbody>\n<tr>\n<td><strong><span class=\"\">Ce m\u00e4rkt<\/span><\/strong><\/td>\n<td><strong>Ja<\/strong><\/td>\n<\/tr>\n<tr>\n<td><strong>Garanti<\/strong><\/td>\n<td><strong>12 m\u00e5nader<\/strong><\/td>\n<\/tr>\n<\/tbody>\n<\/table>\n<p><img alt=\"\" fetchpriority=\"high\" decoding=\"async\" class=\"size-full wp-image-14395 alignright\" src=\"http:\/\/toolhouse.fi\/wp-content\/uploads\/2023\/10\/wall.jpg\" alt=\"\" width=\"296\" height=\"300\" srcset=\"https:\/\/toolhouse.fi\/wp-content\/uploads\/2023\/10\/wall.jpg 296w, https:\/\/toolhouse.fi\/wp-content\/uploads\/2023\/10\/wall-100x100.jpg 100w\" sizes=\"(max-width: 296px) 100vw, 296px\" \/><\/p>\n","protected":false},"featured_media":14389,"template":"","meta":{"_acf_changed":false,"_seopress_robots_primary_cat":"none","_seopress_titles_title":"","_seopress_titles_desc":"","_seopress_robots_index":""},"product_cat":[317,216,330],"product_tag":[],"class_list":{"0":"post-14376","1":"product","2":"type-product","3":"status-publish","4":"has-post-thumbnail","6":"product_cat-kompressorer","7":"product_cat-tryckluft-och-kompressor","8":"product_cat-tryckluft-ovrigt","9":"product_shipping_class-k-160","11":"first","12":"instock","13":"sale","14":"taxable","15":"shipping-taxable","16":"purchasable","17":"product-type-simple","swatches":"rey-swatches","show_selected":""},"acf":[],"_links":{"self":[{"href":"https:\/\/toolhouse.fi\/sv\/wp-json\/wp\/v2\/product\/14376","targetHints":{"allow":["GET"]}}],"collection":[{"href":"https:\/\/toolhouse.fi\/sv\/wp-json\/wp\/v2\/product"}],"about":[{"href":"https:\/\/toolhouse.fi\/sv\/wp-json\/wp\/v2\/types\/product"}],"version-history":[{"count":1,"href":"https:\/\/toolhouse.fi\/sv\/wp-json\/wp\/v2\/product\/14376\/revisions"}],"predecessor-version":[{"id":18369,"href":"https:\/\/toolhouse.fi\/sv\/wp-json\/wp\/v2\/product\/14376\/revisions\/18369"}],"wp:featuredmedia":[{"embeddable":true,"href":"https:\/\/toolhouse.fi\/sv\/wp-json\/wp\/v2\/media\/14389"}],"wp:attachment":[{"href":"https:\/\/toolhouse.fi\/sv\/wp-json\/wp\/v2\/media?parent=14376"}],"wp:term":[{"taxonomy":"product_cat","embeddable":true,"href":"https:\/\/toolhouse.fi\/sv\/wp-json\/wp\/v2\/product_cat?post=14376"},{"taxonomy":"product_tag","embeddable":true,"href":"https:\/\/toolhouse.fi\/sv\/wp-json\/wp\/v2\/product_tag?post=14376"}],"curies":[{"name":"wp","href":"https:\/\/api.w.org\/{rel}","templated":true}]}}